{"id":3943,"date":"2017-09-19T15:39:14","date_gmt":"2017-09-19T13:39:14","guid":{"rendered":"http:\/\/autismeurope.akimedia.eu\/fr\/?page_id=3943"},"modified":"2026-01-28T14:06:18","modified_gmt":"2026-01-28T13:06:18","slug":"congres-internationaux","status":"publish","type":"page","link":"https:\/\/www.autismeurope.org\/fr\/que-faisons-nous\/congres-internationaux\/","title":{"rendered":"Congr\u00e8s internationaux"},"content":{"rendered":"<p><span style=\"font-size: 12pt\">Les congr\u00e8s internationaux d\u2019Autisme-Europe sont d\u00e9di\u00e9s \u00e0 la diss\u00e9mination des derni\u00e8res connaissances pratiques et scientifiques dans le domaine de l\u2019autisme aupr\u00e8s d\u2019un public aussi large que possible et compos\u00e9, notamment, de personnes autistes, de chercheurs, de professionnels et de parents.<\/span><\/p>\n<blockquote><p><span style=\"font-size: 12pt\"><strong>Prochain congr\u00e8s : <\/strong>Bilbao 2028<\/span><\/p>\n<p><span style=\"font-size: 12pt\"><a href=\"https:\/\/www.autismeurope.org\/what-we-do\/international-congresses\/previous-congresses\/14th-autism-europe-international-congress-dublin-ireland-2025\/\"><strong>Veuillez d\u00e9couvrir les sessions du dernier congr\u00e8s : Dublin 2025<\/strong><\/a><\/span><\/p>\n<p><span style=\"font-size: 12pt\"><a href=\"http:\/\/www.autismeurope.org\/fr\/que-faisons-nous\/congres-internationaux\/congres-precedents\/\" target=\"_blank\" rel=\"noopener noreferrer\"><strong>Acc\u00e9dez \u00e0 tous les congr\u00e8s pr\u00e9c\u00e9dents (information disponible en anglais)<\/strong><\/a><\/span><\/p><\/blockquote>\n","protected":false},"excerpt":{"rendered":"<p>Les congr\u00e8s internationaux d\u2019Autisme-Europe sont d\u00e9di\u00e9s \u00e0 la diss\u00e9mination des derni\u00e8res connaissances pratiques et scientifiques dans le domaine de l\u2019autisme aupr\u00e8s d\u2019un public aussi large que possible et compos\u00e9, notamment, &hellip; <\/p>\n<p class=\"link-more\"><a href=\"https:\/\/www.autismeurope.org\/fr\/que-faisons-nous\/congres-internationaux\/\" class=\"more-link\">Continue reading<span class=\"screen-reader-text\"> \u00ab\u00a0Congr\u00e8s internationaux\u00a0\u00bb<\/span><\/a><\/p>\n","protected":false},"author":32,"featured_media":0,"parent":105,"menu_order":5,"comment_status":"closed","ping_status":"closed","template":"","meta":{"_acf_changed":false,"_bbp_topic_count":0,"_bbp_reply_count":0,"_bbp_total_topic_count":0,"_bbp_total_reply_count":0,"_bbp_voice_count":0,"_bbp_anonymous_reply_count":0,"_bbp_topic_count_hidden":0,"_bbp_reply_count_hidden":0,"_bbp_forum_subforum_count":0,"footnotes":""},"class_list":["post-3943","page","type-page","status-publish","hentry"],"acf":[],"_links":{"self":[{"href":"https:\/\/www.autismeurope.org\/fr\/wp-json\/wp\/v2\/pages\/3943","targetHints":{"allow":["GET"]}}],"collection":[{"href":"https:\/\/www.autismeurope.org\/fr\/wp-json\/wp\/v2\/pages"}],"about":[{"href":"https:\/\/www.autismeurope.org\/fr\/wp-json\/wp\/v2\/types\/page"}],"author":[{"embeddable":true,"href":"https:\/\/www.autismeurope.org\/fr\/wp-json\/wp\/v2\/users\/32"}],"replies":[{"embeddable":true,"href":"https:\/\/www.autismeurope.org\/fr\/wp-json\/wp\/v2\/comments?post=3943"}],"version-history":[{"count":13,"href":"https:\/\/www.autismeurope.org\/fr\/wp-json\/wp\/v2\/pages\/3943\/revisions"}],"predecessor-version":[{"id":50784,"href":"https:\/\/www.autismeurope.org\/fr\/wp-json\/wp\/v2\/pages\/3943\/revisions\/50784"}],"up":[{"embeddable":true,"href":"https:\/\/www.autismeurope.org\/fr\/wp-json\/wp\/v2\/pages\/105"}],"wp:attachment":[{"href":"https:\/\/www.autismeurope.org\/fr\/wp-json\/wp\/v2\/media?parent=3943"}],"curies":[{"name":"wp","href":"https:\/\/api.w.org\/{rel}","templated":true}]}}