{"id":3963,"date":"2017-09-19T16:02:51","date_gmt":"2017-09-19T14:02:51","guid":{"rendered":"http:\/\/autismeurope.akimedia.eu\/fr\/?page_id=3963"},"modified":"2017-09-19T16:03:42","modified_gmt":"2017-09-19T14:03:42","slug":"partenariat-avec-les-entreprises","status":"publish","type":"page","link":"https:\/\/www.autismeurope.org\/fr\/impliquez-vous\/partenariat-avec-les-entreprises\/","title":{"rendered":"Partenariat avec les entreprises"},"content":{"rendered":"<p><span style=\"font-size: 12pt\">Votre entreprise peut participer \u00e0 des activit\u00e9s de collecte de fonds ou sponsoriser une activit\u00e9 ou un \u00e9v\u00e9nement. Contactez-nous via <a href=\"mailto:secretariat@autismeurope.org\">secretariat@autismeurope.org<\/a> afin de discuter des possibilit\u00e9s de partenariat avec notre \u00e9quipe. En tant que sponsor, le logo de votre entreprise avec l\u2019hyperlien de votre page Internet apparaitra sur le site web d\u2019Autisme-Europe.<\/span><\/p>\n<p><span style=\"font-size: 12pt\">Vous pouvez aussi explorer les possibilit\u00e9s d\u2019ins\u00e9rer votre publicit\u00e9 dans notre magazine LINK ou d\u2019\u00eatre visible lors de nos congr\u00e8s internationaux.<\/span><\/p>\n","protected":false},"excerpt":{"rendered":"<p>Votre entreprise peut participer \u00e0 des activit\u00e9s de collecte de fonds ou sponsoriser une activit\u00e9 ou un \u00e9v\u00e9nement. Contactez-nous via secretariat@autismeurope.org afin de discuter des possibilit\u00e9s de partenariat avec notre &hellip; <\/p>\n<p class=\"link-more\"><a href=\"https:\/\/www.autismeurope.org\/fr\/impliquez-vous\/partenariat-avec-les-entreprises\/\" class=\"more-link\">Continue reading<span class=\"screen-reader-text\"> \u00ab\u00a0Partenariat avec les entreprises\u00a0\u00bb<\/span><\/a><\/p>\n","protected":false},"author":32,"featured_media":0,"parent":104,"menu_order":3,"comment_status":"closed","ping_status":"closed","template":"","meta":{"_acf_changed":false,"_bbp_topic_count":0,"_bbp_reply_count":0,"_bbp_total_topic_count":0,"_bbp_total_reply_count":0,"_bbp_voice_count":0,"_bbp_anonymous_reply_count":0,"_bbp_topic_count_hidden":0,"_bbp_reply_count_hidden":0,"_bbp_forum_subforum_count":0,"footnotes":""},"class_list":["post-3963","page","type-page","status-publish","hentry"],"acf":[],"_links":{"self":[{"href":"https:\/\/www.autismeurope.org\/fr\/wp-json\/wp\/v2\/pages\/3963","targetHints":{"allow":["GET"]}}],"collection":[{"href":"https:\/\/www.autismeurope.org\/fr\/wp-json\/wp\/v2\/pages"}],"about":[{"href":"https:\/\/www.autismeurope.org\/fr\/wp-json\/wp\/v2\/types\/page"}],"author":[{"embeddable":true,"href":"https:\/\/www.autismeurope.org\/fr\/wp-json\/wp\/v2\/users\/32"}],"replies":[{"embeddable":true,"href":"https:\/\/www.autismeurope.org\/fr\/wp-json\/wp\/v2\/comments?post=3963"}],"version-history":[{"count":2,"href":"https:\/\/www.autismeurope.org\/fr\/wp-json\/wp\/v2\/pages\/3963\/revisions"}],"predecessor-version":[{"id":3965,"href":"https:\/\/www.autismeurope.org\/fr\/wp-json\/wp\/v2\/pages\/3963\/revisions\/3965"}],"up":[{"embeddable":true,"href":"https:\/\/www.autismeurope.org\/fr\/wp-json\/wp\/v2\/pages\/104"}],"wp:attachment":[{"href":"https:\/\/www.autismeurope.org\/fr\/wp-json\/wp\/v2\/media?parent=3963"}],"curies":[{"name":"wp","href":"https:\/\/api.w.org\/{rel}","templated":true}]}}