{"id":3966,"date":"2017-09-19T16:06:52","date_gmt":"2017-09-19T14:06:52","guid":{"rendered":"http:\/\/autismeurope.akimedia.eu\/fr\/?page_id=3966"},"modified":"2018-08-10T11:02:18","modified_gmt":"2018-08-10T09:02:18","slug":"forum-prive","status":"publish","type":"page","link":"https:\/\/www.autismeurope.org\/fr\/impliquez-vous\/forum-prive\/","title":{"rendered":"Forum priv\u00e9"},"content":{"rendered":"<p><span style=\"font-size: 12pt;\">L\u2019espace de discussion offre l\u2019opportunit\u00e9 de faire de nouveaux contacts, de partager des id\u00e9es, des exp\u00e9riences et des conseils et aussi d\u2019obtenir du soutien et des conseils d\u2019autres personnes.<\/span><\/p>\n<p><span style=\"font-size: 12pt;\">Veuillez remplir le formulaire suivant pour demander l\u2019acc\u00e8s au forum :<\/span><\/p>\n<p><span style=\"font-size: 12pt;\">Votre nom d\u2019utilisateur doit \u00eatre unique et ne pourra plus \u00eatre modifi\u00e9 par la suite.<\/span><\/p>\n<p><span style=\"font-size: 12pt;\">Nous utiliserons votre adresse \u00e9lectronique pour vous communiquer votre mot de passe s\u00e9curis\u00e9 et v\u00e9rifier votre compte.<\/span><\/p>\n<p>&nbsp;<\/p>\n<p><span style=\"font-size: 12pt;\">\n<form method=\"post\" action=\"https:\/\/www.autismeurope.org\/wp-login.php\" class=\"bbp-login-form\">\n\t<fieldset class=\"bbp-form\">\n\t\t<legend>Cr\u00e9er un compte<\/legend>\n\n\t\t\n\t\t<div class=\"bbp-template-notice\">\n\t\t\t<ul>\n\t\t\t\t<li>Votre identifiant doit \u00eatre unique et ne peut pas \u00eatre modifi\u00e9 ult\u00e9rieurement.<\/li>\n\t\t\t\t<li>Nous utilisons votre adresse &eacute;lectronique pour vous envoyer un mot de passe s&eacute;curis&eacute; et v&eacute;rifier votre compte.<\/li>\n\t\t\t<\/ul>\n\t\t<\/div>\n\n\t\t<div class=\"bbp-username\">\n\t\t\t<label for=\"user_login\">Identifiant: <\/label>\n\t\t\t<input type=\"text\" name=\"user_login\" value=\"\" size=\"20\" id=\"user_login\" maxlength=\"100\" autocomplete=\"off\" \/>\n\t\t<\/div>\n\n\t\t<div class=\"bbp-email\">\n\t\t\t<label for=\"user_email\">E-mail: <\/label>\n\t\t\t<input type=\"text\" name=\"user_email\" value=\"\" size=\"20\" id=\"user_email\" maxlength=\"100\" autocomplete=\"off\" \/>\n\t\t<\/div>\n\n\t\t<div class=\"wppb-form-field wppb-recaptcha\" style=\"margin-left:-14px; margin-bottom: 15px;\"><label for=\"recaptcha_response_field\" style=\"padding-left:15px; padding-bottom:7px;\">Captcha<\/label><div id=\"wppb-recaptcha-element-1\" class=\"wppb-recaptcha-element \"><\/div><\/div>\n\t\t<div class=\"bbp-submit-wrapper\">\n\n\t\t\t<button type=\"submit\" name=\"user-submit\" class=\"button submit user-submit\">Inscription<\/button>\n\n\t\t\t\n\t<input type=\"hidden\" name=\"action\"      value=\"register\" \/>\n\t<input type=\"hidden\" name=\"user-cookie\" value=\"1\" \/>\n\n\t<input type=\"hidden\" id=\"bbp_redirect_to\" name=\"redirect_to\" value=\"?checkemail=registered\" \/><input type=\"hidden\" id=\"_wpnonce\" name=\"_wpnonce\" value=\"129dc51db8\" \/><input type=\"hidden\" name=\"_wp_http_referer\" value=\"\/fr\/wp-json\/wp\/v2\/pages\/3966\" \/>\n\t\t<\/div>\n\n\t\t\n\t<\/fieldset>\n<\/form>\n<\/span><\/p>\n","protected":false},"excerpt":{"rendered":"<p>L\u2019espace de discussion offre l\u2019opportunit\u00e9 de faire de nouveaux contacts, de partager des id\u00e9es, des exp\u00e9riences et des conseils et aussi d\u2019obtenir du soutien et des conseils d\u2019autres personnes. Veuillez &hellip; <\/p>\n<p class=\"link-more\"><a href=\"https:\/\/www.autismeurope.org\/fr\/impliquez-vous\/forum-prive\/\" class=\"more-link\">Continue reading<span class=\"screen-reader-text\"> \u00ab\u00a0Forum priv\u00e9\u00a0\u00bb<\/span><\/a><\/p>\n","protected":false},"author":32,"featured_media":0,"parent":104,"menu_order":4,"comment_status":"closed","ping_status":"closed","template":"","meta":{"_acf_changed":false,"_bbp_topic_count":0,"_bbp_reply_count":0,"_bbp_total_topic_count":0,"_bbp_total_reply_count":0,"_bbp_voice_count":0,"_bbp_anonymous_reply_count":0,"_bbp_topic_count_hidden":0,"_bbp_reply_count_hidden":0,"_bbp_forum_subforum_count":0,"footnotes":""},"class_list":["post-3966","page","type-page","status-publish","hentry"],"acf":[],"_links":{"self":[{"href":"https:\/\/www.autismeurope.org\/fr\/wp-json\/wp\/v2\/pages\/3966","targetHints":{"allow":["GET"]}}],"collection":[{"href":"https:\/\/www.autismeurope.org\/fr\/wp-json\/wp\/v2\/pages"}],"about":[{"href":"https:\/\/www.autismeurope.org\/fr\/wp-json\/wp\/v2\/types\/page"}],"author":[{"embeddable":true,"href":"https:\/\/www.autismeurope.org\/fr\/wp-json\/wp\/v2\/users\/32"}],"replies":[{"embeddable":true,"href":"https:\/\/www.autismeurope.org\/fr\/wp-json\/wp\/v2\/comments?post=3966"}],"version-history":[{"count":2,"href":"https:\/\/www.autismeurope.org\/fr\/wp-json\/wp\/v2\/pages\/3966\/revisions"}],"predecessor-version":[{"id":27182,"href":"https:\/\/www.autismeurope.org\/fr\/wp-json\/wp\/v2\/pages\/3966\/revisions\/27182"}],"up":[{"embeddable":true,"href":"https:\/\/www.autismeurope.org\/fr\/wp-json\/wp\/v2\/pages\/104"}],"wp:attachment":[{"href":"https:\/\/www.autismeurope.org\/fr\/wp-json\/wp\/v2\/media?parent=3966"}],"curies":[{"name":"wp","href":"https:\/\/api.w.org\/{rel}","templated":true}]}}