{"id":3968,"date":"2017-09-19T16:08:34","date_gmt":"2017-09-19T14:08:34","guid":{"rendered":"http:\/\/autismeurope.akimedia.eu\/fr\/?page_id=3968"},"modified":"2023-02-27T17:40:24","modified_gmt":"2023-02-27T16:40:24","slug":"postes-vacants","status":"publish","type":"page","link":"https:\/\/www.autismeurope.org\/fr\/impliquez-vous\/postes-vacants\/","title":{"rendered":"Postes vacants"},"content":{"rendered":"<blockquote><p><strong><span style=\"font-size: 12pt\"><span style=\"color: #000000\">Pour plus de opportunit\u00e9s professionnelles au sein des institutions europ\u00e9ennes,<\/span> <a href=\"https:\/\/www.autismeurope.org\/fr\/impliquez-vous\/reseau-dorganisations-oeuvrant-pour-la-diversite-et-linclusion-de-lepso\/\" target=\"_blank\" rel=\"noopener\">cliquez ici<\/a>.<\/span><\/strong><\/p>\n<ul>\n<li><span style=\"font-size: 12pt\"><span style=\"color: #000000\">L&rsquo;UE croit en l&rsquo;\u00e9galit\u00e9 et la diversit\u00e9 et les promeut activement dans toutes ses s\u00e9lections. Vous pouvez trouver plus d&rsquo;informations sur la politique d&rsquo;\u00e9galit\u00e9 des chances et de diversit\u00e9 de l&rsquo;EPSO en<\/span> <a href=\"https:\/\/epso.europa.eu\/how-to-apply\/equal-opportunities_fr\" target=\"_blank\" rel=\"noopener\">cliquant ici<\/a>.<\/span><\/li>\n<\/ul>\n<\/blockquote>\n","protected":false},"excerpt":{"rendered":"<p>Pour plus de opportunit\u00e9s professionnelles au sein des institutions europ\u00e9ennes, cliquez ici. L&rsquo;UE croit en l&rsquo;\u00e9galit\u00e9 et la diversit\u00e9 et les promeut activement dans toutes ses s\u00e9lections. Vous pouvez trouver &hellip; <\/p>\n<p class=\"link-more\"><a href=\"https:\/\/www.autismeurope.org\/fr\/impliquez-vous\/postes-vacants\/\" class=\"more-link\">Continue reading<span class=\"screen-reader-text\"> \u00ab\u00a0Postes vacants\u00a0\u00bb<\/span><\/a><\/p>\n","protected":false},"author":32,"featured_media":0,"parent":104,"menu_order":5,"comment_status":"closed","ping_status":"closed","template":"","meta":{"_acf_changed":false,"_bbp_topic_count":0,"_bbp_reply_count":0,"_bbp_total_topic_count":0,"_bbp_total_reply_count":0,"_bbp_voice_count":0,"_bbp_anonymous_reply_count":0,"_bbp_topic_count_hidden":0,"_bbp_reply_count_hidden":0,"_bbp_forum_subforum_count":0,"footnotes":""},"class_list":["post-3968","page","type-page","status-publish","hentry"],"acf":[],"_links":{"self":[{"href":"https:\/\/www.autismeurope.org\/fr\/wp-json\/wp\/v2\/pages\/3968","targetHints":{"allow":["GET"]}}],"collection":[{"href":"https:\/\/www.autismeurope.org\/fr\/wp-json\/wp\/v2\/pages"}],"about":[{"href":"https:\/\/www.autismeurope.org\/fr\/wp-json\/wp\/v2\/types\/page"}],"author":[{"embeddable":true,"href":"https:\/\/www.autismeurope.org\/fr\/wp-json\/wp\/v2\/users\/32"}],"replies":[{"embeddable":true,"href":"https:\/\/www.autismeurope.org\/fr\/wp-json\/wp\/v2\/comments?post=3968"}],"version-history":[{"count":26,"href":"https:\/\/www.autismeurope.org\/fr\/wp-json\/wp\/v2\/pages\/3968\/revisions"}],"predecessor-version":[{"id":47406,"href":"https:\/\/www.autismeurope.org\/fr\/wp-json\/wp\/v2\/pages\/3968\/revisions\/47406"}],"up":[{"embeddable":true,"href":"https:\/\/www.autismeurope.org\/fr\/wp-json\/wp\/v2\/pages\/104"}],"wp:attachment":[{"href":"https:\/\/www.autismeurope.org\/fr\/wp-json\/wp\/v2\/media?parent=3968"}],"curies":[{"name":"wp","href":"https:\/\/api.w.org\/{rel}","templated":true}]}}