{"id":3974,"date":"2017-09-19T16:15:39","date_gmt":"2017-09-19T14:15:39","guid":{"rendered":"http:\/\/autismeurope.akimedia.eu\/fr\/?page_id=3974"},"modified":"2023-02-01T14:54:59","modified_gmt":"2023-02-01T13:54:59","slug":"campagnes-precedentes","status":"publish","type":"page","link":"https:\/\/www.autismeurope.org\/fr\/que-faisons-nous\/journee-mondiale-de-sensibilisation-a-lautisme\/campagnes-precedentes\/","title":{"rendered":"Campagnes pr\u00e9c\u00e9dentes"},"content":{"rendered":"<div class=\"boxDocL\">\n<div class=\"text\">\n<h2><span style=\"font-size: 14pt\">Journ\u00e9e mondiale de sensibilisation \u00e0 l&rsquo;autisme 2020-2021<\/span><\/h2>\n<p>En 2020 et 2021, Autisme-Europe mene avec ses membres une campagne de sensibilisation \u00e0 l&rsquo;\u00e9chelle europ\u00e9enne sur le th\u00e8me<strong> \u00ab Je peux APPRENDRE. Je peux TRAVAILLER \u00bb.<\/strong><\/div>\n<div class=\"text\"><strong><br \/>\n<\/strong><\/p>\n<blockquote><p><a href=\"https:\/\/www.autismeurope.org\/fr\/je-peux-apprendre-je-peux-travailler\/\" target=\"_blank\" rel=\"noopener noreferrer\"><span style=\"font-size: 12pt\"><strong>En savoir plus<\/strong><\/span><\/a><\/p><\/blockquote>\n<h2><span style=\"font-size: 14pt\">Journ\u00e9e mondiale de sensibilisation \u00e0 l&rsquo;autisme 2019<\/span><\/h2>\n<p><span style=\"font-size: 12pt\">En 2019, Autisme-Europe a men\u00e9 avec ses membres une campagne de sensibilisation \u00e0 l&rsquo;\u00e9chelle europ\u00e9enne sur le th\u00e8me <strong>\u00ab\u00a0Une nouvelle dynamique pour l&rsquo;autisme. I \u221e autisme\u00a0\u00bb.<\/strong><\/span><\/p>\n<blockquote><p><a href=\"https:\/\/www.autismeurope.org\/fr\/une-nouvelle-dynamique-pour-lautisme-i-%e2%88%9e-autisme-waad-2019\/\" target=\"_blank\" rel=\"noopener noreferrer\"><span style=\"font-size: 12pt\"><strong>En savoir plus<\/strong><\/span><\/a><\/p><\/blockquote>\n<h2><span style=\"font-size: 14pt\">Journ\u00e9e mondiale de sensibilisation \u00e0 l&rsquo;autisme 2017- 2018<\/span><\/h2>\n<p><span style=\"font-size: 12pt\">En 2017 et 2018, Autism-Europe a men\u00e9 une campagne pour la Journ\u00e9e Mondiale de Sensibilisation \u00e0 l&rsquo;Autisme, avec le th\u00e8me<strong> \u00ab \u00a0Ensemble, brisons les barri\u00e8res pour l\u2019autisme. Construisons une soci\u00e9t\u00e9 inclusive \u00bb<\/strong>.<\/span><\/p>\n<blockquote><p><a href=\"http:\/\/www.autismeurope.org\/fr\/ensemble-brisons-les-barrieres-pour-lautisme-waad-2017-2018\/\"><span style=\"font-size: 12pt\"><strong>En savoir plus<\/strong><\/span><\/a><\/p><\/blockquote>\n<h2><span style=\"font-size: 14pt\">Journ\u00e9e mondiale de sensibilisation \u00e0 l&rsquo;autisme 2016<\/span><\/h2>\n<p><span style=\"font-size: 12pt\">En 2016, Autism-Europe a me\u00e9 la campagne pour la Journ\u00e9e Mondiale de Sensibilisation \u00e0 l&rsquo;Autisme, avec le th\u00e8me<strong> \u00ab Respect, Acceptation, Inclusion \u00bb<\/strong>.<\/span><\/p>\n<blockquote><p><span style=\"font-size: 12pt\"><strong><a href=\"http:\/\/www.autismeurope.org\/fr\/respect-acceptation-inclusion-journee-mondiale-de-sensibilisation-a-lautisme-2016\/\" target=\"_blank\" rel=\"noopener noreferrer\">En savoir plus<\/a><\/strong><\/span><\/p><\/blockquote>\n<h2><span style=\"font-size: 14pt\">Journ\u00e9e mondiale de sensibilisation \u00e0 l&rsquo;autisme 2015<\/span><\/h2>\n<p><span style=\"font-size: 12pt\">En 2015, Autisme-Europe pr\u00e9pare la campagne commune pour la Journ\u00e9e Mondiale de Sensibilisation \u00e0 l&rsquo;Autisme, avec le th\u00e8me \u00ab\u00a0<strong>Autisme. Arr\u00eatons la discrimination \u00bb<\/strong>.<\/span><\/p>\n<blockquote><p><span style=\"font-size: 12pt\"><a href=\"http:\/\/www.autismeurope.org\/fr\/autisme-arretons-la-discrimination-journee-mondiale-de-sensibilisation-a-lautisme-2015\/\" target=\"_blank\" rel=\"noopener noreferrer\"><strong>En savoir plus<\/strong><\/a><\/span><\/p><\/blockquote>\n<h2><span style=\"font-size: 14pt\">Journ\u00e9e mondiale de sensibilisation \u00e0 l&rsquo;autisme 2014<\/span><\/h2>\n<p><span style=\"font-size: 12pt\">Autisme &#8211; Europe a men\u00e9 une campagne de sensibilisation \u00e0 l&rsquo;\u00e9chelle de l&rsquo;Europe avec nos membres sur le th\u00e8me <strong>\u00ab Autisme et travail. Ensemble nous pouvons \u00bb<\/strong>.<\/span><\/p>\n<blockquote><p><span style=\"font-size: 12pt\"><a href=\"http:\/\/www.autismeurope.org\/fr\/autisme-et-travail-ensemble-cest-possible-journee-mondial-de-sensibilisation-a-lautisme-2014\/\"><strong>En savoir plus<\/strong><\/a><\/span><\/p><\/blockquote>\n<h2><span style=\"font-size: 14pt\">Journ\u00e9e mondiale de sensibilisation \u00e0 l&rsquo;autisme 2013<\/span><\/h2>\n<p><span style=\"font-size: 12pt\">EN 2013 Autism-Europe a men\u00e9 une campagne de sensibilisation avec ses membres sur le th\u00e8me <strong>\u00ab Autisme. Plus commun que vous le pensez \u00bb<\/strong>.<\/span><\/p>\n<blockquote><p><span style=\"font-size: 12pt\"><a href=\"http:\/\/www.autismeurope.org\/fr\/autisme-plus-commun-que-vous-le-pensez-journee-mondiale-de-sensibilisation-a-lautisme-2013\/\" target=\"_blank\" rel=\"noopener noreferrer\"><strong>En savoir plus<\/strong><\/a><\/span><\/p><\/blockquote>\n<h2><span style=\"font-size: 14pt\">Journ\u00e9e mondiale de sensibilisation \u00e0 l&rsquo;autisme 2012<\/span><\/h2>\n<blockquote><p><span style=\"font-size: 12pt\"><a href=\"http:\/\/www.autismeurope.org\/wp-content\/uploads\/2017\/08\/world-autism-awareness-day-2012.pdf\" target=\"_blank\" rel=\"noopener noreferrer\"><strong>En savoir plus (en anglais)<\/strong><\/a><\/span><\/p><\/blockquote>\n<h2><span style=\"font-size: 14pt\">Journ\u00e9e mondiale de sensibilisation \u00e0 l&rsquo;autisme 2010<\/span><\/h2>\n<blockquote><p><span style=\"font-size: 12pt\"><a href=\"http:\/\/www.autismeurope.org\/fr\/journee-mondiale-de-sensibilisation-a-lautisme-2010\/\" target=\"_blank\" rel=\"noopener noreferrer\"><strong>En savoir plus<\/strong><\/a><\/span><\/p><\/blockquote>\n<h2><span style=\"font-size: 14pt\">Journ\u00e9e mondiale de sensibilisation \u00e0 l&rsquo;autisme 2009<\/span><\/h2>\n<blockquote><p><span style=\"font-size: 12pt\"><strong><a href=\"http:\/\/www.autismeurope.org\/wp-content\/uploads\/2017\/09\/ae-press-release-world-autism-awareness-day-2009-fr.pdf\" target=\"_blank\" rel=\"noopener noreferrer\">En savoir plus<\/a><\/strong><\/span><span style=\"color: #333333;font-size: 1rem\">\u00a0<\/span><\/p><\/blockquote>\n<h2><span style=\"font-size: 14pt\">Journ\u00e9e mondiale de sensibilisation \u00e0 l&rsquo;autisme 2009<\/span><\/h2>\n<blockquote><p><span style=\"font-size: 12pt\"><a href=\"http:\/\/www.autismeurope.org\/wp-content\/uploads\/2017\/07\/waad-2008.pdf\" target=\"_blank\" rel=\"noopener noreferrer\"><strong>En savoir plus (en anglais uniquement)<\/strong><\/a><\/span><\/p><\/blockquote>\n<\/div>\n<\/div>\n","protected":false},"excerpt":{"rendered":"<p>Journ\u00e9e mondiale de sensibilisation \u00e0 l&rsquo;autisme 2020-2021 En 2020 et 2021, Autisme-Europe mene avec ses membres une campagne de sensibilisation \u00e0 l&rsquo;\u00e9chelle europ\u00e9enne sur le th\u00e8me \u00ab Je peux APPRENDRE. &hellip; <\/p>\n<p class=\"link-more\"><a href=\"https:\/\/www.autismeurope.org\/fr\/que-faisons-nous\/journee-mondiale-de-sensibilisation-a-lautisme\/campagnes-precedentes\/\" class=\"more-link\">Continue reading<span class=\"screen-reader-text\"> \u00ab\u00a0Campagnes pr\u00e9c\u00e9dentes\u00a0\u00bb<\/span><\/a><\/p>\n","protected":false},"author":32,"featured_media":0,"parent":3204,"menu_order":2,"comment_status":"closed","ping_status":"closed","template":"","meta":{"_acf_changed":false,"_bbp_topic_count":0,"_bbp_reply_count":0,"_bbp_total_topic_count":0,"_bbp_total_reply_count":0,"_bbp_voice_count":0,"_bbp_anonymous_reply_count":0,"_bbp_topic_count_hidden":0,"_bbp_reply_count_hidden":0,"_bbp_forum_subforum_count":0,"footnotes":""},"class_list":["post-3974","page","type-page","status-publish","hentry"],"acf":[],"_links":{"self":[{"href":"https:\/\/www.autismeurope.org\/fr\/wp-json\/wp\/v2\/pages\/3974","targetHints":{"allow":["GET"]}}],"collection":[{"href":"https:\/\/www.autismeurope.org\/fr\/wp-json\/wp\/v2\/pages"}],"about":[{"href":"https:\/\/www.autismeurope.org\/fr\/wp-json\/wp\/v2\/types\/page"}],"author":[{"embeddable":true,"href":"https:\/\/www.autismeurope.org\/fr\/wp-json\/wp\/v2\/users\/32"}],"replies":[{"embeddable":true,"href":"https:\/\/www.autismeurope.org\/fr\/wp-json\/wp\/v2\/comments?post=3974"}],"version-history":[{"count":16,"href":"https:\/\/www.autismeurope.org\/fr\/wp-json\/wp\/v2\/pages\/3974\/revisions"}],"predecessor-version":[{"id":47251,"href":"https:\/\/www.autismeurope.org\/fr\/wp-json\/wp\/v2\/pages\/3974\/revisions\/47251"}],"up":[{"embeddable":true,"href":"https:\/\/www.autismeurope.org\/fr\/wp-json\/wp\/v2\/pages\/3204"}],"wp:attachment":[{"href":"https:\/\/www.autismeurope.org\/fr\/wp-json\/wp\/v2\/media?parent=3974"}],"curies":[{"name":"wp","href":"https:\/\/api.w.org\/{rel}","templated":true}]}}