{"id":3980,"date":"2017-09-19T16:26:22","date_gmt":"2017-09-19T14:26:22","guid":{"rendered":"http:\/\/autismeurope.akimedia.eu\/fr\/?page_id=3980"},"modified":"2025-12-22T12:02:35","modified_gmt":"2025-12-22T11:02:35","slug":"newsletter","status":"publish","type":"page","link":"https:\/\/www.autismeurope.org\/fr\/newsletter\/","title":{"rendered":"Newsletter"},"content":{"rendered":"<p><span style=\"font-size: 12pt\">Chaque trimestre, Autisme-Europe vous enverra des actualit\u00e9s sur nos activit\u00e9s cl\u00e9s, des informations sur nos \u00e9v\u00e9nements et les r\u00e9sultats de notre travail. Pour en savoir plus sur l&rsquo;utilisation de vos informations, lisez notre <a href=\"http:\/\/www.autismeurope.org\/get-involved\/privacy-security-and-cookies\/\" target=\"_blank\" rel=\"noopener noreferrer\">politique de confidentialit\u00e9<\/a>.<\/span><\/p>\n<p><span style=\"font-size: 12pt\">AE utilise <a href=\"https:\/\/mailchimp.com\/features\/landing-pages\/\" target=\"_blank\" rel=\"noopener noreferrer\">MailChimp <\/a>pour vous envoyer nos newsletters et celles-ci sont certifi\u00e9es par le Bouclier de protection des donn\u00e9es UE-\u00c9tats-Unis, ainsi que par le Bouclier de protection des donn\u00e9es Suisse-\u00c9tats-Unis.<\/span><\/p>\n<h2><a href=\"https:\/\/autismeurope.us12.list-manage.com\/subscribe?u=0c288a3c7697b2c06d3818a05&amp;id=3616c47025\" target=\"_blank\" rel=\"noopener\"><span style=\"font-size: 14pt\">Subscribe here for the English newsletter<\/span><\/a><\/h2>\n<h2><a href=\"https:\/\/autismeurope.us12.list-manage.com\/subscribe?u=0c288a3c7697b2c06d3818a05&amp;id=465d62ed6c\" target=\"_blank\" rel=\"noopener\"><span style=\"font-size: 14pt\">Abonnez-vous ici \u00e0 la newsletter en fran\u00e7ais<\/span><\/a><\/h2>\n<h2><span style=\"font-size: 14pt\"><strong>Anciens num\u00e9ros<\/strong><\/span><\/h2>\n<ol>\n<li><span style=\"font-size: 12pt\">Bulletin d&rsquo;Autisme-Europe #101 &#8211; d\u00e9cembre 2025 &#8211; <a href=\"https:\/\/mailchi.mp\/autismeurope\/autism-europe-newsletter-101-december-17994492\">Cliquez-ici<\/a><\/span><\/li>\n<li><span style=\"font-size: 12pt\">Bulletin d&rsquo;Autisme-Europe #100 &#8211; octobre 2025 &#8211; <a href=\"https:\/\/mailchi.mp\/autismeurope\/autism-europe-newsletter-april-17993282\">Cliquez-ici<\/a><\/span><\/li>\n<li><span style=\"font-size: 12pt\">Bulletin d&rsquo;Autisme-Europe #99 &#8211; juillet 2025 &#8211; <a href=\"https:\/\/mailchi.mp\/autismeurope\/autism-europe-bulletin-avril-17990870\">Cliquez-ici<\/a><\/span><\/li>\n<li><span style=\"font-size: 12pt\">Bulletin d&rsquo;Autisme-Europe #98 &#8211; avril 2025 &#8211; <a href=\"https:\/\/mailchi.mp\/autismeurope\/autism-europe-bulletin-avril-17989529\">Cliquez-ici<\/a><\/span><\/li>\n<li><span style=\"font-size: 12pt\">COMMUNIQUE DE PRESSE : Campagne \u00ab Not invisible \u00bb &#8211; <a href=\"https:\/\/mailchi.mp\/autismeurope\/call-for-stories-17989085\">Cliquez-ici<\/a><\/span><\/li>\n<li><span style=\"font-size: 12pt\">Bulletin d&rsquo;Autisme-Europe #97 &#8211; d\u00e9cembre 2024 &#8211; <a href=\"https:\/\/mailchi.mp\/autismeurope\/autism-europe-bulletin-decembre\">Cliquez-ici<\/a><\/span><\/li>\n<li><span style=\"font-size: 12pt\">Bulletin d&rsquo;Autisme-Europe #96 &#8211; octobre 2024 &#8211; <a href=\"https:\/\/mailchi.mp\/autismeurope\/autism-europe-bulletin-octobre\">Cliquez-ici<\/a><\/span><\/li>\n<li><span style=\"font-size: 12pt\">Plus qu&rsquo;un an avant le 14\u00e8me Congr\u00e8s International d&rsquo;Autisme-Europe &#8211; <a href=\"https:\/\/mailchi.mp\/autismeurope\/14eme-congres-international-dautismeeurope-plus-quun-an\">Cliquez-ici<\/a><\/span><\/li>\n<li><span style=\"font-size: 12pt\">Bulletin d&rsquo;Autisme-Europe #95 &#8211; juillet 2024 &#8211; <a href=\"https:\/\/mailchi.mp\/autismeurope\/autism-europe-bulletin-juillet?e=[UNIQID]\">Cliquez-ici<\/a><\/span><\/li>\n<li><span style=\"font-size: 12pt\">Bulletin d&rsquo;Autisme-Europe #94 &#8211; avril 2024 &#8211; <a href=\"https:\/\/mailchi.mp\/autismeurope\/autisme-europe-bulletin-decembre-17971680\">Cliquez-ici<\/a><\/span><\/li>\n<li><span style=\"font-size: 12pt\">Bulletin d&rsquo;Autisme-Europe #93 &#8211; d\u00e9cembre 2023 &#8211; <a href=\"https:\/\/mailchi.mp\/autismeurope\/autisme-europe-bulletin-decembre-15360892\" target=\"_blank\" rel=\"noopener\">Cliquez-ici<\/a><\/span><\/li>\n<li><span style=\"font-size: 12pt\">Bulletin d&rsquo;Autisme-Europe #92 &#8211; octobre 2023 &#8211; <a href=\"https:\/\/mailchi.mp\/autismeurope\/autisme-europe-bulletin-octobre-15107856\" target=\"_blank\" rel=\"noopener\">Cliquez-ici<\/a><\/span><\/li>\n<li><span style=\"font-size: 12pt\">Bulletin d&rsquo;Autisme-Europe #91 &#8211; juillet 2023 &#8211; <a href=\"https:\/\/mailchi.mp\/autismeurope\/autism-europes-newsletter-may-15098824\" target=\"_blank\" rel=\"noopener\">Cliquez-ici<\/a><\/span><\/li>\n<li><span style=\"font-size: 12pt\">Bulletin d&rsquo;Autisme-Europe #90 &#8211; mai 2023 &#8211; <a href=\"https:\/\/mailchi.mp\/autismeurope\/autism-europes-bulletin-mai-2023-15093768\" target=\"_blank\" rel=\"noopener\">Cliquez-ici<\/a><\/span><\/li>\n<li><span style=\"font-size: 12pt\">D\u00e9couvrez la bo\u00eete \u00e0 outils pour soutenir la campagne #AutismDay2023! &#8211; <a href=\"https:\/\/mailchi.mp\/autismeurope\/autismday-2023-campagne-toolkit\" target=\"_blank\" rel=\"noopener\">Cliquez ici<\/a><\/span><\/li>\n<li><span style=\"font-size: 12pt\">Invitation aux \u00e9v\u00e9nements #AutismDay2023 au Parlement europ\u00e9en &#8211; <a href=\"https:\/\/mailchi.mp\/autismeurope\/join-us-today-for-autismday2022-15088588\" target=\"_blank\" rel=\"noopener\">Cliquez ici<\/a><\/span><\/li>\n<li><span style=\"font-size: 12pt\">Rejoignez la campagne #AutismDay2023 et c\u00e9l\u00e9brez le 40\u00e8me anniversaire de l&rsquo;AE &#8211; <a href=\"https:\/\/mailchi.mp\/autismeurope\/join-us-today-for-autismday2022-15084456\" target=\"_blank\" rel=\"noopener\">Cliquez ici<\/a><\/span><\/li>\n<li><span style=\"font-size: 12pt\">Bulletin d&rsquo;Autisme-Europe #89 &#8211; decembre 2022 &#8211; <a href=\"https:\/\/mailchi.mp\/autismeurope\/autism-europes-newsletter-15079800?e=[UNIQID]\" target=\"_blank\" rel=\"noopener\">Cliquez ici<\/a><\/span><\/li>\n<li><span style=\"font-size: 12pt\">Bulletin d&rsquo;Autisme-Europe #88 &#8211; octobre 2022 &#8211; Cliquez ici<\/span><\/li>\n<li><span style=\"font-size: 12pt\">Bulletin d&rsquo;Autisme-Europe #87 &#8211; juin 2022 &#8211; <a href=\"https:\/\/mailchi.mp\/autismeurope\/autism-europes-newsletter-87?e=[UNIQID]\">Cliquez ici<\/a><\/span><\/li>\n<li><span style=\"font-size: 12pt\">Bulletin d&rsquo;Autisme-Europe #86 &#8211; mars 2022 &#8211; <a href=\"https:\/\/mailchi.mp\/autismeurope\/autism-europes-newsletter-14613582?e=[UNIQID]\">Cliquez ici<\/a><\/span><\/li>\n<li><span style=\"font-size: 12pt\">Lancement de la campagne #AutismDay2022 &#8211; <a href=\"https:\/\/mailchi.mp\/autismeurope\/launch-of-autismday2022-campaign-a-happy-journey-through-life-14613578\">Cliquez ici<\/a><\/span><\/li>\n<li><span style=\"font-size: 12pt\">Bulletin d&rsquo;Autisme-Europe #85 &#8211; decembre 2021 &#8211; <a href=\"https:\/\/mailchi.mp\/autismeurope\/autism-europes-newsletter-8905802\" target=\"_blank\" rel=\"noopener noreferrer\">Cliquez ici<\/a><\/span><\/li>\n<li><span style=\"font-size: 12pt\">Bulletin d&rsquo;Autisme-Europe #84 &#8211; octobre 2021 &#8211; <a href=\"https:\/\/mailchi.mp\/autismeurope\/83mhdtnfwt?e=[UNIQID]\" target=\"_blank\" rel=\"noopener noreferrer\">Cliquez ici<\/a><\/span><\/li>\n<li><span style=\"font-size: 12pt\">Mois<\/span> <span style=\"font-size: 12pt\">Mondiale de Sensibilisation \u00e0 l&rsquo;autisme 2021 &#8211; <a href=\"https:\/\/mailchi.mp\/autismeurope\/webinaire-limportance-de-lefp-de-qualit-pour-linclusion\" target=\"_blank\" rel=\"noopener noreferrer\">Cliquez ici<\/a><\/span><\/li>\n<li><span style=\"font-size: 12pt\">Flash info &#8211; Journ\u00e9e Mondiale de Sensibilisation \u00e0 l&rsquo;autisme 2021 &#8211; <a href=\"https:\/\/mailchi.mp\/autismeurope\/soutenez-la-campagne-dans-la-journe-mondiale-de-lautisme?e=[UNIQID]\" target=\"_blank\" rel=\"noopener noreferrer\">Cliquez ici<\/a><\/span><\/li>\n<li><span style=\"font-size: 12pt\">Bulletin d&rsquo;Autisme-Europe #83 &#8211; mars 2021 &#8211; <a href=\"https:\/\/mailchi.mp\/autismeurope\/autism-europes-newsletter-mars-2021\" target=\"_blank\" rel=\"noopener noreferrer\">Cliquez ici<\/a><\/span><\/li>\n<li><span style=\"font-size: 12pt\">Appel \u00e0 temoignanges vid\u00e9o- mars 2021- <a href=\"https:\/\/mailchi.mp\/autismeurope\/participez-notre-webinaire-pour-la-journe-de-lautisme\" target=\"_blank\" rel=\"noopener noreferrer\">Cliquez ici<\/a><\/span><\/li>\n<li><span style=\"font-size: 12pt\">Bulletin d&rsquo;Autisme-Europe #82 &#8211; decembre 2020 &#8211; <a href=\"https:\/\/mailchi.mp\/autismeurope\/bulletin-dautisme-europe-82?e=[UNIQID]\" target=\"_blank\" rel=\"noopener noreferrer\">Cliquez ici<\/a><\/span><\/li>\n<li><span style=\"font-size: 12pt\">Bulletin d&rsquo;Autisme-Europe #81- septembre 2020 &#8211; <a href=\"https:\/\/mailchi.mp\/autismeurope\/bulletin-dautisme-europe-81?e=[UNIQID]\" target=\"_blank\" rel=\"noopener noreferrer\">Cliquez ici<\/a><\/span><\/li>\n<li><span style=\"font-size: 12pt\">Concours photo- aout 2020 &#8211; <a href=\"https:\/\/mailchi.mp\/autismeurope\/faites-la-couverture-du-prochain-magazine-link?e=[UNIQID]\" target=\"_blank\" rel=\"noopener noreferrer\">Cliquez ici<\/a><\/span><\/li>\n<li><span style=\"font-size: 12pt\">Bulletin d&rsquo;Autisme-Europe #80-juin 2020 &#8211; <a href=\"https:\/\/mailchi.mp\/autismeurope\/autism-europes-newsletter-juin?e=[UNIQID]\" target=\"_blank\" rel=\"noopener noreferrer\">Cliquez ici<\/a><\/span><\/li>\n<li><span style=\"font-size: 12pt\">Bulletin d&rsquo;Autisme-Europe &#8211; Campagne de la Journ\u00e9e Mondiale de Sensibilisation \u00e0 l&rsquo;autisme- \u00a0 \u00a0 \u00a0 \u00a0 \u00a0 \u00a0 \u00a0 \u00a0 <a href=\"https:\/\/mailchi.mp\/autismeurope\/journe-de-lautisme-2020-et-covid-19?e=[UNIQID]\" target=\"_blank\" rel=\"noopener noreferrer\">Cliquez ici<\/a><\/span><\/li>\n<li><span style=\"font-size: 12pt\">Bulletin d&rsquo;Autisme-Europe #79-mars 2020 &#8211; <a href=\"https:\/\/mailchi.mp\/autismeurope\/bulletin-dautisme-europe-79?e=[UNIQID]\" target=\"_blank\" rel=\"noopener noreferrer\">Cliquez ici<\/a><\/span><\/li>\n<li><span style=\"font-size: 12pt\">Bulletin d&rsquo;Autisme-Europe #78-decembre 2019 &#8211; <a href=\"https:\/\/mailchi.mp\/autismeurope\/bulletin-dautisme-europe-78\" target=\"_blank\" rel=\"noopener noreferrer\">Cliquez ici<\/a><\/span><\/li>\n<li><span style=\"font-size: 12pt\">Bulletin d&rsquo;Autisme-Europe #77-octobre 2019 &#8211; <a href=\"https:\/\/mailchi.mp\/autismeurope\/bulletin-dautisme-europe-77?e=[UNIQID]\" target=\"_blank\" rel=\"noopener noreferrer\">Cliquez ici<\/a><\/span><\/li>\n<li><span style=\"font-size: 12pt\">Bulletin d&rsquo;Autisme-Europe #76- juillet 2019 &#8211; <a href=\"https:\/\/mailchi.mp\/autismeurope\/bulletin-dautisme-europe-76?e=[UNIQID]\" target=\"_blank\" rel=\"noopener noreferrer\">Cliquez ici<\/a><\/span><\/li>\n<li><span style=\"font-size: 12pt\">Bulletin d&rsquo;Autisme-Europe #75- mai 2019 &#8211; <a href=\"https:\/\/mailchi.mp\/autismeurope\/bulletin-dautisme-europe-75\" target=\"_blank\" rel=\"noopener noreferrer\">Cliquez ici<\/a><\/span><\/li>\n<li><span style=\"font-size: 12pt\">Bulletin d&rsquo;Autisme-Europe #74- Campagne de la Journ\u00e9e Mondiale de Sensibilisation \u00e0 l&rsquo;autisme- <a href=\"https:\/\/mailchi.mp\/autismeurope\/campagne-de-la-journe-mondiale-de-sensibilisation-lautisme-2019?e=[UNIQID]\" target=\"_blank\" rel=\"noopener noreferrer\">Cliquez ici<\/a><\/span><\/li>\n<li><span style=\"font-size: 12pt\">Bulletin d&rsquo;Autisme-Europe #73- decembre 2018- <a href=\"https:\/\/mailchi.mp\/autismeurope\/bulletin-dautisme-europe-80w4q8eas1?e=[UNIQID]\" target=\"_blank\" rel=\"noopener noreferrer\">Cliquez ici<\/a><\/span><\/li>\n<li><span style=\"font-size: 12pt\">Bulletin d&rsquo;Autisme-Europe #72 &#8211; octobre 2018- <a href=\"https:\/\/mailchi.mp\/autismeurope\/bulletin-dautisme-europe-0gm0rpks7c?e=[UNIQID]\" target=\"_blank\" rel=\"noopener noreferrer\">Cliquez ici<\/a><\/span><\/li>\n<li><span style=\"font-size: 12pt\">Bulletin d&rsquo;Autisme- Europe\u00a0#71 &#8211; juillet 2018- <a href=\"https:\/\/mailchi.mp\/autismeurope\/bulletin-dautisme-europe-k5rt7es9tn?e=[UNIQID]\" target=\"_blank\" rel=\"noopener noreferrer\">Cliquez ici<\/a><\/span><\/li>\n<li><span style=\"font-size: 12pt\">Bulletin d&rsquo;Autisme- Europe\u00a0#70 &#8211; avril 2018- <a href=\"https:\/\/mailchi.mp\/autismeurope\/bulletin-dautisme-europe-70\" target=\"_blank\" rel=\"noopener noreferrer\">Cliquez ici<\/a><\/span><\/li>\n<li><span style=\"font-size: 12pt\">Appel \u00e0 l&rsquo;action &#8211; mars 2018 &#8211; <a href=\"https:\/\/mailchi.mp\/autismeurope\/campagne-de-lajourne-mondiale-de-lautisme-2018?e=[UNIQID]\" target=\"_blank\" rel=\"noopener noreferrer\">Cliquez ici<\/a><\/span><\/li>\n<li><span style=\"font-size: 12pt\">Bulletin d&rsquo;Autisme- Europe\u00a0#69 &#8211; decembre 2017-<a href=\"https:\/\/mailchi.mp\/autismeurope\/bulletin-dautisme-europe-69?e=[UNIQID]\" target=\"_blank\" rel=\"noopener noreferrer\">\u00a0Cliquez ici<\/a><\/span><\/li>\n<li><span style=\"font-size: 12pt\">Bulletin d&rsquo;Autisme-Europe #68 &#8211; novembre 2017- <a href=\"http:\/\/mailchi.mp\/autismeurope\/bulletin-dautisme-europe?e=[UNIQID]\" target=\"_blank\" rel=\"noopener noreferrer\">Cliquez ici<\/a><\/span><\/li>\n<\/ol>\n","protected":false},"excerpt":{"rendered":"<p>Chaque trimestre, Autisme-Europe vous enverra des actualit\u00e9s sur nos activit\u00e9s cl\u00e9s, des informations sur nos \u00e9v\u00e9nements et les r\u00e9sultats de notre travail. Pour en savoir plus sur l&rsquo;utilisation de vos &hellip; <\/p>\n<p class=\"link-more\"><a href=\"https:\/\/www.autismeurope.org\/fr\/newsletter\/\" class=\"more-link\">Continue reading<span class=\"screen-reader-text\"> \u00ab\u00a0Newsletter\u00a0\u00bb<\/span><\/a><\/p>\n","protected":false},"author":32,"featured_media":0,"parent":0,"menu_order":0,"comment_status":"closed","ping_status":"closed","template":"","meta":{"_acf_changed":false,"_bbp_topic_count":0,"_bbp_reply_count":0,"_bbp_total_topic_count":0,"_bbp_total_reply_count":0,"_bbp_voice_count":0,"_bbp_anonymous_reply_count":0,"_bbp_topic_count_hidden":0,"_bbp_reply_count_hidden":0,"_bbp_forum_subforum_count":0,"footnotes":""},"class_list":["post-3980","page","type-page","status-publish","hentry"],"acf":[],"_links":{"self":[{"href":"https:\/\/www.autismeurope.org\/fr\/wp-json\/wp\/v2\/pages\/3980","targetHints":{"allow":["GET"]}}],"collection":[{"href":"https:\/\/www.autismeurope.org\/fr\/wp-json\/wp\/v2\/pages"}],"about":[{"href":"https:\/\/www.autismeurope.org\/fr\/wp-json\/wp\/v2\/types\/page"}],"author":[{"embeddable":true,"href":"https:\/\/www.autismeurope.org\/fr\/wp-json\/wp\/v2\/users\/32"}],"replies":[{"embeddable":true,"href":"https:\/\/www.autismeurope.org\/fr\/wp-json\/wp\/v2\/comments?post=3980"}],"version-history":[{"count":73,"href":"https:\/\/www.autismeurope.org\/fr\/wp-json\/wp\/v2\/pages\/3980\/revisions"}],"predecessor-version":[{"id":50772,"href":"https:\/\/www.autismeurope.org\/fr\/wp-json\/wp\/v2\/pages\/3980\/revisions\/50772"}],"wp:attachment":[{"href":"https:\/\/www.autismeurope.org\/fr\/wp-json\/wp\/v2\/media?parent=3980"}],"curies":[{"name":"wp","href":"https:\/\/api.w.org\/{rel}","templated":true}]}}