{"id":4026,"date":"2017-09-25T10:25:11","date_gmt":"2017-09-25T08:25:11","guid":{"rendered":"http:\/\/www.autismeurope.org\/fr\/?page_id=4026"},"modified":"2018-01-22T13:16:36","modified_gmt":"2018-01-22T12:16:36","slug":"qualite-des-services","status":"publish","type":"page","link":"https:\/\/www.autismeurope.org\/fr\/que-faisons-nous\/domaines-activite\/qualite-des-services\/","title":{"rendered":"Qualit\u00e9 des services"},"content":{"rendered":"<p><span style=\"font-size: 12pt\">L&rsquo;autisme est une condition de spectre. Chaque personne avec autisme est diff\u00e9rente et a des besoins de soutien uniques.<\/span><\/p>\n<p><span style=\"font-size: 12pt\">Les services doivent soutenir, d\u00e8s l\u2019enfance, le d\u00e9veloppement de la personne et son int\u00e9gration sociale dans la communaut\u00e9, notamment en fournissant des programmes sp\u00e9ciaux d\u2019\u00e9ducation le plus t\u00f4t possible, une formation tout au long de la vie concernant les domaines fonctionnels tels que la communication et le comportement, les aptitudes sociales, professionnelles et aux loisirs, l\u2019autonomie et en fournissant tout le soutien n\u00e9cessaire pour que la personne puisse mener une vie adulte la plus autonome possible au sein de la communaut\u00e9.<\/span><\/p>\n<p><span style=\"font-size: 12pt\">Si l\u2019on veut am\u00e9liorer la qualit\u00e9 de vie des personnes autistes, il faut s\u2019assurer que la personne soit diagnostiqu\u00e9e t\u00f4t, de sorte que ses besoins sp\u00e9cifiques soient reconnus et que les services de soutien puissent \u00eatre adapt\u00e9s en cons\u00e9quence. Fournir des services de qualit\u00e9 n\u00e9cessite de s\u2019assurer que la personne soit suivie r\u00e9guli\u00e8rement tout au long de sa vie, avec une vigilance particuli\u00e8re pour les p\u00e9riodes de transition de vie qui peuvent s\u2019av\u00e9rer tr\u00e8s difficiles pour une personne autiste\u00a0: entr\u00e9e \u00e0 l\u2019\u00e9cole, \u00e2ge adulte, entr\u00e9e dans le monde du travail, vieillissement et fin de vie.<\/span><\/p>\n<p><span style=\"font-size: 12pt\">Selon la <a href=\"http:\/\/www.autismeurope.org\/fr\/que-faisons-nous\/domaines-activite\/cnudph\/\" target=\"_blank\" rel=\"noopener\">Convention des Nations Unies sur les droits des personnes handicap\u00e9es<\/a>, les personnes autistes ont droit \u00e0 des services de haute qualit\u00e9 r\u00e9pondant \u00e0 leurs besoins individuels.<\/span><\/p>\n<p>&nbsp;<\/p>\n<h2><span style=\"font-size: 14pt\"><strong>Publications li\u00e9es<\/strong><\/span><\/h2>\n<blockquote><p><span style=\"font-size: 12pt\"><a href=\"http:\/\/www.autismeurope.org\/fr\/blog\/2007\/06\/15\/modules-de-formation-bases-sur-le-droit-2007-anglais\/\" target=\"_blank\" rel=\"noopener\"><strong>Modules de formation bas\u00e9s sur le droit (2007)<\/strong><\/a><\/span><\/p>\n<p><span style=\"font-size: 12pt\"><a href=\"http:\/\/www.autismeurope.org\/fr\/blog\/2007\/03\/02\/la-qualite-des-services-pour-les-personnes-autistes\/\" target=\"_blank\" rel=\"noopener\"><strong>La qualit\u00e9 des services pour les personnes autistes<\/strong><\/a><\/span><\/p>\n<p><span style=\"font-size: 12pt\"><a href=\"http:\/\/www.autismeurope.org\/fr\/blog\/2007\/05\/27\/document-de-position-sur-les-soins-aux-personnes-autistes\/\" target=\"_blank\" rel=\"noopener\"><strong>Document de position sur les soins aux personnes autistes<\/strong><\/a><\/span><\/p>\n<p><span style=\"font-size: 12pt\"><a href=\"http:\/\/www.autismeurope.org\/fr\/blog\/2006\/01\/14\/evaluation-de-la-qualite-des-services-pour-les-personnes-autistes\/\" target=\"_blank\" rel=\"noopener\"><strong>\u00c9valuation de la qualit\u00e9 des services pour les personnes autistes<\/strong><\/a><\/span><\/p><\/blockquote>\n<p>&nbsp;<\/p>\n<p>&nbsp;<\/p>\n","protected":false},"excerpt":{"rendered":"<p>L&rsquo;autisme est une condition de spectre. Chaque personne avec autisme est diff\u00e9rente et a des besoins de soutien uniques. Les services doivent soutenir, d\u00e8s l\u2019enfance, le d\u00e9veloppement de la personne &hellip; <\/p>\n<p class=\"link-more\"><a href=\"https:\/\/www.autismeurope.org\/fr\/que-faisons-nous\/domaines-activite\/qualite-des-services\/\" class=\"more-link\">Continue reading<span class=\"screen-reader-text\"> \u00ab\u00a0Qualit\u00e9 des services\u00a0\u00bb<\/span><\/a><\/p>\n","protected":false},"author":32,"featured_media":0,"parent":3179,"menu_order":8,"comment_status":"closed","ping_status":"closed","template":"","meta":{"_acf_changed":false,"_bbp_topic_count":0,"_bbp_reply_count":0,"_bbp_total_topic_count":0,"_bbp_total_reply_count":0,"_bbp_voice_count":0,"_bbp_anonymous_reply_count":0,"_bbp_topic_count_hidden":0,"_bbp_reply_count_hidden":0,"_bbp_forum_subforum_count":0,"footnotes":""},"class_list":["post-4026","page","type-page","status-publish","hentry"],"acf":[],"_links":{"self":[{"href":"https:\/\/www.autismeurope.org\/fr\/wp-json\/wp\/v2\/pages\/4026","targetHints":{"allow":["GET"]}}],"collection":[{"href":"https:\/\/www.autismeurope.org\/fr\/wp-json\/wp\/v2\/pages"}],"about":[{"href":"https:\/\/www.autismeurope.org\/fr\/wp-json\/wp\/v2\/types\/page"}],"author":[{"embeddable":true,"href":"https:\/\/www.autismeurope.org\/fr\/wp-json\/wp\/v2\/users\/32"}],"replies":[{"embeddable":true,"href":"https:\/\/www.autismeurope.org\/fr\/wp-json\/wp\/v2\/comments?post=4026"}],"version-history":[{"count":7,"href":"https:\/\/www.autismeurope.org\/fr\/wp-json\/wp\/v2\/pages\/4026\/revisions"}],"predecessor-version":[{"id":25676,"href":"https:\/\/www.autismeurope.org\/fr\/wp-json\/wp\/v2\/pages\/4026\/revisions\/25676"}],"up":[{"embeddable":true,"href":"https:\/\/www.autismeurope.org\/fr\/wp-json\/wp\/v2\/pages\/3179"}],"wp:attachment":[{"href":"https:\/\/www.autismeurope.org\/fr\/wp-json\/wp\/v2\/media?parent=4026"}],"curies":[{"name":"wp","href":"https:\/\/api.w.org\/{rel}","templated":true}]}}