{"id":4050,"date":"2017-09-25T12:18:32","date_gmt":"2017-09-25T10:18:32","guid":{"rendered":"http:\/\/www.autismeurope.org\/fr\/?page_id=4050"},"modified":"2018-01-22T14:30:53","modified_gmt":"2018-01-22T13:30:53","slug":"vieillissement","status":"publish","type":"page","link":"https:\/\/www.autismeurope.org\/fr\/que-faisons-nous\/domaines-activite\/vieillissement\/","title":{"rendered":"Vieillissement"},"content":{"rendered":"<p><span style=\"font-size: 12pt\">Une \u00e9tude r\u00e9cente men\u00e9e par <a href=\"https:\/\/www.autistica.org.uk\/wp-content\/uploads\/2016\/03\/Personal-tragedies-public-crisis.pdf\" target=\"_blank\" rel=\"noopener\">Autistica, une organisation \u00e9tablie au Royaume-Uni<\/a> montre que les personnes autistes vivent en moyenne 16 ans de moins que leurs homologues neurotypiques.<\/span><\/p>\n<p><span style=\"font-size: 12pt\">Gr\u00e2ce \u00e0 son rapport, o\u00f9 l\u2019organisation souligne que les facteurs sociaux et les comorbidit\u00e9s sont en grande partie responsables de cette diff\u00e9rence scandaleuse, l\u2019accent est mis, d\u00e9sormais, sur la fa\u00e7on de mieux soutenir les personnes autistes souffrant de difficult\u00e9s associ\u00e9es \u00e0 leur \u00e2ge avanc\u00e9.<\/span><\/p>\n<p><span style=\"font-size: 12pt\">Le plus souvent en raison du manque d\u2019aide publique, de nombreux adultes autistes d\u00e9pendent de leur famille pour le soutien dont ils ont besoin, y compris le logement, le soutien financier et l\u2019assistance 24h\/24. A mesure que les familles vieillissent, qu\u2019elles ont moins la possibilit\u00e9 de leur apporter le soutien n\u00e9cessaire ou lorsque les parents d\u00e9c\u00e8dent, force est de constater la non-durabilit\u00e9 d\u2019un syst\u00e8me reposant trop fortement sur l\u2019aide apport\u00e9e par les familles. D\u00e8s lors les gouvernements doivent urgemment r\u00e9pondre aux besoins en soutien des personnes autistes vieillissantes et faire en sorte qu\u2019elles puissent continuer \u00e0 vivre dans la dignit\u00e9 et \u00e0 jouir de leurs droits \u00e0 un \u00e2ge plus avanc\u00e9. <\/span><\/p>\n<p><span style=\"font-size: 12pt\">Ce droit est mentionn\u00e9 sp\u00e9cifiquement dans <a href=\"http:\/\/www.autismeurope.org\/fr\/que-faisons-nous\/domaines-activite\/cnudph\/\" target=\"_blank\" rel=\"noopener\">la Convention des Nations Unies sur les droits des personnes handicap\u00e9es<\/a>, qui stipule que les personnes handicap\u00e9es, y compris avec autisme, ont droit \u00e0 un soutien appropri\u00e9 tout au long de leur vie.<\/span><\/p>\n<p>&nbsp;<\/p>\n<h2><span style=\"font-size: 14pt\"><strong>Publications li\u00e9es<\/strong><\/span><\/h2>\n<blockquote><p><span style=\"font-size: 12pt\"><strong><a href=\"http:\/\/www.autismeurope.org\/wp-content\/uploads\/2017\/09\/Ageing-report_FR_sml.pdf\" target=\"_blank\" rel=\"noopener\">Vers une meilleure qualit\u00e9 de vie: les droits des personnes \u00e2g\u00e9es avec autisme<\/a><\/strong><\/span><\/p>\n<p><span style=\"font-size: 12pt\"><strong><a href=\"http:\/\/www.autismeurope.org\/fr\/blog\/2010\/11\/12\/reponse-a-une-consultation-de-lue-sur-lannee-europeenne-du-vieillissement-actif\/\" target=\"_blank\" rel=\"noopener\">R\u00e9ponse \u00e0 une consultation de l\u2019UE sur l\u2019Ann\u00e9e europ\u00e9enne du vieillissement actif<\/a><\/strong><\/span><\/p>\n<p><span style=\"font-size: 12pt\"><strong><a href=\"http:\/\/www.autismeurope.org\/fr\/blog\/2003\/02\/17\/2003-autisme-et-vieillissement\/\" target=\"_blank\" rel=\"noopener\">2003: Autisme et Vieillissement<\/a><\/strong><\/span><\/p><\/blockquote>\n","protected":false},"excerpt":{"rendered":"<p>Une \u00e9tude r\u00e9cente men\u00e9e par Autistica, une organisation \u00e9tablie au Royaume-Uni montre que les personnes autistes vivent en moyenne 16 ans de moins que leurs homologues neurotypiques. Gr\u00e2ce \u00e0 son &hellip; <\/p>\n<p class=\"link-more\"><a href=\"https:\/\/www.autismeurope.org\/fr\/que-faisons-nous\/domaines-activite\/vieillissement\/\" class=\"more-link\">Continue reading<span class=\"screen-reader-text\"> \u00ab\u00a0Vieillissement\u00a0\u00bb<\/span><\/a><\/p>\n","protected":false},"author":32,"featured_media":0,"parent":3179,"menu_order":9,"comment_status":"closed","ping_status":"closed","template":"","meta":{"_acf_changed":false,"_bbp_topic_count":0,"_bbp_reply_count":0,"_bbp_total_topic_count":0,"_bbp_total_reply_count":0,"_bbp_voice_count":0,"_bbp_anonymous_reply_count":0,"_bbp_topic_count_hidden":0,"_bbp_reply_count_hidden":0,"_bbp_forum_subforum_count":0,"footnotes":""},"class_list":["post-4050","page","type-page","status-publish","hentry"],"acf":[],"_links":{"self":[{"href":"https:\/\/www.autismeurope.org\/fr\/wp-json\/wp\/v2\/pages\/4050","targetHints":{"allow":["GET"]}}],"collection":[{"href":"https:\/\/www.autismeurope.org\/fr\/wp-json\/wp\/v2\/pages"}],"about":[{"href":"https:\/\/www.autismeurope.org\/fr\/wp-json\/wp\/v2\/types\/page"}],"author":[{"embeddable":true,"href":"https:\/\/www.autismeurope.org\/fr\/wp-json\/wp\/v2\/users\/32"}],"replies":[{"embeddable":true,"href":"https:\/\/www.autismeurope.org\/fr\/wp-json\/wp\/v2\/comments?post=4050"}],"version-history":[{"count":4,"href":"https:\/\/www.autismeurope.org\/fr\/wp-json\/wp\/v2\/pages\/4050\/revisions"}],"predecessor-version":[{"id":25678,"href":"https:\/\/www.autismeurope.org\/fr\/wp-json\/wp\/v2\/pages\/4050\/revisions\/25678"}],"up":[{"embeddable":true,"href":"https:\/\/www.autismeurope.org\/fr\/wp-json\/wp\/v2\/pages\/3179"}],"wp:attachment":[{"href":"https:\/\/www.autismeurope.org\/fr\/wp-json\/wp\/v2\/media?parent=4050"}],"curies":[{"name":"wp","href":"https:\/\/api.w.org\/{rel}","templated":true}]}}