{"id":4092,"date":"2017-09-28T17:16:56","date_gmt":"2017-09-28T15:16:56","guid":{"rendered":"http:\/\/www.autismeurope.org\/fr\/?page_id=4092"},"modified":"2020-09-25T14:30:46","modified_gmt":"2020-09-25T12:30:46","slug":"sante","status":"publish","type":"page","link":"https:\/\/www.autismeurope.org\/fr\/que-faisons-nous\/domaines-activite\/sante\/","title":{"rendered":"Sant\u00e9"},"content":{"rendered":"<p><span style=\"font-size: 12pt\">Les probl\u00e8mes m\u00e9dicaux peuvent aggraver le comportement des personnes autistes, surtout de celles qui ne peuvent communiquer leur douleur ni d\u2019autres ressentis. D\u00e8s lors, assurer un suivi consciencieux de leur \u00e9tat de sant\u00e9 g\u00e9n\u00e9ral est pr\u00e9pond\u00e9rant si l\u2019on veut \u00e9viter davantage de souffrance, de d\u00e9t\u00e9rioration des conditions de sant\u00e9 et une intervention inappropri\u00e9e (et inutile).<\/span><\/p>\n<p><span style=\"font-size: 12pt\">Les prestataires de soins de sant\u00e9 et les d\u00e9cideurs politiques reconnaissent que de nombreuses personnes autistes ont des besoins sp\u00e9cifiques qui peuvent n\u00e9cessiter d\u2019adapter les pratiques courantes et les mod\u00e8les de services dans le domaine de la sant\u00e9 afin de r\u00e9pondre aux difficult\u00e9s propres \u00e0 l\u2019autisme. D\u00e9tecter les signes avant-coureurs et traiter les probl\u00e8mes de sant\u00e9 chez les personnes autistes peuvent \u00eatre difficiles en raison de leurs difficult\u00e9s \u00e0 interagir socialement et \u00e0 communiquer, des anormalit\u00e9s sensorielles fr\u00e9quemment associ\u00e9es \u00e0 l\u2019autisme, de leur difficult\u00e9 de s\u2019adapter, de leur comportement extr\u00eame ainsi que de la peur et l\u2019anxi\u00e9t\u00e9 suscit\u00e9es par l\u2019auscultation, l\u2019imagerie diagnostique et d\u2019autres types d\u2019intervention. Des adaptations raisonnables des soins de sant\u00e9 et un soutien comp\u00e9tent et personnalis\u00e9 durant l\u2019hospitalisation ou la consultation devrait \u00eatre fournis.<\/span><\/p>\n<p><span style=\"font-size: 12pt\">En outre, les personnes autistes peuvent avoir des besoins uniques en soins de sant\u00e9 en raison des conditions fr\u00e9quemment associ\u00e9es \u00e0 l\u2019autisme (par exemple, le syndrome d\u2019Angelman, le syndrome du X fragile, la scl\u00e9rose tub\u00e9reuse, l\u2019\u00e9pilepsie). Les syst\u00e8mes de soins de sant\u00e9 peuvent jouer un r\u00f4le significatif dans l\u2019optimisation du potentiel des personnes autistes et l\u2019am\u00e9lioration de leur qualit\u00e9 de vie et de celle de leurs familles en r\u00e9agissant imm\u00e9diatement aux inqui\u00e9tudes des parents, en surveillant le comportement et le d\u00e9veloppement de l\u2019enfant\/de la personne, en r\u00e9f\u00e9rant rapidement les familles aupr\u00e8s de sp\u00e9cialistes pour une \u00e9valuation compl\u00e8te, en cherchant les conditions \u00e9tiologiques et comorbides, en acc\u00e9l\u00e9rant la mise en \u0153uvre de strat\u00e9gies d\u2019intervention sp\u00e9cifiques, en g\u00e9rant les probl\u00e8mes m\u00e9dicaux et en coordonnant la prise en charge entre les diff\u00e9rents syst\u00e8mes de prestation de services.<\/span><\/p>\n<p><span style=\"font-size: 12pt\">En vertu de la <a href=\"http:\/\/www.google.be\/url?sa=t&amp;rct=j&amp;q=&amp;esrc=s&amp;source=web&amp;cd=1&amp;ved=0ahUKEwiNodmuh8PWAhVMalAKHfKLC5oQFggmMAA&amp;url=http%3A%2F%2Fwww.un.org%2Ffrench%2Fdisabilities%2Fdefault.asp%3Fid%3D1413&amp;usg=AFQjCNFuv6Gckrq2FvEgD1rBds4veiZ8Zg\">Convention des Nations Unies relative aux Droits des Personnes Handicap\u00e9es<\/a>, les personnes autistes ont le droit de b\u00e9n\u00e9ficier de soins de sant\u00e9 adapt\u00e9s.<\/span><\/p>\n<h2><span style=\"font-size: 14pt\">La pand\u00e9mie COVID-19 et autisme<\/span><\/h2>\n<p><span style=\"font-size: 12pt\">La pand\u00e9mie COVID-19 a provoqu\u00e9 des perturbations dans le monde entier et a eu un impact important sur la vie des personnes autistes en suscitant des changements dans leur routine et dans leurs services de soutien. Covid-19 pose aussi de nouveaux d\u00e9fis en raison de l&rsquo;impact socio-\u00e9conomique de la crise.<\/span><\/p>\n<blockquote><p><span style=\"font-size: 12pt\"><strong><a href=\"https:\/\/www.autismeurope.org\/fr\/que-faisons-nous\/domaines-activite\/covid-19\/\" target=\"_blank\" rel=\"noopener noreferrer\">En savoir plus<\/a><\/strong><\/span><\/p><\/blockquote>\n<p><span style=\"font-size: 12pt\"><strong>Ci-dessous, quelques liens pertinents qui fournissent de l\u2019information et des conseils sur le th\u00e8me de l\u2019autisme et la sant\u00e9\u00a0:<\/strong><\/span><\/p>\n<blockquote>\n<ul>\n<li><span style=\"font-size: 12pt\"><a href=\"http:\/\/www.autismeurope.org\/fr\/projet-trase-formation-en-education-sexuelle-pour-les-personnes-en-situation-de-handicap-2015-2017\/\" target=\"_blank\" rel=\"noopener noreferrer\"><strong>Projet:\u00a0TRASE<\/strong><\/a>\u2013 Formation en \u00e9ducation sexuelle (2015-2017)<\/span><\/li>\n<li><span style=\"font-size: 12pt\"><a href=\"http:\/\/www.autismeurope.org\/fr\/projet-sead-education-sexuelle-pour-les-personnes-atteintes-dun-handicap-intellectuel-2012-2015\/\" target=\"_blank\" rel=\"noopener noreferrer\"><strong>Projet: SEAD<\/strong><\/a>\u00a0\u2013 Education sexuelle pour personnes atteintes d&rsquo;un handicap intellectuel (2012- 2015)<\/span><\/li>\n<\/ul>\n<\/blockquote>\n<h2><span style=\"font-size: 14pt\">Publications li\u00e9es<\/span><\/h2>\n<blockquote><p><span style=\"font-size: 12pt\"><a href=\"http:\/\/www.autismeurope.org\/fr\/blog\/2016\/04\/06\/le-rapport-autistica-denonce-les-deces-prematures-et-la-crise-de-mortalites-chez-les-personnes-autistes\/\" target=\"_blank\" rel=\"noopener noreferrer\"><strong>Le rapport Autistica d\u00e9nonce les d\u00e9c\u00e8s pr\u00e9matur\u00e9s et la crise de mortalit\u00e9s chez les personnes autistes<\/strong><\/a><\/span><\/p>\n<p><span style=\"font-size: 12pt\"><a href=\"http:\/\/www.autismeurope.org\/fr\/blog\/2013\/11\/26\/liste-de-controle-pour-la-sante-des-personnes-handicappees-vers-des-services-accessibles\/\" target=\"_blank\" rel=\"noopener noreferrer\"><strong>Liste de contr\u00f4le pour la sant\u00e9 des personnes handicapp\u00e9es \u2013 vers des services accessibles<\/strong><\/a><\/span><\/p>\n<p><span style=\"font-size: 12pt\"><a href=\"http:\/\/www.autismeurope.org\/fr\/blog\/2007\/12\/20\/droit-a-la-sante-et-a-ladaptation-boite-a-outils-au-service-des-parents-et-de-lautorepresentation\/\" target=\"_blank\" rel=\"noopener noreferrer\"><strong>Droit \u00e0 la sant\u00e9 et \u00e0 l\u2019adaptation \u2013 Bo\u00eete-\u00e0-outils au service des parents et de l\u2019autorepr\u00e9sentation<\/strong><\/a><\/span><\/p>\n<p><span style=\"font-size: 12pt\"><a href=\"http:\/\/www.autismeurope.org\/fr\/blog\/2007\/05\/27\/document-de-position-sur-les-soins-aux-personnes-autistes\/\" target=\"_blank\" rel=\"noopener noreferrer\"><strong>Document de position sur les soins aux personnes autistes<\/strong><\/a><\/span><\/p>\n<p><span style=\"font-size: 12pt\"><strong><a href=\"http:\/\/www.autismeurope.org\/fr\/blog\/2003\/09\/29\/autisme-et-sante\/\" target=\"_blank\" rel=\"noopener noreferrer\">Autisme et sant\u00e9<\/a><\/strong><\/span><\/p><\/blockquote>\n","protected":false},"excerpt":{"rendered":"<p>Les probl\u00e8mes m\u00e9dicaux peuvent aggraver le comportement des personnes autistes, surtout de celles qui ne peuvent communiquer leur douleur ni d\u2019autres ressentis. D\u00e8s lors, assurer un suivi consciencieux de leur &hellip; <\/p>\n<p class=\"link-more\"><a href=\"https:\/\/www.autismeurope.org\/fr\/que-faisons-nous\/domaines-activite\/sante\/\" class=\"more-link\">Continue reading<span class=\"screen-reader-text\"> \u00ab\u00a0Sant\u00e9\u00a0\u00bb<\/span><\/a><\/p>\n","protected":false},"author":32,"featured_media":0,"parent":3179,"menu_order":3,"comment_status":"closed","ping_status":"closed","template":"","meta":{"_acf_changed":false,"_bbp_topic_count":0,"_bbp_reply_count":0,"_bbp_total_topic_count":0,"_bbp_total_reply_count":0,"_bbp_voice_count":0,"_bbp_anonymous_reply_count":0,"_bbp_topic_count_hidden":0,"_bbp_reply_count_hidden":0,"_bbp_forum_subforum_count":0,"footnotes":""},"class_list":["post-4092","page","type-page","status-publish","hentry"],"acf":[],"_links":{"self":[{"href":"https:\/\/www.autismeurope.org\/fr\/wp-json\/wp\/v2\/pages\/4092","targetHints":{"allow":["GET"]}}],"collection":[{"href":"https:\/\/www.autismeurope.org\/fr\/wp-json\/wp\/v2\/pages"}],"about":[{"href":"https:\/\/www.autismeurope.org\/fr\/wp-json\/wp\/v2\/types\/page"}],"author":[{"embeddable":true,"href":"https:\/\/www.autismeurope.org\/fr\/wp-json\/wp\/v2\/users\/32"}],"replies":[{"embeddable":true,"href":"https:\/\/www.autismeurope.org\/fr\/wp-json\/wp\/v2\/comments?post=4092"}],"version-history":[{"count":9,"href":"https:\/\/www.autismeurope.org\/fr\/wp-json\/wp\/v2\/pages\/4092\/revisions"}],"predecessor-version":[{"id":44440,"href":"https:\/\/www.autismeurope.org\/fr\/wp-json\/wp\/v2\/pages\/4092\/revisions\/44440"}],"up":[{"embeddable":true,"href":"https:\/\/www.autismeurope.org\/fr\/wp-json\/wp\/v2\/pages\/3179"}],"wp:attachment":[{"href":"https:\/\/www.autismeurope.org\/fr\/wp-json\/wp\/v2\/media?parent=4092"}],"curies":[{"name":"wp","href":"https:\/\/api.w.org\/{rel}","templated":true}]}}