{"id":4160,"date":"2017-09-29T17:15:34","date_gmt":"2017-09-29T15:15:34","guid":{"rendered":"http:\/\/www.autismeurope.org\/fr\/?page_id=4160"},"modified":"2017-09-29T17:15:34","modified_gmt":"2017-09-29T15:15:34","slug":"journees-europeennes-de-lautisme-2011","status":"publish","type":"page","link":"https:\/\/www.autismeurope.org\/fr\/journees-europeennes-de-lautisme-2011\/","title":{"rendered":"Journ\u00e9es europ\u00e9ennes de l&rsquo;autisme 2011"},"content":{"rendered":"<h2><b>Belgique<\/b><\/h2>\n<div>Bruxelles, samedi 1er octobre, conf\u00e9rence \u00abParlons de l&rsquo;autisme\u00bb pour les personnes autistes et leurs parents www.participate-autisme.be<\/div>\n<div><\/div>\n<h2><b>Croatie<\/b><\/h2>\n<div>\n<div>\u00c9v\u00e9nement de table ronde pour discuter des questions li\u00e9es \u00e0 l&rsquo;autisme pour les parents, les autorit\u00e9s locales, les m\u00e9dias et le public<\/div>\n<div><\/div>\n<h2><b>R\u00e9publique tch\u00e8que<\/b><\/h2>\n<div>\n<div><span style=\"font-size: 12pt\"><a href=\"http:\/\/www.praha.apla.cz\/\">Prague, 14-16 octobre, table ronde avec des participants avec le syndrome d&rsquo;Asperger www.praha.apla.cz<\/a><\/span><\/div>\n<div><span style=\"font-size: 12pt\">\u00a0<\/span><\/div>\n<div><span style=\"font-size: 12pt\"><a href=\"http:\/\/www.autistik.cz\/\">Prague, 14-16 octobre, table ronde sur la question de l&rsquo;autisme et du vieillissement www.autistik.cz\/ <\/a><\/span><\/div>\n<div><\/div>\n<h2><b>Italie<\/b><\/h2>\n<\/div>\n<div>\n<p>Bologne, le 8 octobre, rencontre avec un expert juridique pour les personnes handicap\u00e9es www.angsaonlus.org<\/p>\n<p>Bologne, 16 octobre, r\u00e9union et repas concernant la budg\u00e9tisation personnelle pour les personnes handicap\u00e9es et leur famille www.angsaonlus.org<\/p>\n<p>Bologne, octobre, lancement d&rsquo;un calendrier 2012 produit par des personnes autistes pour recueillir des fonds et sensibiliser \u00e0 l&rsquo;autisme www.angsaonlus.org<\/p>\n<\/div>\n<div><\/div>\n<h2><b>Slovenie<\/b><\/h2>\n<div>\n<p>Ljubljana, les 29 et 30 septembre et 1er octobre, conf\u00e9rence \u00abAutism Connections Europe\u00bb (ACE) pour les participants \u00e0 une \u00e9tude sur l&rsquo;utilisation de Facebook comme outil de communication pour les personnes autistes, y compris une exposition d&rsquo;art et des spectacles, ainsi que la premi\u00e8re du documentaire, ACEbook &#8211; le v\u00e9ritable r\u00e9seau social, (\u00e9galement ouvert au public).<\/p>\n<p>Divers sites, 30 septembre et 1er octobre, documentaire, ACEbook &#8211; le v\u00e9ritable r\u00e9seau social, sera diffus\u00e9 dans plusieurs cin\u00e9mas de la Slov\u00e9nie.<\/p>\n<\/div>\n<\/div>\n","protected":false},"excerpt":{"rendered":"<p>Belgique Bruxelles, samedi 1er octobre, conf\u00e9rence \u00abParlons de l&rsquo;autisme\u00bb pour les personnes autistes et leurs parents www.participate-autisme.be Croatie \u00c9v\u00e9nement de table ronde pour discuter des questions li\u00e9es \u00e0 l&rsquo;autisme pour &hellip; <\/p>\n<p class=\"link-more\"><a href=\"https:\/\/www.autismeurope.org\/fr\/journees-europeennes-de-lautisme-2011\/\" class=\"more-link\">Continue reading<span class=\"screen-reader-text\"> \u00ab\u00a0Journ\u00e9es europ\u00e9ennes de l&rsquo;autisme 2011\u00a0\u00bb<\/span><\/a><\/p>\n","protected":false},"author":32,"featured_media":0,"parent":0,"menu_order":0,"comment_status":"closed","ping_status":"closed","template":"","meta":{"_acf_changed":false,"_bbp_topic_count":0,"_bbp_reply_count":0,"_bbp_total_topic_count":0,"_bbp_total_reply_count":0,"_bbp_voice_count":0,"_bbp_anonymous_reply_count":0,"_bbp_topic_count_hidden":0,"_bbp_reply_count_hidden":0,"_bbp_forum_subforum_count":0,"footnotes":""},"class_list":["post-4160","page","type-page","status-publish","hentry"],"acf":[],"_links":{"self":[{"href":"https:\/\/www.autismeurope.org\/fr\/wp-json\/wp\/v2\/pages\/4160","targetHints":{"allow":["GET"]}}],"collection":[{"href":"https:\/\/www.autismeurope.org\/fr\/wp-json\/wp\/v2\/pages"}],"about":[{"href":"https:\/\/www.autismeurope.org\/fr\/wp-json\/wp\/v2\/types\/page"}],"author":[{"embeddable":true,"href":"https:\/\/www.autismeurope.org\/fr\/wp-json\/wp\/v2\/users\/32"}],"replies":[{"embeddable":true,"href":"https:\/\/www.autismeurope.org\/fr\/wp-json\/wp\/v2\/comments?post=4160"}],"version-history":[{"count":1,"href":"https:\/\/www.autismeurope.org\/fr\/wp-json\/wp\/v2\/pages\/4160\/revisions"}],"predecessor-version":[{"id":4161,"href":"https:\/\/www.autismeurope.org\/fr\/wp-json\/wp\/v2\/pages\/4160\/revisions\/4161"}],"wp:attachment":[{"href":"https:\/\/www.autismeurope.org\/fr\/wp-json\/wp\/v2\/media?parent=4160"}],"curies":[{"name":"wp","href":"https:\/\/api.w.org\/{rel}","templated":true}]}}