{"id":4187,"date":"2017-09-29T18:07:17","date_gmt":"2017-09-29T16:07:17","guid":{"rendered":"http:\/\/www.autismeurope.org\/fr\/?page_id=4187"},"modified":"2019-11-12T15:18:15","modified_gmt":"2019-11-12T14:18:15","slug":"programme-asdeu-troubles-du-spectre-autistique-dans-lunion-europeenne-2015-2017","status":"publish","type":"page","link":"https:\/\/www.autismeurope.org\/fr\/programme-asdeu-troubles-du-spectre-autistique-dans-lunion-europeenne-2015-2017\/","title":{"rendered":"Programme: ASDEU- Troubles du spectre autistique dans l&rsquo;Union europ\u00e9enne (2015- 2018)"},"content":{"rendered":"<p><span style=\"font-size: 12pt\">Les 2.1 millions \u20ac dont b\u00e9n\u00e9ficie le programme serviront \u00e0 renforcer la compr\u00e9hension de l\u2019autisme et \u00e0 am\u00e9liorer les r\u00e9ponses face \u00e0 ce handicap.<\/span><\/p>\n<p><span style=\"font-size: 12pt\">A cette fin, le programme portera principalement sur : l\u2019\u00e9tude de la pr\u00e9valence de l\u2019autisme dans 12 pays de l\u2019UE; la revue des dispositions existantes et le d\u00e9veloppement de propositions pour les programmes de d\u00e9pistage pr\u00e9coce ; la formation des professionnels ; la validation de biomarqueurs de l\u2019autisme et l\u2019am\u00e9lioration de la compr\u00e9hension du diagnostic et des comorbidit\u00e9s ; l\u2019efficacit\u00e9 de la prise en charge et du soutien aux adultes et seniors autistes. Dans le cadre de ce projet, Autisme-Europe est charg\u00e9e de formuler des recommandations politiques aux d\u00e9cideurs europ\u00e9ens dans le domaine de la sant\u00e9 et de l\u2019inclusion sociale. <a href=\"http:\/\/www.autismeurope.org\/fr\/blog\/2018\/03\/09\/autisme-europe-presente-ses-recommandations-pour-une-strategie-europeenne-de-lautisme\/\" target=\"_blank\" rel=\"noopener noreferrer\">En janvier 2018 la Directrice d&rsquo;AE, Aur\u00e9lie Baranger, a pr\u00e9sent\u00e9 ces recommandations aux repr\u00e9sentants de la Commission europ\u00e9enne et des minist\u00e8res de plusieurs Etats membres de l&rsquo;Union europ\u00e9enne.\u00a0<\/a><\/span><\/p>\n<p><span style=\"font-size: 12pt\">Autisme-Europe travaillera aux c\u00f4t\u00e9s de 19 partenaires \u00e0 part enti\u00e8re et de 2 partenaires collaborateurs. Les partenaires \u00e0 part enti\u00e8re sont\u00a0:<\/span><\/p>\n<p><span style=\"font-size: 12pt\"><a href=\"https:\/\/www.meduniwien.ac.at\/homepage\/\" target=\"_blank\" rel=\"noopener noreferrer\">L\u2019Universit\u00e9 de m\u00e9decine de Vienne<\/a> (Autriche),\u00a0<a href=\"http:\/\/www.ugent.be\/en\" target=\"_blank\" rel=\"noopener noreferrer\">l\u2019Universit\u00e9 de Gand <\/a>(Belgique),\u00a0<a href=\"http:\/\/www.raredis.org\/\" target=\"_blank\" rel=\"noopener noreferrer\">l\u2019Association bulgare pour la promotion de l\u2019\u00e9ducation de la science <\/a>(Bulgarie),\u00a0<a href=\"http:\/\/www.au.dk\/en\/\" target=\"_blank\" rel=\"noopener noreferrer\">l\u2019Universit\u00e9 de Aarhus<\/a>\u00a0(Danemark), <a href=\"http:\/\/www.oulu.fi\/english\/\" target=\"_blank\" rel=\"noopener noreferrer\">l\u2019Universit\u00e9 d\u2019Oulu<\/a>\u00a0(Finlande),\u00a0<a href=\"http:\/\/www.univ-tlse2.fr\/home\/\" target=\"_blank\" rel=\"noopener noreferrer\">l\u2019Universit\u00e9 de Toulouse 2 Jean Jaur\u00e8s<\/a>\u00a0(France),\u00a0<a href=\"https:\/\/eng.velferdarraduneyti.is\/agencies\/nr\/1697\" target=\"_blank\" rel=\"noopener noreferrer\">Le Centre<\/a> public de diagnostic et de th\u00e9rapie (Islande),\u00a0<a href=\"http:\/\/www.irccs-stellamaris.it\/idem\/info_en.html\" target=\"_blank\" rel=\"noopener noreferrer\">la Fondation IRCCS Stella Maris <\/a>(Italie),\u00a0<a href=\"http:\/\/asdeu.eu\/insa\/\" target=\"_blank\" rel=\"noopener noreferrer\">l\u2019Institut national de la sant\u00e9 Doutor Ricardo Jorge<\/a>\u00a0(Portugal),\u00a0<a href=\"http:\/\/en.uw.edu.pl\/\" target=\"_blank\" rel=\"noopener noreferrer\">l\u2019Universit\u00e9 de Varsovie <\/a>(Pologne),\u00a0<a href=\"https:\/\/www.dcu.ie\/\" target=\"_blank\" rel=\"noopener noreferrer\">l\u2019Universit\u00e9 de la ville de Dublin<\/a>\u00a0(Irlande),\u00a0<a href=\"http:\/\/www.ivb.ro\/v2\/index.php\/en\" target=\"_blank\" rel=\"noopener noreferrer\">l\u2019Institut national de pathologie Victor Babes <\/a>(Roumanie),\u00a0<a href=\"http:\/\/www.cibican.org\/index.php?lang=us\" target=\"_blank\" rel=\"noopener noreferrer\">la Fondation BioAvance<\/a>\u00a0(Espagne),\u00a0<a href=\"http:\/\/www.usal.es\/webusal\/en\" target=\"_blank\" rel=\"noopener noreferrer\">l\u2019Universit\u00e9 de Salaman<\/a>que\u00a0(Espagne),\u00a0<a href=\"http:\/\/www.eng.isciii.es\/ISCIII\/es\/contenidos\/fd-el-instituto\/fd-organizacion\/fd-estructura-directiva\/fd-subdireccion-general-servicios-aplicados-formacion-investigacion\/fd-centros-unidades\/instituto-investigacion-enfermedades-raras.shtml\" target=\"_blank\" rel=\"noopener noreferrer\">l\u2019Institut de recherche sur les maladies rares de l\u2019Institut Salud Carlos III <\/a>(Espagne),\u00a0<a href=\"http:\/\/www.lse.ac.uk\/home.aspx\" target=\"_blank\" rel=\"noopener noreferrer\">l\u2019Ecole d\u2019\u00e9conomie de Londres <\/a>(Royaume-Uni),\u00a0<a href=\"http:\/\/www.kcl.ac.uk\/index.aspx\" target=\"_blank\" rel=\"noopener noreferrer\">Le King\u2019s College de Lond<\/a>res\u00a0(Royaume-Uni) et\u00a0<a href=\"http:\/\/www.autism.org.uk\/\" target=\"_blank\" rel=\"noopener noreferrer\">la National Autistic Society<\/a>\u00a0(Royaume-Uni).<\/span><\/p>\n<p><span style=\"font-size: 12pt\"><a href=\"http:\/\/asdeu.eu\/\" target=\"_blank\" rel=\"noopener noreferrer\"><strong>Visiter le site Internet du projet<\/strong><\/a><\/span><\/p>\n","protected":false},"excerpt":{"rendered":"<p>Les 2.1 millions \u20ac dont b\u00e9n\u00e9ficie le programme serviront \u00e0 renforcer la compr\u00e9hension de l\u2019autisme et \u00e0 am\u00e9liorer les r\u00e9ponses face \u00e0 ce handicap. A cette fin, le programme portera &hellip; <\/p>\n<p class=\"link-more\"><a href=\"https:\/\/www.autismeurope.org\/fr\/programme-asdeu-troubles-du-spectre-autistique-dans-lunion-europeenne-2015-2017\/\" class=\"more-link\">Continue reading<span class=\"screen-reader-text\"> \u00ab\u00a0Programme: ASDEU- Troubles du spectre autistique dans l&rsquo;Union europ\u00e9enne (2015- 2018)\u00a0\u00bb<\/span><\/a><\/p>\n","protected":false},"author":32,"featured_media":0,"parent":0,"menu_order":0,"comment_status":"closed","ping_status":"closed","template":"","meta":{"_acf_changed":false,"_bbp_topic_count":0,"_bbp_reply_count":0,"_bbp_total_topic_count":0,"_bbp_total_reply_count":0,"_bbp_voice_count":0,"_bbp_anonymous_reply_count":0,"_bbp_topic_count_hidden":0,"_bbp_reply_count_hidden":0,"_bbp_forum_subforum_count":0,"footnotes":""},"class_list":["post-4187","page","type-page","status-publish","hentry"],"acf":[],"_links":{"self":[{"href":"https:\/\/www.autismeurope.org\/fr\/wp-json\/wp\/v2\/pages\/4187","targetHints":{"allow":["GET"]}}],"collection":[{"href":"https:\/\/www.autismeurope.org\/fr\/wp-json\/wp\/v2\/pages"}],"about":[{"href":"https:\/\/www.autismeurope.org\/fr\/wp-json\/wp\/v2\/types\/page"}],"author":[{"embeddable":true,"href":"https:\/\/www.autismeurope.org\/fr\/wp-json\/wp\/v2\/users\/32"}],"replies":[{"embeddable":true,"href":"https:\/\/www.autismeurope.org\/fr\/wp-json\/wp\/v2\/comments?post=4187"}],"version-history":[{"count":8,"href":"https:\/\/www.autismeurope.org\/fr\/wp-json\/wp\/v2\/pages\/4187\/revisions"}],"predecessor-version":[{"id":32481,"href":"https:\/\/www.autismeurope.org\/fr\/wp-json\/wp\/v2\/pages\/4187\/revisions\/32481"}],"wp:attachment":[{"href":"https:\/\/www.autismeurope.org\/fr\/wp-json\/wp\/v2\/media?parent=4187"}],"curies":[{"name":"wp","href":"https:\/\/api.w.org\/{rel}","templated":true}]}}