{"id":43254,"date":"2020-02-11T10:10:26","date_gmt":"2020-02-11T09:10:26","guid":{"rendered":"https:\/\/www.autismeurope.org\/fr\/?page_id=43254"},"modified":"2020-02-12T10:42:18","modified_gmt":"2020-02-12T09:42:18","slug":"afs-autism-friendly-spaces-des-espaces-adaptes-aux-personnes-autistes-2019-2022","status":"publish","type":"page","link":"https:\/\/www.autismeurope.org\/fr\/afs-autism-friendly-spaces-des-espaces-adaptes-aux-personnes-autistes-2019-2022\/","title":{"rendered":"AFS : Autism Friendly Spaces (des espaces adapt\u00e9s aux personnes autistes). 2019- 2022"},"content":{"rendered":"<p><span style=\"font-size: 12pt\">Les principaux objectifs de ce projet sont de cr\u00e9er un changement positif dans la communaut\u00e9, notamment par\u00a0:<\/span><\/p>\n<p><span style=\"font-size: 12pt\">1) le renforcement de comp\u00e9tences des \u00e9ducateurs et des animateurs de jeunesse en am\u00e9liorant leurs connaissances, leurs attitudes et en leur fournissant des strat\u00e9gies d&rsquo;inclusion qui concernent sp\u00e9cifiquement les \u00e9tudiants\/jeunes autistes\u00a0;<\/span><\/p>\n<p><span style=\"font-size: 12pt\">2) le renforcement de l\u2019accessibilit\u00e9 aux espaces publics et priv\u00e9s, gr\u00e2ce \u00e0 un syst\u00e8me de certification et \u00e0 l\u2019application <em>Autim Friendly Spaces<\/em> et par le biais d\u2019une campagne de sensibilisation \u00e0 l&rsquo;\u00e9chelle nationale\u00a0;<\/span><\/p>\n<p><span style=\"font-size: 12pt\">3) le soutien des jeunes autistes sur le plan social, par le biais d&rsquo;un centre pilote pour les jeunes, cr\u00e9\u00e9 sp\u00e9cialement pour eux.<\/span><\/p>\n<p><span style=\"font-size: 12pt\">Le coordinateur du projet, <a href=\"https:\/\/www.prismsmalta.com\/\" target=\"_blank\" rel=\"noopener noreferrer\">l&rsquo;ONG Prisms<\/a> (Malte), collabore \u00e9troitement avec tous les autres partenaires, notamment : la <a href=\"https:\/\/crpd.org.mt\/\" target=\"_blank\" rel=\"noopener noreferrer\">Commission pour les droits des personnes handicap\u00e9es<\/a> (Malte), <a href=\"https:\/\/crpd.org.mt\/\" target=\"_blank\" rel=\"noopener noreferrer\">l&rsquo;Agence \u017bg\u0127a\u017cag\u0127<\/a> (Malte), l&rsquo;ONG Learning Designers (Espagne), la <a href=\"http:\/\/www.mssa.org.mk\/\" target=\"_blank\" rel=\"noopener noreferrer\">Soci\u00e9t\u00e9 scientifique pour l&rsquo;autisme<\/a> (Mac\u00e9doine du Nord) et Autisme-Europe (Belgique).<\/span><\/p>\n<h2><span style=\"font-size: 14pt\">R\u00e9sultats escompt\u00e9s<\/span><\/h2>\n<ul>\n<li><span style=\"font-size: 12pt\">cr\u00e9ation, conception et mise en \u0153uvre de quatre modules en ligne gratuits, interactifs, facilement accessibles et tr\u00e8s instructifs pour les \u00e9ducateurs et les travailleurs de jeunesse d\u00e9sireux d&rsquo;apprendre et de renforcer leurs comp\u00e9tences afin de travailler dans un environnement inclusive\u00a0;<\/span><\/li>\n<li><span style=\"font-size: 12pt\">cr\u00e9ation d&rsquo;un syst\u00e8me de certification qui permet aux secteurs priv\u00e9 et public de rendre leurs lieux respectueux de l\u2019autisme. Les lieux qui recevront la certification \u00ab\u00a0Autism Friendly Spaces\u00a0\u00bb seront r\u00e9pertori\u00e9s sur un site web et dans application cr\u00e9\u00e9s dans le cadre de ce projet\u00a0;<\/span><\/li>\n<li><span style=\"font-size: 12pt\">cr\u00e9ation d\u2019un centre pilote pour jeunes autistes.<\/span><\/li>\n<\/ul>\n<h2><span style=\"font-size: 14pt\">A propos du programme Erasmus+<\/span><\/h2>\n<p><span style=\"font-size: 12pt\"><a href=\"https:\/\/ec.europa.eu\/programmes\/erasmus-plus\/node_fr\" target=\"_blank\" rel=\"noopener noreferrer\">Erasmus<\/a>+ est un programme de l&rsquo;UE qui soutient l&rsquo;\u00e9ducation, la formation, la jeunesse et les sports en Europe. Son budget de 14,7 milliards d&rsquo;euros donne la possibilit\u00e9 \u00e0 plus de 4 millions d&rsquo;Europ\u00e9ens d&rsquo;\u00e9tudier, de se former, d&rsquo;acqu\u00e9rir de l&rsquo;exp\u00e9rience et de faire du b\u00e9n\u00e9volat \u00e0 l&rsquo;\u00e9tranger.<\/span><\/p>\n","protected":false},"excerpt":{"rendered":"<p>Les principaux objectifs de ce projet sont de cr\u00e9er un changement positif dans la communaut\u00e9, notamment par\u00a0: 1) le renforcement de comp\u00e9tences des \u00e9ducateurs et des animateurs de jeunesse en &hellip; <\/p>\n<p class=\"link-more\"><a href=\"https:\/\/www.autismeurope.org\/fr\/afs-autism-friendly-spaces-des-espaces-adaptes-aux-personnes-autistes-2019-2022\/\" class=\"more-link\">Continue reading<span class=\"screen-reader-text\"> \u00ab\u00a0AFS : Autism Friendly Spaces (des espaces adapt\u00e9s aux personnes autistes). 2019- 2022\u00a0\u00bb<\/span><\/a><\/p>\n","protected":false},"author":32,"featured_media":0,"parent":0,"menu_order":0,"comment_status":"closed","ping_status":"closed","template":"","meta":{"_acf_changed":false,"_bbp_topic_count":0,"_bbp_reply_count":0,"_bbp_total_topic_count":0,"_bbp_total_reply_count":0,"_bbp_voice_count":0,"_bbp_anonymous_reply_count":0,"_bbp_topic_count_hidden":0,"_bbp_reply_count_hidden":0,"_bbp_forum_subforum_count":0,"footnotes":""},"class_list":["post-43254","page","type-page","status-publish","hentry"],"acf":[],"_links":{"self":[{"href":"https:\/\/www.autismeurope.org\/fr\/wp-json\/wp\/v2\/pages\/43254","targetHints":{"allow":["GET"]}}],"collection":[{"href":"https:\/\/www.autismeurope.org\/fr\/wp-json\/wp\/v2\/pages"}],"about":[{"href":"https:\/\/www.autismeurope.org\/fr\/wp-json\/wp\/v2\/types\/page"}],"author":[{"embeddable":true,"href":"https:\/\/www.autismeurope.org\/fr\/wp-json\/wp\/v2\/users\/32"}],"replies":[{"embeddable":true,"href":"https:\/\/www.autismeurope.org\/fr\/wp-json\/wp\/v2\/comments?post=43254"}],"version-history":[{"count":6,"href":"https:\/\/www.autismeurope.org\/fr\/wp-json\/wp\/v2\/pages\/43254\/revisions"}],"predecessor-version":[{"id":43285,"href":"https:\/\/www.autismeurope.org\/fr\/wp-json\/wp\/v2\/pages\/43254\/revisions\/43285"}],"wp:attachment":[{"href":"https:\/\/www.autismeurope.org\/fr\/wp-json\/wp\/v2\/media?parent=43254"}],"curies":[{"name":"wp","href":"https:\/\/api.w.org\/{rel}","templated":true}]}}