{"id":43257,"date":"2020-02-11T10:12:55","date_gmt":"2020-02-11T09:12:55","guid":{"rendered":"https:\/\/www.autismeurope.org\/fr\/?page_id=43257"},"modified":"2020-02-12T10:24:52","modified_gmt":"2020-02-12T09:24:52","slug":"ymi-jeunes-mediateurs-au-service-de-l-inclusion-2019-2022","status":"publish","type":"page","link":"https:\/\/www.autismeurope.org\/fr\/ymi-jeunes-mediateurs-au-service-de-l-inclusion-2019-2022\/","title":{"rendered":"YMI : Jeunes m\u00e9diateurs au service de l\u2019inclusion (2019- 2022)"},"content":{"rendered":"<p><span style=\"font-size: 12pt\">La plupart des enfants et des jeunes autistes ne sont pas pleinement inclus dans la soci\u00e9t\u00e9. Presque tous les organismes qui travaillent dans ce domaine d\u00e9veloppent des activit\u00e9s sp\u00e9cifiques, destin\u00e9es uniquement aux enfants autistes. Ces activit\u00e9s sont men\u00e9es dans des groupes distincts et encadr\u00e9es par des th\u00e9rapeutes. Cela favorise les voies de l&rsquo;exclusion, de la stigmatisation, de la discrimination et de l&rsquo;institutionnalisation.<\/span><\/p>\n<p><span style=\"font-size: 12pt\">Afin de rem\u00e9dier \u00e0 cette situation, le projet YMI encourage la participation des enfants et des jeunes autistes aux activit\u00e9s men\u00e9es dans les structures de proximit\u00e9, dans des conditions d&rsquo;\u00e9galit\u00e9 avec leurs pairs, gr\u00e2ce au soutien de \u00ab jeunes m\u00e9diateurs\u00a0\u00bb charg\u00e9s de faciliter l&rsquo;inclusion sociale.<\/span><\/p>\n<p><span style=\"font-size: 12pt\">Ce projet pr\u00e9voit la cr\u00e9ation d&rsquo;une m\u00e9thodologie pilote innovante pour inclure les enfants et les jeunes autistes dans les structures de proximit\u00e9 ordinaires (clubs sportifs, associations culturelles et r\u00e9cr\u00e9atives, activit\u00e9s promues par la municipalit\u00e9, etc.), ainsi qu&rsquo;une formation pour les jeunes m\u00e9diateurs afin de garantir la pleine inclusion des personnes autistes. En outre, un guide europ\u00e9en sera \u00e9galement con\u00e7u pour rassembler et diss\u00e9miner les bonnes pratiques dans ce domaine sp\u00e9cifique.<\/span><\/p>\n<p><span style=\"font-size: 12pt\">Un partenariat international a \u00e9t\u00e9 cr\u00e9\u00e9 pour mettre en \u0153uvre ce projet, sous la coordination de l&rsquo;association portugaise <a href=\"https:\/\/www.inovarautismo.pt\/\" target=\"_blank\" rel=\"noopener noreferrer\">Inovar Autismo<\/a>. Sont \u00e9galement impliqu\u00e9s dans le projets\u00a0: trois autres associations de l&rsquo;autisme (<a href=\"http:\/\/www.autismoburgos.es\/\" target=\"_blank\" rel=\"noopener noreferrer\">Autismo Burgos<\/a> (Espagne), <a href=\"https:\/\/diversamenteonlus.org\/\" target=\"_blank\" rel=\"noopener noreferrer\">Diversamente ODV<\/a> (Italie) et Autisme-Europe (Belgique))\u00a0; l&rsquo;\u00e9cole de commerce <a href=\"http:\/\/ibs.iscte-iul.pt\/en\/\" target=\"_blank\" rel=\"noopener noreferrer\">ISCTE<\/a> (Portugal) et <a href=\"https:\/\/intermediakt.org\/home\/\" target=\"_blank\" rel=\"noopener noreferrer\">IntermediaKT<\/a> (Gr\u00e8ce), une organisation \u00e0 but non lucratif active dans l&rsquo;enseignement, la formation et l&rsquo;innovation professionnels.<\/span><\/p>\n<h2><span style=\"font-size: 14pt\">A propos du programme Erasmus+<\/span><\/h2>\n<p><span style=\"font-size: 12pt\"><a href=\"https:\/\/ec.europa.eu\/programmes\/erasmus-plus\/node_fr\" target=\"_blank\" rel=\"noopener noreferrer\">Erasmus+<\/a> est un programme de l&rsquo;UE qui soutient l&rsquo;\u00e9ducation, la formation, la jeunesse et les sports en Europe. Son budget de 14,7 milliards d&rsquo;euros donne la possibilit\u00e9 \u00e0 plus de 4 millions d&rsquo;Europ\u00e9ens d&rsquo;\u00e9tudier, de se former, d&rsquo;acqu\u00e9rir de l&rsquo;exp\u00e9rience et de faire du b\u00e9n\u00e9volat \u00e0 l&rsquo;\u00e9tranger.<\/span><\/p>\n","protected":false},"excerpt":{"rendered":"<p>La plupart des enfants et des jeunes autistes ne sont pas pleinement inclus dans la soci\u00e9t\u00e9. Presque tous les organismes qui travaillent dans ce domaine d\u00e9veloppent des activit\u00e9s sp\u00e9cifiques, destin\u00e9es &hellip; <\/p>\n<p class=\"link-more\"><a href=\"https:\/\/www.autismeurope.org\/fr\/ymi-jeunes-mediateurs-au-service-de-l-inclusion-2019-2022\/\" class=\"more-link\">Continue reading<span class=\"screen-reader-text\"> \u00ab\u00a0YMI : Jeunes m\u00e9diateurs au service de l\u2019inclusion (2019- 2022)\u00a0\u00bb<\/span><\/a><\/p>\n","protected":false},"author":32,"featured_media":0,"parent":0,"menu_order":0,"comment_status":"closed","ping_status":"closed","template":"","meta":{"_acf_changed":false,"_bbp_topic_count":0,"_bbp_reply_count":0,"_bbp_total_topic_count":0,"_bbp_total_reply_count":0,"_bbp_voice_count":0,"_bbp_anonymous_reply_count":0,"_bbp_topic_count_hidden":0,"_bbp_reply_count_hidden":0,"_bbp_forum_subforum_count":0,"footnotes":""},"class_list":["post-43257","page","type-page","status-publish","hentry"],"acf":[],"_links":{"self":[{"href":"https:\/\/www.autismeurope.org\/fr\/wp-json\/wp\/v2\/pages\/43257","targetHints":{"allow":["GET"]}}],"collection":[{"href":"https:\/\/www.autismeurope.org\/fr\/wp-json\/wp\/v2\/pages"}],"about":[{"href":"https:\/\/www.autismeurope.org\/fr\/wp-json\/wp\/v2\/types\/page"}],"author":[{"embeddable":true,"href":"https:\/\/www.autismeurope.org\/fr\/wp-json\/wp\/v2\/users\/32"}],"replies":[{"embeddable":true,"href":"https:\/\/www.autismeurope.org\/fr\/wp-json\/wp\/v2\/comments?post=43257"}],"version-history":[{"count":6,"href":"https:\/\/www.autismeurope.org\/fr\/wp-json\/wp\/v2\/pages\/43257\/revisions"}],"predecessor-version":[{"id":43280,"href":"https:\/\/www.autismeurope.org\/fr\/wp-json\/wp\/v2\/pages\/43257\/revisions\/43280"}],"wp:attachment":[{"href":"https:\/\/www.autismeurope.org\/fr\/wp-json\/wp\/v2\/media?parent=43257"}],"curies":[{"name":"wp","href":"https:\/\/api.w.org\/{rel}","templated":true}]}}