{"id":43370,"date":"2020-02-24T15:24:03","date_gmt":"2020-02-24T14:24:03","guid":{"rendered":"https:\/\/www.autismeurope.org\/fr\/?page_id=43370"},"modified":"2020-02-24T15:25:53","modified_gmt":"2020-02-24T14:25:53","slug":"une-nouvelle-dynamique-pour-lautisme-i-%e2%88%9e-autisme-waad-2019","status":"publish","type":"page","link":"https:\/\/www.autismeurope.org\/fr\/une-nouvelle-dynamique-pour-lautisme-i-%e2%88%9e-autisme-waad-2019\/","title":{"rendered":"Une nouvelle dynamique pour l&rsquo;autisme. I \u221e autisme- WAAD 2019"},"content":{"rendered":"<h2><span style=\"font-size: 14pt\">Comment puis-je soutenir la campagne ?<\/span><\/h2>\n<p><img loading=\"lazy\" decoding=\"async\" class=\"aligncenter size-full wp-image-29664\" src=\"http:\/\/www.autismeurope.org\/wp-content\/uploads\/2019\/02\/waad-2019-gesture.jpg\" alt=\"\" width=\"720\" height=\"204\" srcset=\"https:\/\/www.autismeurope.org\/wp-content\/uploads\/2019\/02\/waad-2019-gesture.jpg 720w, https:\/\/www.autismeurope.org\/wp-content\/uploads\/2019\/02\/waad-2019-gesture-300x85.jpg 300w\" sizes=\"auto, (max-width: 720px) 100vw, 720px\" \/><\/p>\n<p><span style=\"font-size: 12pt\">1. Reproduisez le symbole de l\u2019infini avec les mains ou, par exemple, formez ce symbole avec un groupe de personnes<\/span><br \/>\n<span style=\"font-size: 12pt\">2. Prenez votre t\u00e9l\u00e9phone portable ou appareil photo<\/span><br \/>\n<span style=\"font-size: 12pt\">3. Faites une photo, une vid\u00e9o ou une story de vous en montrant le symbole ou <a href=\"https:\/\/www.dropbox.com\/s\/jvp9j6hmj76zjq8\/Logo_original_FR.pdf?dl=0\" target=\"_blank\" rel=\"noopener noreferrer\">le visuel de la campagne<\/a><\/span><br \/>\n<span style=\"font-size: 12pt\">4. Expliquez quel genre d\u2019action vous entreprenez pour soutenir une soci\u00e9t\u00e9 inclusive pour les personnes autistes<\/span><br \/>\n<span style=\"font-size: 12pt\">5. Partagez sur les r\u00e9seaux sociaux avec le hashtag <strong>#AutismDay2019<\/strong><\/span><\/p>\n<h2><span style=\"font-size: 14pt\">Le th\u00e8me de la campagne<\/span><\/h2>\n<p><span style=\"font-size: 12pt\">Cette ann\u00e9e, le th\u00e8me et le visuel de la campagne sont \u00e9troitement li\u00e9s au <a href=\"http:\/\/www.autismeurope.org\/fr\/que-faisons-nous\/congres-internationaux\/prochain-congres\/\">12e Congr\u00e8s international d&rsquo;Autisme-Europe<\/a>, qui se tiendra \u00e0 Nice, en France, en septembre 2019. Sous le th\u00e8me \u00ab\u00a0Une nouvelle dynamique pour le changement et l&rsquo;inclusion\u00a0\u00bb, le Congr\u00e8s aura pour but de partager les connaissances et les exp\u00e9riences les plus r\u00e9centes qui permettront de progresser vers une soci\u00e9t\u00e9 inclusive pour les personnes autistes.<\/span><\/p>\n<p><span style=\"font-size: 12pt\">Le congr\u00e8s vise principalement \u00e0 sensibiliser \u00e0 l\u2019autisme, \u00e0 promouvoir sa compr\u00e9hension, \u00e0 encourager une approche de l&rsquo;autisme fond\u00e9e sur les droits, et \u00e0 favoriser le partage de connaissances et d\u2019exp\u00e9riences. Le titre du congr\u00e8s de 2019 a une connotation positive et refl\u00e8te l\u2019id\u00e9e que le fait d\u2019encourager des interventions bas\u00e9es sur des connaissances scientifiques r\u00e9centes, la d\u00e9sinstitutionalisation et la vie en communaut\u00e9, fait partie des\u00a0 principales priorit\u00e9s de la France, le pays h\u00f4te.<\/span><\/p>\n<p><span style=\"font-size: 12pt\">Afin de faire \u00e9cho \u00e0 ce message \u00e0 l&rsquo;\u00e9chelle mondiale, nous avons choisi \u00ab Une nouvelle dynamique pour l&rsquo;autisme \u00bb comme slogan de notre campagne.\u00a0Par cons\u00e9quent, nous avons ajout\u00e9 au slogan de la campagne <strong>\u00ab Une nouvelle dynamique pour l&rsquo;autisme\u00a0\u00bb<\/strong> l&rsquo;accroche\u00a0<strong>\u00ab I \u221e autisme \u00bb<\/strong> (lire \u00ab I infinity\/love autisme\u00a0\u00bb), faisant r\u00e9f\u00e9rence au logo.<\/span><\/p>\n<p><span style=\"font-size: 12pt\">https:\/\/www.youtube.com\/watch?v=fNXYk5R9bPY&amp;feature=youtu.be<\/span><\/p>\n<p><em><span style=\"font-size: 10pt\">Vid\u00e9o officielle de la campagne, r\u00e9alis\u00e9e en partenariat avec Autismo Espa\u00f1a<\/span><\/em><\/p>\n<blockquote><p><span style=\"font-size: 12pt\"><strong><a href=\"https:\/\/www.dropbox.com\/s\/qlnqygmpn9kkb7d\/WAAD%202019_Official%20Video_without%20dialogues.mp4?dl=0\" target=\"_blank\" rel=\"noopener noreferrer\">Cliquez ici pour t\u00e9l\u00e9charger la vid\u00e9o sans dialogues et l&rsquo;adapter \u00e0 votre langue et \u00e0 votre contexte<\/a><\/strong><\/span><\/p><\/blockquote>\n<h2><span style=\"font-size: 14pt\">Le manifeste et la d\u00e9claration de la campagne<\/span><\/h2>\n<p><img loading=\"lazy\" decoding=\"async\" class=\"aligncenter size-full wp-image-30052\" src=\"https:\/\/www.autismeurope.org\/wp-content\/uploads\/2019\/03\/manifesto-pledge-2019.jpg\" alt=\"\" width=\"720\" height=\"204\" srcset=\"https:\/\/www.autismeurope.org\/wp-content\/uploads\/2019\/03\/manifesto-pledge-2019.jpg 720w, https:\/\/www.autismeurope.org\/wp-content\/uploads\/2019\/03\/manifesto-pledge-2019-300x85.jpg 300w\" sizes=\"auto, (max-width: 720px) 100vw, 720px\" \/><\/p>\n<p><span style=\"font-size: 12pt\">Autisme-Europe\u00a0 fait campagne pour \u00ab\u00a0Une nouvelle dynamique pour l&rsquo;autisme\u00a0\u00bb afin d&rsquo;ouvrir la voie \u00e0 des politiques europ\u00e9ennes favorables \u00e0 l&rsquo;autisme dans le cadre du prochain mandat du Parlement europ\u00e9en de 2019 \u00e0 2024. Pour mettre en \u0153uvre cet objectif, AE a publi\u00e9 un manifeste soulignant les priorit\u00e9s des personnes autistes en Europe. AE demande \u00e9galement aux candidats aux \u00e9lections europ\u00e9ennes de signer un engagement \u00e0 soutenir les personnes autistes et leurs familles en Europe.<\/span><\/p>\n<p><span style=\"font-size: 12pt\">AE encourage ses membres et son r\u00e9seau \u00e0 t\u00e9l\u00e9charger l\u2019engagement (disponible en format A4 et A5), \u00e0 le traduire, \u00e0 l\u2019imprimer et \u00e0 le diffuser aupr\u00e8s les candidats de leur pays. Une fois sign\u00e9, vous pouvez en envoyer une copie scann\u00e9e \u00e0\u00a0<a href=\"mailto:communication@autismeurope.org\">communication@autismeurope.org<\/a>.<\/span><\/p>\n<blockquote><p><strong><a href=\"https:\/\/www.autismeurope.org\/fr\/blog\/2019\/03\/05\/une-nouvelle-dynamique-pour-lautisme-manifeste-pour-les-elections-europeennes-de-2019\/\" target=\"_blank\" rel=\"noopener noreferrer\"><span style=\"font-size: 12pt\">Cliquez ici pour en savoir plus et pour t\u00e9l\u00e9charger les documents de plaidoyer<\/span><\/a><\/strong><\/p><\/blockquote>\n<h2><span style=\"font-size: 14pt\"><strong>La bo\u00eete \u00e0 outils de la campage<\/strong><\/span><\/h2>\n<p><span style=\"font-size: 12pt\">La bo\u00eete \u00e0 outils de la campagne explique l&rsquo;id\u00e9e derri\u00e8re le th\u00e8me et d\u00e9crit en d\u00e9tail comment et quand vous pouvez soutenir la campagne de la mani\u00e8re qui vous convient le mieux.<\/span><\/p>\n<p><span style=\"font-size: 12pt\">Ce document contient du mat\u00e9riel, des strat\u00e9gies et des\u00a0 recommandations sur la mani\u00e8re dont vous pouvez, vous aussi, donner de l\u2019\u00e9lan \u00e0 notre campagne de sensibilisation et contribuer \u00e0 sa r\u00e9ussite.<\/span><\/p>\n<blockquote><p><a href=\"https:\/\/www.dropbox.com\/s\/6em243t6kops5xm\/WAAD-2019_Bo%C3%AEte%20%C3%A0%20outils_FR.pdf?dl=0\" target=\"_blank\" rel=\"noopener noreferrer\"><span style=\"font-size: 12pt\"><strong>T\u00e9l\u00e9charger la bo\u00eete \u00e0 outils de la campagne<\/strong><\/span><\/a><\/p><\/blockquote>\n<p><span style=\"font-size: 12pt\">La bo\u00eete \u00e0 outils de la campagne contient:<\/span><\/p>\n<ul>\n<li><span style=\"font-size: 12pt\"><strong><a href=\"https:\/\/www.dropbox.com\/sh\/lhb0g85zulkhu8j\/AAA9wRUl0sWORe3tspvr7b_4a?dl=0\">Lignes directrices sur l\u2019identit\u00e9 graphique et le langage<\/a> <\/strong>: Logo, polices de caract\u00e8res, codes de couleur, symbole de l&rsquo;infini,\u00a0 photo de mains, ic\u00f4nes, langage appropri\u00e9.<\/span><\/li>\n<li><span style=\"font-size: 12pt\"><a href=\"https:\/\/www.dropbox.com\/sh\/6uckv96rct0qxe2\/AABdGdete9sSJQt8T_XZQzdPa?dl=0\"><strong>Outils marketing<\/strong><\/a> : Web, teasers, images et vid\u00e9os sur les m\u00e9dias sociaux; d\u00e9pliants, affiches, infographies, signature \u00e9lectronique.<\/span><\/li>\n<li><span style=\"font-size: 12pt\"><a href=\"https:\/\/www.dropbox.com\/sh\/g8lxrmiri4cyfq6\/AAAg4mK2mNXevXbZ3oW0d9K1a?dl=0\"><strong>Outils promotionnels<\/strong><\/a> : Mod\u00e8le de lettre, carte de visite, banni\u00e8re \u00e0 rouleau, cartons tente pour table.<\/span><\/li>\n<li><span style=\"font-size: 12pt\"><a href=\"https:\/\/www.dropbox.com\/sh\/4w8j5ih3kxt7zwr\/AACG63sQMf1aF4dtdfaXUAlAa?dl=0\" target=\"_blank\" rel=\"noopener noreferrer\"><strong>Outils de plaidoyer et de relations publiques<\/strong><\/a>: Manifeste, communiqu\u00e9 de presse, promesse aux d\u00e9cideurs politiques (en anglais).<\/span><\/li>\n<li><span style=\"font-size: 12pt\"><a href=\"https:\/\/www.dropbox.com\/sh\/sr86mdksumksa6g\/AACNow8PXmIfSLcOZgMjIFk0a?dl=0\"><strong>Guides d&rsquo;utilisation des m\u00e9dias sociaux<\/strong><\/a> : Facebook, Twitter et Instagram (en anglais).<\/span><\/li>\n<li><span style=\"font-size: 12pt\"><a href=\"https:\/\/www.dropbox.com\/s\/8m4bqn1fd2ay9eu\/WAAD-2019_Guide_Facile%20%C3%A0%20lire-FR.pdf?dl=0\" target=\"_blank\" rel=\"noopener noreferrer\"><strong>Version facile \u00e0 lire<\/strong><\/a> de la bo\u00eete \u00e0 outils.<\/span><\/li>\n<\/ul>\n<h2><span style=\"font-size: 14pt\"><strong>Comment adapter le mat\u00e9riel de la campagne dans votre langue<\/strong><\/span><\/h2>\n<p><span style=\"font-size: 12pt\">Tous les documents de la campagne peuvent \u00eatre traduits et adapt\u00e9s dans votre langue (des fichiers \u00e9ditables sont disponibles dans le cas des documents visuels). Autisme-Europe vous encourage \u00e0 le faire et vous aide \u00e0 le faire, si n\u00e9cessaire. Il est \u00e9galement possible d&rsquo;y ajouter le logo de votre organisation, ainsi que celui d&rsquo;Autisme-Europe.<\/span><\/p>\n<blockquote><p><span style=\"font-size: 12pt\"><strong><a href=\"https:\/\/www.dropbox.com\/s\/k77qc1t6rxek3hk\/Campaign%20wording%20for%20translation.pdf?dl=0\">T\u00e9l\u00e9charger le texte de la campagne pour traduction dans d&rsquo;autres langues<\/a> (en anglais)<\/strong><\/span><\/p><\/blockquote>\n<p><span style=\"font-size: 12pt\">En outre,\u00a0Autisme-Europe invite tous ceux qui envisagent d&rsquo;utiliser le mat\u00e9riel de la campagne \u00e0 r\u00e9fl\u00e9chir au <a href=\"http:\/\/www.autismeurope.org\/fr\/a-propos-dautism-europe\/langage-approprie\/\">langage acceptable et appropri\u00e9e<\/a> \u00e0 utiliser dans leur propre contexte et zone g\u00e9ographique, en particulier du point de vue des personnes autistes, et \u00e0 adapter le mat\u00e9riel en cons\u00e9quence.<\/span><\/p>\n<p><strong><span style=\"font-size: 12pt\">Le mat\u00e9riel de la campagne est d\u00e9j\u00e0 disponible dans les langues suivantes :<\/span><\/strong><\/p>\n<ul>\n<li><strong><a href=\"https:\/\/www.dropbox.com\/sh\/yl28kwdmbbfxuni\/AACVcsfXhq0-Oc-WdOo3UdCfa?dl=0\"><span style=\"font-size: 12pt\">Fran\u00e7ais<\/span><\/a><\/strong><\/li>\n<li><strong><a href=\"https:\/\/www.dropbox.com\/sh\/dyad949psfc5365\/AABp61oPpdJKTEGo7mxS1KM4a?dl=0\"><span style=\"font-size: 12pt\">Anglais<\/span><\/a><\/strong><\/li>\n<li><strong><a href=\"https:\/\/www.dropbox.com\/sh\/ciun2dbe1ewecqx\/AADPlXfEIlOuB1AAoKMEyeDja?dl=0\"><span style=\"font-size: 12pt\">Allemand<\/span><\/a><\/strong><\/li>\n<li><strong><a href=\"https:\/\/www.dropbox.com\/sh\/3mclvml2jcgke2y\/AABmMMCstE2ofVcJkgVVg0MGa?dl=0\" target=\"_blank\" rel=\"noopener noreferrer\"><span style=\"font-size: 12pt\">Espagnol<\/span><\/a><\/strong><\/li>\n<li><strong><a href=\"https:\/\/www.dropbox.com\/sh\/2xyhu47jzyq21z7\/AAAqa_UUmkXEVBxLMcsOJIS0a?dl=0\" target=\"_blank\" rel=\"noopener noreferrer\"><span style=\"font-size: 12pt\">Italien<\/span><\/a><\/strong><\/li>\n<li><span style=\"font-size: 12pt\"><strong><a href=\"https:\/\/www.dropbox.com\/sh\/975jaz2jz28c1er\/AACokRQ9XBJYTS7vYyrfs_Gta?dl=0\" target=\"_blank\" rel=\"noopener noreferrer\">N\u00e9erlandais<\/a><\/strong><\/span><\/li>\n<li><strong><a href=\"https:\/\/www.dropbox.com\/sh\/er3tym9fnfyqj5v\/AACTwl3tMkRtouoXqiMHXg7ia?dl=0\" target=\"_blank\" rel=\"noopener noreferrer\"><span style=\"font-size: 12pt\">Portugais<\/span><\/a><\/strong><\/li>\n<li><strong><a href=\"https:\/\/www.dropbox.com\/sh\/sk0q9awgorgg8ol\/AABmHEGOAZ1Cwf0PJP5xUjF-a?dl=0\" target=\"_blank\" rel=\"noopener noreferrer\"><span style=\"font-size: 12pt\">Grec<\/span><\/a><\/strong><\/li>\n<li><span style=\"font-size: 12pt\"><strong><a href=\"https:\/\/www.dropbox.com\/sh\/7hovd7cafpx7zsi\/AACLT1-X534joAImJlUw9uQma?dl=0\" target=\"_blank\" rel=\"noopener noreferrer\">Croate<\/a><\/strong><\/span><\/li>\n<li><span style=\"font-size: 12pt\"><strong><a href=\"https:\/\/www.dropbox.com\/sh\/uoc9u5u4xzmtnas\/AACppjvdSy4Hek16eWuo67B1a?dl=0\" target=\"_blank\" rel=\"noopener noreferrer\">Roumain<\/a><\/strong><\/span><\/li>\n<li><strong><a href=\"https:\/\/www.dropbox.com\/sh\/3do9mdg7dhy78nf\/AACHR6OoTKLkEzn9hUyAcPLGa?dl=0\" target=\"_blank\" rel=\"noopener noreferrer\"><span style=\"font-size: 12pt\">Slov\u00e8ne<\/span><\/a><\/strong><\/li>\n<li><strong><a href=\"https:\/\/www.dropbox.com\/sh\/szhxzqvzi7h301s\/AADduyCHfaZNI-NtsHCLkfjPa?dl=0\" target=\"_blank\" rel=\"noopener noreferrer\"><span style=\"font-size: 12pt\">Turc<\/span><\/a><\/strong><\/li>\n<li><strong><a href=\"https:\/\/www.dropbox.com\/sh\/6a68b4ug3sh6ja6\/AADFTs0MAvC7_hNWH2mw2-B6a?dl=0\" target=\"_blank\" rel=\"noopener noreferrer\"><span style=\"font-size: 12pt\">Mac\u00e9donien<\/span><\/a><\/strong><\/li>\n<\/ul>\n<div id='gallery-1' class='gallery galleryid-43370 gallery-columns-4 gallery-size-thumbnail'><figure class='gallery-item'>\n\t\t\t<div class='gallery-icon landscape'>\n\t\t\t\t<a href='https:\/\/www.autismeurope.org\/fr\/what-we-do\/world-autism-awareness-day\/current-campaign\/roll-up-banner_english\/'><img loading=\"lazy\" decoding=\"async\" width=\"150\" height=\"150\" src=\"https:\/\/www.autismeurope.org\/wp-content\/uploads\/2019\/03\/roll-up-banner_English-150x150.jpg\" class=\"attachment-thumbnail size-thumbnail\" alt=\"\" aria-describedby=\"gallery-1-30114\" srcset=\"https:\/\/www.autismeurope.org\/wp-content\/uploads\/2019\/03\/roll-up-banner_English-150x150.jpg 150w, https:\/\/www.autismeurope.org\/wp-content\/uploads\/2019\/03\/roll-up-banner_English-300x300.jpg 300w, https:\/\/www.autismeurope.org\/wp-content\/uploads\/2019\/03\/roll-up-banner_English-100x100.jpg 100w, https:\/\/www.autismeurope.org\/wp-content\/uploads\/2019\/03\/roll-up-banner_English.jpg 700w\" sizes=\"auto, 100vw\" \/><\/a>\n\t\t\t<\/div>\n\t\t\t\t<figcaption class='wp-caption-text gallery-caption' id='gallery-1-30114'>\n\t\t\t\tRoll up banner in English\n\t\t\t\t<\/figcaption><\/figure><figure class='gallery-item'>\n\t\t\t<div class='gallery-icon landscape'>\n\t\t\t\t<a href='https:\/\/www.autismeurope.org\/fr\/what-we-do\/world-autism-awareness-day\/current-campaign\/poster_french\/'><img loading=\"lazy\" decoding=\"async\" width=\"150\" height=\"150\" src=\"https:\/\/www.autismeurope.org\/wp-content\/uploads\/2019\/03\/poster_French-150x150.jpg\" class=\"attachment-thumbnail size-thumbnail\" alt=\"\" aria-describedby=\"gallery-1-30113\" srcset=\"https:\/\/www.autismeurope.org\/wp-content\/uploads\/2019\/03\/poster_French-150x150.jpg 150w, https:\/\/www.autismeurope.org\/wp-content\/uploads\/2019\/03\/poster_French-100x100.jpg 100w\" sizes=\"auto, 100vw\" \/><\/a>\n\t\t\t<\/div>\n\t\t\t\t<figcaption class='wp-caption-text gallery-caption' id='gallery-1-30113'>\n\t\t\t\tPoster in French\n\t\t\t\t<\/figcaption><\/figure><figure class='gallery-item'>\n\t\t\t<div class='gallery-icon landscape'>\n\t\t\t\t<a href='https:\/\/www.autismeurope.org\/fr\/what-we-do\/world-autism-awareness-day\/current-campaign\/flyer_german\/'><img loading=\"lazy\" decoding=\"async\" width=\"150\" height=\"150\" src=\"https:\/\/www.autismeurope.org\/wp-content\/uploads\/2019\/03\/flyer_German-150x150.jpg\" class=\"attachment-thumbnail size-thumbnail\" alt=\"\" aria-describedby=\"gallery-1-30109\" srcset=\"https:\/\/www.autismeurope.org\/wp-content\/uploads\/2019\/03\/flyer_German-150x150.jpg 150w, https:\/\/www.autismeurope.org\/wp-content\/uploads\/2019\/03\/flyer_German-100x100.jpg 100w\" sizes=\"auto, 100vw\" \/><\/a>\n\t\t\t<\/div>\n\t\t\t\t<figcaption class='wp-caption-text gallery-caption' id='gallery-1-30109'>\n\t\t\t\tFlyer in German\n\t\t\t\t<\/figcaption><\/figure><figure class='gallery-item'>\n\t\t\t<div class='gallery-icon landscape'>\n\t\t\t\t<a href='https:\/\/www.autismeurope.org\/fr\/what-we-do\/world-autism-awareness-day\/current-campaign\/poster_spanish\/'><img loading=\"lazy\" decoding=\"async\" width=\"150\" height=\"150\" src=\"https:\/\/www.autismeurope.org\/wp-content\/uploads\/2019\/03\/poster_Spanish-150x150.jpg\" class=\"attachment-thumbnail size-thumbnail\" alt=\"\" aria-describedby=\"gallery-1-30117\" srcset=\"https:\/\/www.autismeurope.org\/wp-content\/uploads\/2019\/03\/poster_Spanish-150x150.jpg 150w, https:\/\/www.autismeurope.org\/wp-content\/uploads\/2019\/03\/poster_Spanish-100x100.jpg 100w\" sizes=\"auto, 100vw\" \/><\/a>\n\t\t\t<\/div>\n\t\t\t\t<figcaption class='wp-caption-text gallery-caption' id='gallery-1-30117'>\n\t\t\t\tBus stop billboard in Spanish\n\t\t\t\t<\/figcaption><\/figure><figure class='gallery-item'>\n\t\t\t<div class='gallery-icon landscape'>\n\t\t\t\t<a href='https:\/\/www.autismeurope.org\/fr\/what-we-do\/world-autism-awareness-day\/current-campaign\/table-tent_italiano\/'><img loading=\"lazy\" decoding=\"async\" width=\"150\" height=\"150\" src=\"https:\/\/www.autismeurope.org\/wp-content\/uploads\/2019\/03\/table-tent_Italiano-150x150.jpg\" class=\"attachment-thumbnail size-thumbnail\" alt=\"\" aria-describedby=\"gallery-1-30115\" srcset=\"https:\/\/www.autismeurope.org\/wp-content\/uploads\/2019\/03\/table-tent_Italiano-150x150.jpg 150w, https:\/\/www.autismeurope.org\/wp-content\/uploads\/2019\/03\/table-tent_Italiano-100x100.jpg 100w\" sizes=\"auto, 100vw\" \/><\/a>\n\t\t\t<\/div>\n\t\t\t\t<figcaption class='wp-caption-text gallery-caption' id='gallery-1-30115'>\n\t\t\t\tTable tent in Italian\n\t\t\t\t<\/figcaption><\/figure><figure class='gallery-item'>\n\t\t\t<div class='gallery-icon landscape'>\n\t\t\t\t<a href='https:\/\/www.autismeurope.org\/fr\/what-we-do\/world-autism-awareness-day\/current-campaign\/business-card_greek\/'><img loading=\"lazy\" decoding=\"async\" width=\"150\" height=\"150\" src=\"https:\/\/www.autismeurope.org\/wp-content\/uploads\/2019\/03\/business-card_Greek-150x150.jpg\" class=\"attachment-thumbnail size-thumbnail\" alt=\"\" aria-describedby=\"gallery-1-30107\" srcset=\"https:\/\/www.autismeurope.org\/wp-content\/uploads\/2019\/03\/business-card_Greek-150x150.jpg 150w, https:\/\/www.autismeurope.org\/wp-content\/uploads\/2019\/03\/business-card_Greek-100x100.jpg 100w\" sizes=\"auto, 100vw\" \/><\/a>\n\t\t\t<\/div>\n\t\t\t\t<figcaption class='wp-caption-text gallery-caption' id='gallery-1-30107'>\n\t\t\t\tBusiness card in Greek\n\t\t\t\t<\/figcaption><\/figure><figure class='gallery-item'>\n\t\t\t<div class='gallery-icon landscape'>\n\t\t\t\t<a href='https:\/\/www.autismeurope.org\/fr\/what-we-do\/world-autism-awareness-day\/current-campaign\/portugues_frame\/'><img loading=\"lazy\" decoding=\"async\" width=\"150\" height=\"150\" src=\"https:\/\/www.autismeurope.org\/wp-content\/uploads\/2019\/03\/portugues_frame-150x150.jpg\" class=\"attachment-thumbnail size-thumbnail\" alt=\"\" aria-describedby=\"gallery-1-30112\" srcset=\"https:\/\/www.autismeurope.org\/wp-content\/uploads\/2019\/03\/portugues_frame-150x150.jpg 150w, https:\/\/www.autismeurope.org\/wp-content\/uploads\/2019\/03\/portugues_frame-100x100.jpg 100w\" sizes=\"auto, 100vw\" \/><\/a>\n\t\t\t<\/div>\n\t\t\t\t<figcaption class='wp-caption-text gallery-caption' id='gallery-1-30112'>\n\t\t\t\tLogo in Portuguese\n\t\t\t\t<\/figcaption><\/figure><figure class='gallery-item'>\n\t\t\t<div class='gallery-icon landscape'>\n\t\t\t\t<a href='https:\/\/www.autismeurope.org\/fr\/what-we-do\/world-autism-awareness-day\/current-campaign\/dutch_frame\/'><img loading=\"lazy\" decoding=\"async\" width=\"150\" height=\"150\" src=\"https:\/\/www.autismeurope.org\/wp-content\/uploads\/2019\/03\/Dutch_frame-150x150.jpg\" class=\"attachment-thumbnail size-thumbnail\" alt=\"\" aria-describedby=\"gallery-1-30108\" srcset=\"https:\/\/www.autismeurope.org\/wp-content\/uploads\/2019\/03\/Dutch_frame-150x150.jpg 150w, https:\/\/www.autismeurope.org\/wp-content\/uploads\/2019\/03\/Dutch_frame-300x300.jpg 300w, https:\/\/www.autismeurope.org\/wp-content\/uploads\/2019\/03\/Dutch_frame-100x100.jpg 100w, https:\/\/www.autismeurope.org\/wp-content\/uploads\/2019\/03\/Dutch_frame.jpg 700w\" sizes=\"auto, 100vw\" \/><\/a>\n\t\t\t<\/div>\n\t\t\t\t<figcaption class='wp-caption-text gallery-caption' id='gallery-1-30108'>\n\t\t\t\tLogo in Dutch\n\t\t\t\t<\/figcaption><\/figure><figure class='gallery-item'>\n\t\t\t<div class='gallery-icon landscape'>\n\t\t\t\t<a href='https:\/\/www.autismeurope.org\/fr\/blog\/2019\/03\/20\/a-new-dynamic-for-autism-i-%e2%88%9e-autism-campaign-toolkit\/cap_macedonian\/'><img loading=\"lazy\" decoding=\"async\" width=\"150\" height=\"150\" src=\"https:\/\/www.autismeurope.org\/wp-content\/uploads\/2019\/03\/cap_Macedonian-150x150.jpg\" class=\"attachment-thumbnail size-thumbnail\" alt=\"\" aria-describedby=\"gallery-1-30179\" srcset=\"https:\/\/www.autismeurope.org\/wp-content\/uploads\/2019\/03\/cap_Macedonian-150x150.jpg 150w, https:\/\/www.autismeurope.org\/wp-content\/uploads\/2019\/03\/cap_Macedonian-300x300.jpg 300w, https:\/\/www.autismeurope.org\/wp-content\/uploads\/2019\/03\/cap_Macedonian-100x100.jpg 100w, https:\/\/www.autismeurope.org\/wp-content\/uploads\/2019\/03\/cap_Macedonian.jpg 700w\" sizes=\"auto, 100vw\" \/><\/a>\n\t\t\t<\/div>\n\t\t\t\t<figcaption class='wp-caption-text gallery-caption' id='gallery-1-30179'>\n\t\t\t\tCap in Macedonian\n\t\t\t\t<\/figcaption><\/figure><figure class='gallery-item'>\n\t\t\t<div class='gallery-icon portrait'>\n\t\t\t\t<a href='https:\/\/www.autismeurope.org\/fr\/blog\/2019\/03\/20\/a-new-dynamic-for-autism-i-%e2%88%9e-autism-campaign-toolkit\/cushion_croatian\/'><img loading=\"lazy\" decoding=\"async\" width=\"150\" height=\"150\" src=\"https:\/\/www.autismeurope.org\/wp-content\/uploads\/2019\/03\/cushion_Croatian-150x150.jpg\" class=\"attachment-thumbnail size-thumbnail\" alt=\"\" aria-describedby=\"gallery-1-30180\" srcset=\"https:\/\/www.autismeurope.org\/wp-content\/uploads\/2019\/03\/cushion_Croatian-150x150.jpg 150w, https:\/\/www.autismeurope.org\/wp-content\/uploads\/2019\/03\/cushion_Croatian-100x100.jpg 100w\" sizes=\"auto, 100vw\" \/><\/a>\n\t\t\t<\/div>\n\t\t\t\t<figcaption class='wp-caption-text gallery-caption' id='gallery-1-30180'>\n\t\t\t\tCushion in Croatian\n\t\t\t\t<\/figcaption><\/figure>\n\t\t<\/div>\n\n","protected":false},"excerpt":{"rendered":"<p>Comment puis-je soutenir la campagne ? 1. Reproduisez le symbole de l\u2019infini avec les mains ou, par exemple, formez ce symbole avec un groupe de personnes 2. Prenez votre t\u00e9l\u00e9phone &hellip; <\/p>\n<p class=\"link-more\"><a href=\"https:\/\/www.autismeurope.org\/fr\/une-nouvelle-dynamique-pour-lautisme-i-%e2%88%9e-autisme-waad-2019\/\" class=\"more-link\">Continue reading<span class=\"screen-reader-text\"> \u00ab\u00a0Une nouvelle dynamique pour l&rsquo;autisme. I \u221e autisme- WAAD 2019\u00a0\u00bb<\/span><\/a><\/p>\n","protected":false},"author":32,"featured_media":0,"parent":0,"menu_order":0,"comment_status":"closed","ping_status":"closed","template":"","meta":{"_acf_changed":false,"_bbp_topic_count":0,"_bbp_reply_count":0,"_bbp_total_topic_count":0,"_bbp_total_reply_count":0,"_bbp_voice_count":0,"_bbp_anonymous_reply_count":0,"_bbp_topic_count_hidden":0,"_bbp_reply_count_hidden":0,"_bbp_forum_subforum_count":0,"footnotes":""},"class_list":["post-43370","page","type-page","status-publish","hentry"],"acf":[],"_links":{"self":[{"href":"https:\/\/www.autismeurope.org\/fr\/wp-json\/wp\/v2\/pages\/43370","targetHints":{"allow":["GET"]}}],"collection":[{"href":"https:\/\/www.autismeurope.org\/fr\/wp-json\/wp\/v2\/pages"}],"about":[{"href":"https:\/\/www.autismeurope.org\/fr\/wp-json\/wp\/v2\/types\/page"}],"author":[{"embeddable":true,"href":"https:\/\/www.autismeurope.org\/fr\/wp-json\/wp\/v2\/users\/32"}],"replies":[{"embeddable":true,"href":"https:\/\/www.autismeurope.org\/fr\/wp-json\/wp\/v2\/comments?post=43370"}],"version-history":[{"count":3,"href":"https:\/\/www.autismeurope.org\/fr\/wp-json\/wp\/v2\/pages\/43370\/revisions"}],"predecessor-version":[{"id":43373,"href":"https:\/\/www.autismeurope.org\/fr\/wp-json\/wp\/v2\/pages\/43370\/revisions\/43373"}],"wp:attachment":[{"href":"https:\/\/www.autismeurope.org\/fr\/wp-json\/wp\/v2\/media?parent=43370"}],"curies":[{"name":"wp","href":"https:\/\/api.w.org\/{rel}","templated":true}]}}