{"id":44055,"date":"2020-06-17T19:58:26","date_gmt":"2020-06-17T17:58:26","guid":{"rendered":"https:\/\/www.autismeurope.org\/fr\/?page_id=44055"},"modified":"2021-04-12T09:41:31","modified_gmt":"2021-04-12T07:41:31","slug":"covid-19","status":"publish","type":"page","link":"https:\/\/www.autismeurope.org\/fr\/que-faisons-nous\/domaines-activite\/covid-19\/","title":{"rendered":"COVID-19"},"content":{"rendered":"<blockquote><p><span style=\"font-size: 12pt;color: #ff0000\"><em>En raison des mesures COVID-19, nous ne pouvons actuellement pas maintenir une permanence t\u00e9l\u00e9phonique continue. Il est recommand\u00e9 de nous envoyer un courriel via <a style=\"color: #ff0000\" href=\"mailto:secretariat@autismeurope.org\">secretariat@autismeurope.org<\/a> ou d&rsquo;envoyer directement un courriel au personnel (adresses \u00e9lectroniques disponibles sur la <a href=\"https:\/\/www.autismeurope.org\/fr\/qui-sommes-nous\/notre-structure\/notre-equipe\/\" target=\"_blank\" rel=\"noopener noreferrer\">page du personnel AE<\/a>) si vous avez une question sp\u00e9cifique. Nous vous remercions de votre coop\u00e9ration.<\/em><\/span><\/p><\/blockquote>\n<p><span style=\"font-size: 12pt\">En mars 2020, l&rsquo;Organisation Mondiale de la Sant\u00e9 a class\u00e9 COVID-19 dans la cat\u00e9gorie des pand\u00e9mies. La propagation du COVID-19 a d\u00e9pass\u00e9 les attentes des experts sanitaires et a conduit \u00e0 la mise en \u0153uvre de mesures extraordinaires. Ces mesures ont mis \u00e0 rude \u00e9preuve la vie de nombreuses personnes, en particulier celle des personnes autistes. Il est fondamental que les droits des personnes autistes ne soient pas n\u00e9glig\u00e9s et que les probl\u00e8mes pr\u00e9existants ne s&rsquo;intensifient pas en cette p\u00e9riode de crise et de confinement.<\/span><\/p>\n<p><span style=\"font-size: 12pt\">Afin d&rsquo;aider les personnes autistes et leurs familles \u00e0 traverser cette p\u00e9riode difficile et de faire la lumi\u00e8re sur les questions soulev\u00e9es par la crise, Autisme-Europe a publi\u00e9 une s\u00e9rie de documents, de ressources et d&rsquo;articles sur le COVID-19. Cette page sera r\u00e9guli\u00e8rement mise \u00e0 jour avec de nouvelles ressources et informations au fur et \u00e0 mesure de l&rsquo;\u00e9volution de la situation sanitaire.<\/span><\/p>\n<h2><span style=\"font-size: 14pt\">La vaccination des personnes autistes contre la COVID-19<\/span><\/h2>\n<p><span style=\"font-size: 12pt\">A l&rsquo;occasion de la Journ\u00e9e mondiale de la sant\u00e9, Autisme-Europe publie une prise de position demandant instamment que la priorit\u00e9 soit donn\u00e9e aux personnes autistes et \u00e0 leurs familles, aidants et personnes de soutien.<\/span><br \/>\n<span style=\"font-size: 12pt\">AE appelle l\u2019OMS et l\u2019UE \u00e0 inciter tous les \u00c9tats membres \u00e0 inclure les personnes autistes et toutes les personnes handicap\u00e9es dans les groupes prioritaires, en particuliers les adultes vieillissants et les personnes autistes ayant des pathologies concomitantes ou d\u2019autres troubles.<\/span><\/p>\n<p><span style=\"font-size: 12pt\">Les personnes autistes sont des personnes handicap\u00e9es.\u00a0Or, elles n\u2019ont pas toujours un acc\u00e8s prioritaire \u00e0 la vaccination.\u00a0Nous d\u00e9plorons que les institutions o\u00f9 vivent les personnes autistes soient devenues des foyers de propagation de la COVID-19. Nous d\u00e9plorons \u00e9galement un manque de ressources pour rendre le processus de vaccination plus accessible. Nous comprenons le scepticisme \u00e0 l\u2019\u00e9gard des vaccins, compte tenu des r\u00e9actions immunologiques et des effets secondaires potentiels propres \u00e0 tous les vaccins, ainsi que des degr\u00e9s variables d\u2019efficacit\u00e9.<\/span><\/p>\n<p><span style=\"font-size: 12pt\">AE est consciente des opinions divergentes \u00e0 l\u2019\u00e9gard de la vaccination en g\u00e9n\u00e9ral. N\u00e9anmoins, l\u2019efficacit\u00e9 du vaccin COVID-19 est tr\u00e8s \u00e9lev\u00e9e et les risques de subir des effets secondaires de vaccins scientifiquement prouv\u00e9s sont tr\u00e8s faibles.<\/span><\/p>\n<blockquote><p><strong><span style=\"font-size: 12pt\"><a href=\"https:\/\/www.autismeurope.org\/wp-content\/uploads\/2021\/04\/AE-Position-paper-La-vaccination-des-personnes-autistes-contre-la-COVID-19.pdf\" target=\"_blank\" rel=\"noopener noreferrer\">T\u00e9l\u00e9charger le document<\/a><\/span><\/strong><\/p><\/blockquote>\n<h2><span style=\"font-size: 14pt\"><strong>Ressources<\/strong><\/span><\/h2>\n<p><span style=\"font-size: 12pt\">Publi\u00e9 en d\u00e9cembre 2020, ce rapport pr\u00e9sente les r\u00e9sultats de l&rsquo;enqu\u00eate men\u00e9e par Autisme-Europe, et int\u00e8gre les rapports des m\u00e9dias et les conclusions des associations membres et du monde universitaire, afin de sensibiliser aux exp\u00e9riences et aux d\u00e9fis des personnes autistes et de leurs familles pendant la pand\u00e9mie COVID-19. Nous avons formul\u00e9 des recommandations sur la mani\u00e8re dont les personnes autistes et leurs familles peuvent \u00eatre mieux soutenues pendant la pand\u00e9mie et au-del\u00e0.<\/span><\/p>\n<blockquote><p><strong><a href=\"https:\/\/www.autismeurope.org\/wp-content\/uploads\/2020\/12\/Impact-of-COVID-19_report-_Autism-Europe_December-2020.pdf\" target=\"_blank\" rel=\"noopener noreferrer\"><span style=\"font-size: 12pt\">T\u00e9l\u00e9charger le rapport d&rsquo;Autisme-Europe (en anglais)<\/span><\/a><\/strong><\/p><\/blockquote>\n<p><span style=\"font-size: 12pt\">Il est essentiel que les personnes autistes et leurs familles disposent de ressources et d&rsquo;outils accessibles pour comprendre et communiquer sur la situation et les changements constants li\u00e9s au COVID-19. Pour r\u00e9pondre \u00e0 ce besoin, Autisme-Europe a recueilli des ressources et des conseils utiles sur la fa\u00e7on d&rsquo;aborder les questions relatives au COVID-19, dans plusieurs langues, aupr\u00e8s de ses membres, partenaires et autres parties prenantes de toute l&rsquo;Europe. Cette liste comprend des ressources pour aider \u00e0 faire face au stress et \u00e0 l&rsquo;incertitude, des sc\u00e9narios sociaux et guides visuels, ainsi que d&rsquo;autres initiatives de soutien, ressources et conseils issus de la communaut\u00e9 <\/span>autistique.<\/p>\n<blockquote><p><strong><span style=\"font-size: 12pt\"><a href=\"https:\/\/www.autismeurope.org\/blog\/2020\/03\/20\/the-autism-community-mobilizes-itself-to-face-covid-19\/\">Liste des ressources<\/a><\/span><\/strong><\/p><\/blockquote>\n<h2><strong><span style=\"font-size: 14pt\">L\u2019enqu\u00eate d\u2019Autisme-Europe\u00a0<\/span><\/strong><\/h2>\n<p><span style=\"font-size: 12pt\">En r\u00e9ponse \u00e0 la crise, Autisme-Europe a r\u00e9alis\u00e9 une enqu\u00eate sur la situation des personnes autistes et de leurs familles en p\u00e9riode de propagation du COVID-19.<\/span><\/p>\n<p><span style=\"font-size: 12pt\">Les personnes autistes et leurs familles ont \u00e9t\u00e9 invit\u00e9es \u00e0 r\u00e9pondre et \u00e0 diffuser l&rsquo;enqu\u00eate qui \u00e9tait disponible dans les langues suivantes : anglais, fran\u00e7ais, allemand, n\u00e9erlandais, espagnol, italien, maltais, bulgare, grec et ukrainien.<\/span><\/p>\n<p><span style=\"font-size: 12pt\">Le r\u00e9sultat de l&rsquo;enqu\u00eate sera utilis\u00e9 pour \u00e9laborer des recommandations politiques.<\/span><\/p>\n<blockquote><p><span style=\"font-size: 12pt\"><a href=\"https:\/\/www.autismeurope.org\/blog\/2020\/04\/06\/take-ae-survey-on-the-situation-of-autistic-people-during-covid-19\/\"><strong>En savoir plus<\/strong><\/a><\/span><\/p><\/blockquote>\n<h2><strong><span style=\"font-size: 14pt\">Les nouvelles d\u2019Autisme-Europe\u00a0<\/span><\/strong><\/h2>\n<ul>\n<li><span style=\"font-size: 12pt\"><a href=\"https:\/\/www.autismeurope.org\/fr\/blog\/2020\/07\/15\/participez-a-notre-concours-et-faites-la-couverture-de-notre-magazine-link\/\" target=\"_blank\" rel=\"noopener noreferrer\">Participez \u00e0 notre concours et faites la couverture de notre magazine LINK !<\/a><\/span><\/li>\n<li><span style=\"font-size: 12pt\"><a href=\"https:\/\/www.autismeurope.org\/fr\/blog\/2020\/06\/05\/lintergroupe-sur-le-handicap-du-parlement-europeen-appelle-a-une-reponse-specifique-au-handicap-face-a-covid-19\/\">L\u2019Intergroupe sur le handicap du Parlement europ\u00e9en appelle \u00e0 une r\u00e9ponse sp\u00e9cifique au handicap face au COVID-19<\/a><\/span><\/li>\n<li><span style=\"font-size: 12pt\"><a href=\"https:\/\/www.autismeurope.org\/what-we-do\/areas-of-action\/covid-19\/\"><span style=\"font-size: 12pt\">En cette p\u00e9riode de COVID-19, la pr\u00e9vention e<\/span>t la lutte contre la violence \u00e0 l\u2019\u00e9gard des femmes sont plus importantes que jamais<\/a><\/span><\/li>\n<\/ul>\n<h2><span style=\"font-size: 14pt\"><strong>Publications et d\u00e9clarations politiques connexes<\/strong><\/span><\/h2>\n<p><span style=\"font-size: 12pt\"><strong>Forum europ\u00e9en des personnes handicap\u00e9es :\u00a0<\/strong><a href=\"http:\/\/edf-feph.org\/newsroom\/news\/open-letter-leaders-eu-and-eu-countries-covid-19-disability-inclusive-response\">Open letter to leaders at the EU and in EU countries: COVID-19 \u2013 Disability inclusive response<\/a> (Lettre ouverte aux responsables de l\u2019UE et des Etats membres\u00a0: COVID-19, une r\u00e9ponse inclusive)<\/span><\/p>\n<p><span style=\"font-size: 12pt\"><a href=\"http:\/\/edf-feph.org\/newsroom\/news\/open-letter-covid-19-medical-guidelines-should-not-discriminate-against-persons\">COVID 19 \u2013 medical guidelines should not discriminate against persons with disabilities<\/a>\u00a0(COVID-19, les lignes directrices m\u00e9dicales ne peuvent discriminer les personnes handicap\u00e9es, en anglais) et\u00a0<a href=\"http:\/\/www.internationaldisabilityalliance.org\/blog\/idas-letter-world-health-organisation-response-covid19-pandemic\">response of the World Health Organisation<\/a> (r\u00e9ponse de l\u2019Organisation Mondiale de la Sant\u00e9, en anglais et espagnol) <\/span><span style=\"font-size: 12pt\">et <a href=\"http:\/\/www.edf-feph.org\/covid19\">plus<\/a>.<\/span><\/p>\n<p><span style=\"font-size: 12pt\"><strong>Groupe d\u2019experts europ\u00e9en sur la transition des soins en institution vers les soins de proximit\u00e9 <\/strong>:\u00a0<a href=\"https:\/\/deinstitutionalisation.com\/2020\/04\/24\/covid-19-crisis-people-living-in-institutions-must-not-be-written-off\/\">Joint Statement: \u201cCOVID-19 crisis: People living in institutions must not be written off\u201d<\/a> (D\u00e9claration commune\u00a0: \u00ab\u00a0Crise du COVID-19\u00a0: les personnes en institutions ne peuvent pas \u00eatre oubli\u00e9es\u00a0\u00bb, en anglais)<\/span><\/p>\n<p><span style=\"font-size: 12pt\"><strong>Inclusion Europe :<\/strong>\u00a0<a href=\"https:\/\/www.autismeurope.org\/wp-content\/uploads\/2020\/05\/CoronavirusResponse.pdf\">5 steps to prevent harm\u00a0 to people with intellectual disabilities and their families in Coronavirus emergency.\u00a0<\/a>(5 \u00e9tapes pour \u00e9viter de faire du tort aux personnes ayant un handicap intellectuel dans les situations d\u2019urgence li\u00e9es au coronavirus, en anglais)<\/span><\/p>\n<p><span style=\"font-size: 12pt\"><strong>L\u2019Association europ\u00e9enne des prestataires de services pour les personnes en situation de handicap (EASPD) <\/strong><a href=\"https:\/\/www.easpd.eu\/sites\/default\/files\/sites\/default\/files\/COVID19\/easpd_ean_letter_to_ec_president_fr.pdf\">La lettre ouverte \u00e0 la Commission europ\u00e9enne\u00a0: Garantir que la r\u00e9ponse de l\u2019UE face au COVID-19 s\u2019attaque \u00e0 la menace d\u2019une urgence sociale.<\/a><\/span><\/p>\n<p>&nbsp;<\/p>\n","protected":false},"excerpt":{"rendered":"<p>En raison des mesures COVID-19, nous ne pouvons actuellement pas maintenir une permanence t\u00e9l\u00e9phonique continue. Il est recommand\u00e9 de nous envoyer un courriel via secretariat@autismeurope.org ou d&rsquo;envoyer directement un courriel &hellip; <\/p>\n<p class=\"link-more\"><a href=\"https:\/\/www.autismeurope.org\/fr\/que-faisons-nous\/domaines-activite\/covid-19\/\" class=\"more-link\">Continue reading<span class=\"screen-reader-text\"> \u00ab\u00a0COVID-19\u00a0\u00bb<\/span><\/a><\/p>\n","protected":false},"author":32,"featured_media":0,"parent":3179,"menu_order":2,"comment_status":"closed","ping_status":"closed","template":"","meta":{"_acf_changed":false,"_bbp_topic_count":0,"_bbp_reply_count":0,"_bbp_total_topic_count":0,"_bbp_total_reply_count":0,"_bbp_voice_count":0,"_bbp_anonymous_reply_count":0,"_bbp_topic_count_hidden":0,"_bbp_reply_count_hidden":0,"_bbp_forum_subforum_count":0,"footnotes":""},"class_list":["post-44055","page","type-page","status-publish","hentry"],"acf":[],"_links":{"self":[{"href":"https:\/\/www.autismeurope.org\/fr\/wp-json\/wp\/v2\/pages\/44055","targetHints":{"allow":["GET"]}}],"collection":[{"href":"https:\/\/www.autismeurope.org\/fr\/wp-json\/wp\/v2\/pages"}],"about":[{"href":"https:\/\/www.autismeurope.org\/fr\/wp-json\/wp\/v2\/types\/page"}],"author":[{"embeddable":true,"href":"https:\/\/www.autismeurope.org\/fr\/wp-json\/wp\/v2\/users\/32"}],"replies":[{"embeddable":true,"href":"https:\/\/www.autismeurope.org\/fr\/wp-json\/wp\/v2\/comments?post=44055"}],"version-history":[{"count":16,"href":"https:\/\/www.autismeurope.org\/fr\/wp-json\/wp\/v2\/pages\/44055\/revisions"}],"predecessor-version":[{"id":45815,"href":"https:\/\/www.autismeurope.org\/fr\/wp-json\/wp\/v2\/pages\/44055\/revisions\/45815"}],"up":[{"embeddable":true,"href":"https:\/\/www.autismeurope.org\/fr\/wp-json\/wp\/v2\/pages\/3179"}],"wp:attachment":[{"href":"https:\/\/www.autismeurope.org\/fr\/wp-json\/wp\/v2\/media?parent=44055"}],"curies":[{"name":"wp","href":"https:\/\/api.w.org\/{rel}","templated":true}]}}