{"id":4440,"date":"2017-08-07T09:36:44","date_gmt":"2017-08-07T07:36:44","guid":{"rendered":"http:\/\/www.autismeurope.org\/fr\/?page_id=4440"},"modified":"2017-10-09T10:08:27","modified_gmt":"2017-10-09T08:08:27","slug":"respect-acceptation-inclusion-journee-mondiale-de-sensibilisation-a-lautisme-2016","status":"publish","type":"page","link":"https:\/\/www.autismeurope.org\/fr\/respect-acceptation-inclusion-journee-mondiale-de-sensibilisation-a-lautisme-2016\/","title":{"rendered":"Respect, Acceptation, Inclusion &#8211; Journ\u00e9e mondiale de sensibilisation \u00e0 l&rsquo;autisme 2016"},"content":{"rendered":"<p><img decoding=\"async\" style=\"width: 100%\" src=\"https:\/\/spark.adobe.com\/page\/sA4cN\/embed.jpg?buster=1503658636911\" alt=\"Respect,Acceptance,Inclusion\" border=\"0\" \/><\/p>\n<p><span style=\"font-size: 10pt\">En <strong>cliquant sur l&rsquo;image ci-dessus<\/strong>, vous pouvez voir quelques moments cl\u00e9s de la campagne et examiner la fa\u00e7on dont nos membres \u00e0 travers l&rsquo;Europe, les d\u00e9cideurs europ\u00e9ens et d&rsquo;autres personnes connues ont soutenu la campagne (en anglais uniquement).<\/span><\/p>\n<h2><span style=\"font-size: 14pt\">Objectifs de cette campagne<\/span><\/h2>\n<p><span style=\"font-size: 12pt\">La campagne 2016 souhaite passer de la sensibilisation \u00e0 une r\u00e9elle tol\u00e9rance vis-\u00e0-vis des personnes autistes et diffuser un message optimiste sur l\u2019autisme. Aussi, la campagne sera bas\u00e9e sur le mod\u00e8le social du handicap et adoptera une approche largement bas\u00e9e sur les droits, rappelant ainsi les principes \u00e9nonc\u00e9s par la Convention des Nations Unies relative aux Droits des Personnes Handicap\u00e9es, terreau d\u2019une soci\u00e9t\u00e9 inclusive.<\/span><\/p>\n<h2><span style=\"font-size: 14pt\">Le th\u00e8me :\u00a0\u00ab Respect, Tol\u00e9rance, Inclusion \u00bb<\/span><\/h2>\n<p><span style=\"font-size: 12pt\">La discrimination est l\u2019une des plus grandes barri\u00e8res auxquelles se heurtent les personnes autistes. Celle-ci d\u00e9coule g\u00e9n\u00e9ralement d\u2019un manque de compr\u00e9hension de ce que cela signifie r\u00e9ellement d\u2019\u00eatre une personne autiste. Les barri\u00e8res attitudinales, les st\u00e9r\u00e9otypes et les pr\u00e9jug\u00e9s emp\u00eachent la participation des personnes autistes dans la soci\u00e9t\u00e9. Il est temps que celle-ci acquiert une meilleure compr\u00e9hension de l\u2019autisme pour pouvoir renverser les barri\u00e8res \u00e0 l\u2019inclusion.<\/span><\/p>\n<h2><span style=\"font-size: 14pt\">Les messages cl\u00e9s de notre campagne<\/span><\/h2>\n<ul>\n<li><span style=\"font-size: 12pt\"><strong>1% de la population est atteint d\u2019autisme. De nos jours, nombreux sont ceux qui ont d\u00e9j\u00e0 entendu parler de l\u2019autisme mais tr\u00e8s peu sont ceux qui savent concr\u00e8tement ce que cela repr\u00e9sente pour les personnes qui en sont atteintes.<\/strong><\/span><\/li>\n<\/ul>\n<p><span style=\"font-size: 12pt\">Les plus grandes barri\u00e8res auxquelles les personnes avec autisme sont quotidiennement confront\u00e9es sont la discrimination et le manque de compr\u00e9hension.<\/span><\/p>\n<ul>\n<li><span style=\"font-size: 12pt\"><strong>Comprendre les personnes avec autisme constitue la premi\u00e8re \u00e9tape vers une soci\u00e9t\u00e9 plus inclusive et accessible.<\/strong><\/span><\/li>\n<\/ul>\n<p><span style=\"font-size: 12pt\">Savoir ce qui pose le plus de difficult\u00e9s aux personnes autistes lorsqu\u2019elles participent \u00e0 des activit\u00e9s dans la communaut\u00e9 peut contribuer \u00e0 renverser les barri\u00e8res qui les tiennent isol\u00e9es ;<\/span><\/p>\n<ul>\n<li><span style=\"font-size: 12pt\"><strong>Les personnes avec autisme ou syndrome d\u2019Asperger peuvent avoir des comportements qui semblent inhabituels.<\/strong><\/span><\/li>\n<\/ul>\n<p><span style=\"font-size: 12pt\">Il y a g\u00e9n\u00e9ralement une explication \u00e0 cela : il peut s\u2019agir d\u2019une tentative de communiquer ou d\u2019une fa\u00e7on de faire face \u00e0 une situation particuli\u00e8re. Par exemple, bon nombre de personnes autistes ont du mal \u00e0 traiter les informations sensorielles quotidiennes telles que les sons, les odeurs ou la perception visuelle. On dit qu\u2019ils ont des difficult\u00e9s \u00ab d\u2019int\u00e9gration sensorielle \u00bb ou \u00ab de sensibilit\u00e9 sensorielle \u00bb. Cela peut influencer lourdement la vie d\u2019une personne et provoquer des r\u00e9actions inhabituelles.<\/span><\/p>\n<ul>\n<li><span style=\"font-size: 12pt\"><strong>Les personnes avec autisme peuvent avoir certains talents ou comp\u00e9tences, le tout est de savoir comment les exploiter au mieux pour leur permettre d\u2019atteindre son plein potentiel.<\/strong><\/span><\/li>\n<\/ul>\n<p><span style=\"font-size: 12pt\">Les personnes avec autisme sont statistiquement moins enclines \u00e0 trouver de l\u2019emploi que les personnes neurotypiques. Cependant, elles sont capables d\u2019offrir beaucoup \u00e0 l\u2019entreprise ou \u00e0 la soci\u00e9t\u00e9 de mani\u00e8re g\u00e9n\u00e9rale. Certaines grandes entreprises recrutent d\u00e9j\u00e0 activement des employ\u00e9s avec autisme mais cette pratique est encore rare.<\/span><\/p>\n<ul>\n<li><span style=\"font-size: 12pt\"><strong>Pensez \u00e0 la fa\u00e7on dont vous pouvez rendre votre communaut\u00e9, votre lieu de travail ou encore votre \u00e9cole plus respectueux des personnes autistes et comment leur donner l\u2019occasion de montrer leur vrai potentiel.<\/strong><\/span><\/li>\n<\/ul>\n<p><span style=\"font-size: 12pt\">Il suffit parfois de quelques petits changements pour mieux r\u00e9pondre aux besoins des personnes autistes. Pour en savoir plus \u00e0 ce sujet, nous vous invitons \u00e0 consulter notre publication \u00ab Autisme et travail \u00bb.<\/span><\/p>\n<blockquote><p><span style=\"font-size: 14pt\"><a href=\"http:\/\/www.autismeurope.org\/wp-content\/uploads\/2017\/10\/WAAD-2017_Toolkit_FR-ilovepdf-compressed.pdf\" target=\"_blank\" rel=\"noopener\"><strong>T\u00e9l\u00e9charger la bo\u00eete-\u00e0-outils.<\/strong><\/a><\/span><\/p><\/blockquote>\n","protected":false},"excerpt":{"rendered":"<p>En cliquant sur l&rsquo;image ci-dessus, vous pouvez voir quelques moments cl\u00e9s de la campagne et examiner la fa\u00e7on dont nos membres \u00e0 travers l&rsquo;Europe, les d\u00e9cideurs europ\u00e9ens et d&rsquo;autres personnes &hellip; <\/p>\n<p class=\"link-more\"><a href=\"https:\/\/www.autismeurope.org\/fr\/respect-acceptation-inclusion-journee-mondiale-de-sensibilisation-a-lautisme-2016\/\" class=\"more-link\">Continue reading<span class=\"screen-reader-text\"> \u00ab\u00a0Respect, Acceptation, Inclusion &#8211; Journ\u00e9e mondiale de sensibilisation \u00e0 l&rsquo;autisme 2016\u00a0\u00bb<\/span><\/a><\/p>\n","protected":false},"author":32,"featured_media":0,"parent":0,"menu_order":0,"comment_status":"closed","ping_status":"closed","template":"","meta":{"_acf_changed":false,"_bbp_topic_count":0,"_bbp_reply_count":0,"_bbp_total_topic_count":0,"_bbp_total_reply_count":0,"_bbp_voice_count":0,"_bbp_anonymous_reply_count":0,"_bbp_topic_count_hidden":0,"_bbp_reply_count_hidden":0,"_bbp_forum_subforum_count":0,"footnotes":""},"class_list":["post-4440","page","type-page","status-publish","hentry"],"acf":[],"_links":{"self":[{"href":"https:\/\/www.autismeurope.org\/fr\/wp-json\/wp\/v2\/pages\/4440","targetHints":{"allow":["GET"]}}],"collection":[{"href":"https:\/\/www.autismeurope.org\/fr\/wp-json\/wp\/v2\/pages"}],"about":[{"href":"https:\/\/www.autismeurope.org\/fr\/wp-json\/wp\/v2\/types\/page"}],"author":[{"embeddable":true,"href":"https:\/\/www.autismeurope.org\/fr\/wp-json\/wp\/v2\/users\/32"}],"replies":[{"embeddable":true,"href":"https:\/\/www.autismeurope.org\/fr\/wp-json\/wp\/v2\/comments?post=4440"}],"version-history":[{"count":2,"href":"https:\/\/www.autismeurope.org\/fr\/wp-json\/wp\/v2\/pages\/4440\/revisions"}],"predecessor-version":[{"id":4444,"href":"https:\/\/www.autismeurope.org\/fr\/wp-json\/wp\/v2\/pages\/4440\/revisions\/4444"}],"wp:attachment":[{"href":"https:\/\/www.autismeurope.org\/fr\/wp-json\/wp\/v2\/media?parent=4440"}],"curies":[{"name":"wp","href":"https:\/\/api.w.org\/{rel}","templated":true}]}}