{"id":4446,"date":"2017-08-08T10:15:19","date_gmt":"2017-08-08T08:15:19","guid":{"rendered":"http:\/\/www.autismeurope.org\/fr\/?page_id=4446"},"modified":"2017-10-09T10:35:05","modified_gmt":"2017-10-09T08:35:05","slug":"autisme-arretons-la-discrimination-journee-mondiale-de-sensibilisation-a-lautisme-2015","status":"publish","type":"page","link":"https:\/\/www.autismeurope.org\/fr\/autisme-arretons-la-discrimination-journee-mondiale-de-sensibilisation-a-lautisme-2015\/","title":{"rendered":"Autisme. Arr\u00eatons la discrimination : Journ\u00e9e mondiale de sensibilisation \u00e0 l&rsquo;autisme 2015"},"content":{"rendered":"<p><span style=\"font-size: 12pt\">La discrimination est parfois \u00e9vidente, par exemple lorsqu\u2019un enfant se voit refuser l\u2019acc\u00e8s \u00e0 l\u2019\u00e9cole. Parfois, elle l\u2019est moins, par exemple lorsqu\u2019un adulte avec autisme ne re\u00e7oit pas le soutien dont il a besoin, faute de financement public suffisant.<\/span><\/p>\n<p><span style=\"font-size: 12pt\">Les effets de la discrimination s\u2019accumulent. Sans \u00e9ducation adapt\u00e9e, il sera difficile pour une personne avec autisme de trouver un emploi. Sans revenu et sans le soutien requis, son niveau de vie sera affect\u00e9.<\/span><\/p>\n<p><span style=\"font-size: 12pt\">Ainsi, au cours de leur existence, beaucoup de\u00a0personnes avec autisme sont de plus en plus exclues de la soci\u00e9t\u00e9 dans laquelle elles vivent.<\/span><\/p>\n<p><span style=\"font-size: 12pt\">Dans toute l\u2019Europe, les personnes avec autisme sont confront\u00e9es \u00e0 la discrimination et \u00e0 l\u2019exclusion sociale.<\/span><\/p>\n<p><span style=\"font-size: 12pt\">En France, par exemple,\u00a0<a href=\"https:\/\/web.archive.org\/web\/20160213022116\/https:\/\/wcd.coe.int\/ViewDoc.jsp?id=2157063&amp;Site=COE\">80 pour cent des enfants et des jeunes avec autisme ne peuvent fr\u00e9quenter l\u2019\u00e9cole<\/a>\u00a0en raison du manque d\u2019enseignants ad\u00e9quatement form\u00e9s et d\u2019autres formes de soutien.<\/span><\/p>\n<p><span style=\"font-size: 12pt\">En Gr\u00e8ce, certaines personnes avec autisme vivent dans des conditions inhumaines,\u00a0<a href=\"https:\/\/web.archive.org\/web\/20160213022116\/http:\/\/www.autismeurope.org\/files\/files\/Press-Release\/press-release-abuse-of-people-with-autism-in-greece.pdf\">enferm\u00e9es une institution<\/a>, sans pouvoir quitter leurs lits cages et sont victimes de graves n\u00e9gligences.<\/span><\/p>\n<p><span style=\"font-size: 12pt\">M\u00eame au Royaume-Uni, o\u00f9 le soutien pour les personnes avec autisme compte parmi les meilleurs en Europe,\u00a0<a href=\"https:\/\/web.archive.org\/web\/20160213022116\/http:\/\/www.autismeurope.org\/files\/files\/report-on-autism-and-employment-fr-online-updated.pdf\">seulement 15 pour cent des personnes avec autisme exercent un emploi \u00e0 temps plein.<\/a><\/span><\/p>\n<p><span style=\"font-size: 12pt\">En vertu de la\u00a0<a href=\"https:\/\/web.archive.org\/web\/20160213022116\/http:\/\/www.un.org\/french\/disabilities\/default.asp?navid=15&amp;pid=605\">Convention des Nations Unies relative aux Droits des Personnes Handicap\u00e9es<\/a>, les personnes avec autisme doivent \u00eatre prot\u00e9g\u00e9es contre la discrimination et \u00eatre incluses dans la communaut\u00e9.<\/span><\/p>\n<p><span style=\"font-size: 12pt\">Elles ont \u00e9galement le droit \u00e0 recevoir une assistance dans les domaines de l\u2019\u00e9ducation, de l\u2019emploi ainsi qu\u2019\u00e0 d\u2019autres formes de soutien n\u00e9cessaires.<\/span><\/p>\n<p><span style=\"font-size: 12pt\">La plupart des pays europ\u00e9ens ont des lois pour pr\u00e9venir la discrimination et soutenir les personnes handicap\u00e9es. Cependant, pour que les droits et les lois soient efficaces, ils doivent \u00eatre traduits en actions concr\u00e8tes.<\/span><\/p>\n<p><span style=\"font-size: 12pt\">A l\u2019occasion de la Journ\u00e9e Mondiale de Sensibilisation \u00e0 l\u2019Autisme, Autisme-Europe demande \u00e0 tous d\u2019appeler les d\u00e9cideurs politiques europ\u00e9ens \u00e0 \u00eatre plus attentifs \u00e0 l\u2019autisme et \u00e0 prendre des mesures en vue de pr\u00e9venir la discrimination et de promouvoir l\u2019inclusion.<\/span><\/p>\n<h2><span style=\"font-size: 14pt\">Vid\u00e9o de la campagne<\/span><\/h2>\n<p><iframe loading=\"lazy\" title=\"Autism. Stop discrimination. World Autism Awareness Day campaign video\" width=\"525\" height=\"295\" src=\"https:\/\/www.youtube.com\/embed\/qTgEkh1DPm8?feature=oembed\" frameborder=\"0\" allow=\"accelerometer; autoplay; clipboard-write; encrypted-media; gyroscope; picture-in-picture; web-share\" referrerpolicy=\"strict-origin-when-cross-origin\" allowfullscreen><\/iframe><\/p>\n","protected":false},"excerpt":{"rendered":"<p>La discrimination est parfois \u00e9vidente, par exemple lorsqu\u2019un enfant se voit refuser l\u2019acc\u00e8s \u00e0 l\u2019\u00e9cole. Parfois, elle l\u2019est moins, par exemple lorsqu\u2019un adulte avec autisme ne re\u00e7oit pas le soutien &hellip; <\/p>\n<p class=\"link-more\"><a href=\"https:\/\/www.autismeurope.org\/fr\/autisme-arretons-la-discrimination-journee-mondiale-de-sensibilisation-a-lautisme-2015\/\" class=\"more-link\">Continue reading<span class=\"screen-reader-text\"> \u00ab\u00a0Autisme. Arr\u00eatons la discrimination : Journ\u00e9e mondiale de sensibilisation \u00e0 l&rsquo;autisme 2015\u00a0\u00bb<\/span><\/a><\/p>\n","protected":false},"author":32,"featured_media":0,"parent":0,"menu_order":0,"comment_status":"closed","ping_status":"closed","template":"","meta":{"_acf_changed":false,"_bbp_topic_count":0,"_bbp_reply_count":0,"_bbp_total_topic_count":0,"_bbp_total_reply_count":0,"_bbp_voice_count":0,"_bbp_anonymous_reply_count":0,"_bbp_topic_count_hidden":0,"_bbp_reply_count_hidden":0,"_bbp_forum_subforum_count":0,"footnotes":""},"class_list":["post-4446","page","type-page","status-publish","hentry"],"acf":[],"_links":{"self":[{"href":"https:\/\/www.autismeurope.org\/fr\/wp-json\/wp\/v2\/pages\/4446","targetHints":{"allow":["GET"]}}],"collection":[{"href":"https:\/\/www.autismeurope.org\/fr\/wp-json\/wp\/v2\/pages"}],"about":[{"href":"https:\/\/www.autismeurope.org\/fr\/wp-json\/wp\/v2\/types\/page"}],"author":[{"embeddable":true,"href":"https:\/\/www.autismeurope.org\/fr\/wp-json\/wp\/v2\/users\/32"}],"replies":[{"embeddable":true,"href":"https:\/\/www.autismeurope.org\/fr\/wp-json\/wp\/v2\/comments?post=4446"}],"version-history":[{"count":1,"href":"https:\/\/www.autismeurope.org\/fr\/wp-json\/wp\/v2\/pages\/4446\/revisions"}],"predecessor-version":[{"id":4448,"href":"https:\/\/www.autismeurope.org\/fr\/wp-json\/wp\/v2\/pages\/4446\/revisions\/4448"}],"wp:attachment":[{"href":"https:\/\/www.autismeurope.org\/fr\/wp-json\/wp\/v2\/media?parent=4446"}],"curies":[{"name":"wp","href":"https:\/\/api.w.org\/{rel}","templated":true}]}}