{"id":4449,"date":"2017-10-09T12:01:57","date_gmt":"2017-10-09T10:01:57","guid":{"rendered":"http:\/\/www.autismeurope.org\/fr\/?page_id=4449"},"modified":"2017-10-09T12:02:30","modified_gmt":"2017-10-09T10:02:30","slug":"autisme-et-travail-ensemble-cest-possible-journee-mondial-de-sensibilisation-a-lautisme-2014","status":"publish","type":"page","link":"https:\/\/www.autismeurope.org\/fr\/autisme-et-travail-ensemble-cest-possible-journee-mondial-de-sensibilisation-a-lautisme-2014\/","title":{"rendered":"Autisme et travail. Ensemble C\u2019est possible\u00a0: Journ\u00e9e mondial de sensibilisation \u00e0 l\u2019autisme 2014"},"content":{"rendered":"<p><span style=\"font-size: 12pt\">Pour la cinqui\u00e8me ann\u00e9e cons\u00e9cutive, les membres d&rsquo;Autism-Europe ont collabor\u00e9 avec NYSE Euronext pour des c\u00e9r\u00e9monies d&rsquo;ouverture\u00a0des march\u00e9s boursiers dans plusieurs villes d&rsquo;Europe.<\/span><\/p>\n<p><span style=\"font-size: 12pt\">Des membres d&rsquo;Autisme-Europe en Belgique, en Croatie, en R\u00e9publique tch\u00e8que, au Danemark, en Gr\u00e8ce, en Hongrie, en Islande, en Italie, en Lettonie, au Luxembourg, en Norv\u00e8ge, en Pologne, au Portugal, en Espagne, en Suisse et au Royaume-Uni ont \u00e9galement organis\u00e9 des manifestations pour comm\u00e9morer la Journ\u00e9e mondiale de sensibilisation \u00e0 l&rsquo;autisme. .<\/span><\/p>\n<p><span style=\"font-size: 12pt\">Pour la cinqui\u00e8me ann\u00e9e cons\u00e9cutive, de nombreuses villes d&rsquo;Europe ont \u00e9galement rejoint l&rsquo;initiative &lsquo;Light It Up Blue&rsquo;, avec des b\u00e2timents historiques du monde entier illumin\u00e9s en bleu pour la nuit pour la sensibilisation \u00e0 l&rsquo;autisme.<\/span><\/p>\n<h2><span style=\"font-size: 14pt\">Bruxelles<\/span><\/h2>\n<p><span style=\"font-size: 12pt\">Le 2 avril, la bourse de Bruxelles a tenu une c\u00e9r\u00e9monie d\u2019ouverture du march\u00e9 boursier. Le ministre de la Sant\u00e9, des Affaires sociales et de l&rsquo;Egalit\u00e9 des chances du gouvernement wallon, Eliane Tillieux, a sonn\u00e9 la cloche d\u2019ouverture \u00e0 c\u00f4t\u00e9 de nombreux invit\u00e9s des organisations d&rsquo;autisme flamandes et wallonnes, ainsi que la directrice d\u2019Autisme-Europe, Aur\u00e9lie Baranger.<\/span><\/p>\n<h2><span style=\"font-size: 14pt\">Paris<\/span><\/h2>\n<p><span style=\"font-size: 12pt\">La bourse de NYSE Euronext \u00e0 Paris a tenu une c\u00e9r\u00e9monie lors de la cl\u00f4ture de la journ\u00e9e du 2 avril. La Vice-Pr\u00e9sidente d\u2019Autisme-Europe, Evelyne Friedel, a rejoint les repr\u00e9sentants des organisations d&rsquo;autisme en France pour faire sonner la cloche. Des adultes avec autisme ont \u00e9galement assist\u00e9 \u00e0 la c\u00e9r\u00e9monie.<\/span><\/p>\n","protected":false},"excerpt":{"rendered":"<p>Pour la cinqui\u00e8me ann\u00e9e cons\u00e9cutive, les membres d&rsquo;Autism-Europe ont collabor\u00e9 avec NYSE Euronext pour des c\u00e9r\u00e9monies d&rsquo;ouverture\u00a0des march\u00e9s boursiers dans plusieurs villes d&rsquo;Europe. Des membres d&rsquo;Autisme-Europe en Belgique, en Croatie, &hellip; <\/p>\n<p class=\"link-more\"><a href=\"https:\/\/www.autismeurope.org\/fr\/autisme-et-travail-ensemble-cest-possible-journee-mondial-de-sensibilisation-a-lautisme-2014\/\" class=\"more-link\">Continue reading<span class=\"screen-reader-text\"> \u00ab\u00a0Autisme et travail. Ensemble C\u2019est possible\u00a0: Journ\u00e9e mondial de sensibilisation \u00e0 l\u2019autisme 2014\u00a0\u00bb<\/span><\/a><\/p>\n","protected":false},"author":32,"featured_media":0,"parent":0,"menu_order":0,"comment_status":"closed","ping_status":"closed","template":"","meta":{"_acf_changed":false,"_bbp_topic_count":0,"_bbp_reply_count":0,"_bbp_total_topic_count":0,"_bbp_total_reply_count":0,"_bbp_voice_count":0,"_bbp_anonymous_reply_count":0,"_bbp_topic_count_hidden":0,"_bbp_reply_count_hidden":0,"_bbp_forum_subforum_count":0,"footnotes":""},"class_list":["post-4449","page","type-page","status-publish","hentry"],"acf":[],"_links":{"self":[{"href":"https:\/\/www.autismeurope.org\/fr\/wp-json\/wp\/v2\/pages\/4449","targetHints":{"allow":["GET"]}}],"collection":[{"href":"https:\/\/www.autismeurope.org\/fr\/wp-json\/wp\/v2\/pages"}],"about":[{"href":"https:\/\/www.autismeurope.org\/fr\/wp-json\/wp\/v2\/types\/page"}],"author":[{"embeddable":true,"href":"https:\/\/www.autismeurope.org\/fr\/wp-json\/wp\/v2\/users\/32"}],"replies":[{"embeddable":true,"href":"https:\/\/www.autismeurope.org\/fr\/wp-json\/wp\/v2\/comments?post=4449"}],"version-history":[{"count":2,"href":"https:\/\/www.autismeurope.org\/fr\/wp-json\/wp\/v2\/pages\/4449\/revisions"}],"predecessor-version":[{"id":4451,"href":"https:\/\/www.autismeurope.org\/fr\/wp-json\/wp\/v2\/pages\/4449\/revisions\/4451"}],"wp:attachment":[{"href":"https:\/\/www.autismeurope.org\/fr\/wp-json\/wp\/v2\/media?parent=4449"}],"curies":[{"name":"wp","href":"https:\/\/api.w.org\/{rel}","templated":true}]}}