{"id":4454,"date":"2017-10-09T12:48:52","date_gmt":"2017-10-09T10:48:52","guid":{"rendered":"http:\/\/www.autismeurope.org\/fr\/?page_id=4454"},"modified":"2017-10-09T12:48:52","modified_gmt":"2017-10-09T10:48:52","slug":"autisme-plus-commun-que-vous-le-pensez-journee-mondiale-de-sensibilisation-a-lautisme-2013","status":"publish","type":"page","link":"https:\/\/www.autismeurope.org\/fr\/autisme-plus-commun-que-vous-le-pensez-journee-mondiale-de-sensibilisation-a-lautisme-2013\/","title":{"rendered":"Autisme \u2013 plus commun que vous le pensez : Journ\u00e9e mondiale de sensibilisation \u00e0 l&rsquo;autisme 2013"},"content":{"rendered":"<p><span style=\"font-size: 12pt\">En 2013, les membres d&rsquo;Autisme-Europe ont organis\u00e9 un grand nombre d&rsquo;\u00e9v\u00e9nements en Europe &#8211; y compris des c\u00e9r\u00e9monies d\u2019ouverture des march\u00e9s boursiers, des expositions d&rsquo;art, des conf\u00e9rences etc. pour marquer la Journ\u00e9e mondiale de sensibilisation \u00e0 l&rsquo;autisme.<\/span><\/p>\n<p><span style=\"font-size: 12pt\">Pour la quatri\u00e8me ann\u00e9e cons\u00e9cutive, plusieurs villes du monde entier ont \u00e9galement rejoint la campagne \u00abLight It Up Blue\u00bb de l&rsquo;organisation am\u00e9ricaine Autism Speaks, avec des b\u00e2timents importants illumin\u00e9s en bleu toute la nuit pour la sensibilisation \u00e0 l&rsquo;autisme.<\/span><\/p>\n<p><span style=\"font-size: 12pt\">Des membres d&rsquo;Autisme-Europe ont \u00e9galement collabor\u00e9 avec NYSE Euronext pour des c\u00e9r\u00e9monies d\u2019ouverture et de fermeture des march\u00e9s boursiers dans plusieurs villes d&rsquo;Europe.<\/span><\/p>\n<p>&nbsp;<\/p>\n<h2><span style=\"font-size: 14pt\">Bruxelles<\/span><\/h2>\n<p><span style=\"font-size: 12pt\">La bourse de NYSE Euronext \u00e0 Bruxelles a tenu une c\u00e9r\u00e9monie pour marquer cette journ\u00e9e. Des repr\u00e9sentants d\u2019Autisme-Europe ont rejoint des membres d&rsquo;organisations d&rsquo;autisme belges, dont Frank Deviaene de l&rsquo;organisation d&rsquo;autisme flamand <em>Vlaamse Vereniging Autisme<\/em> et des repr\u00e9sentants du gouvernement pour faire sonner la cloche d&rsquo;ouverture de la bourse \u00e0 9h00 le mardi 2 avril.<\/span><\/p>\n<h2><span style=\"font-size: 14pt\">Paris<\/span><\/h2>\n<p><span style=\"font-size: 12pt\">La bourse de NYSE Euronext \u00e0 Paris a \u00e9galement tenu une c\u00e9r\u00e9monie \u00e0 17h30 le mardi 2 avril. La Vice-Pr\u00e9sident d&rsquo;Autisme-Europe, Evelyne Friedel, a ouvert la c\u00e9r\u00e9monie avec le pr\u00e9sident de l&rsquo;AFG Autisme, Andr\u00e9 Masin et son fils Guillaume Masin, un adulte avec autisme qui a sonn\u00e9 la cloche de fermeture. Catherine Langlais, avocate g\u00e9n\u00e9rale, Directrice ex\u00e9cutive des Affaires juridiques et r\u00e9glementaires, NYSE Euronext, a prononc\u00e9 un discours d&rsquo;ouverture \u00e0 laquelle ont particip\u00e9 des invit\u00e9s sp\u00e9ciaux, dont le maire adjoint du 12\u00e8me arrondissement de Paris, P\u00e9n\u00e9lope Komites et un journaliste, \u00e9crivain et Humourist, Albert Algoud, qui est aussi le p\u00e8re d&rsquo;un adulte autiste. La c\u00e9r\u00e9monie a \u00e9t\u00e9 film\u00e9e et diffus\u00e9e en ligne.<\/span><\/p>\n","protected":false},"excerpt":{"rendered":"<p>En 2013, les membres d&rsquo;Autisme-Europe ont organis\u00e9 un grand nombre d&rsquo;\u00e9v\u00e9nements en Europe &#8211; y compris des c\u00e9r\u00e9monies d\u2019ouverture des march\u00e9s boursiers, des expositions d&rsquo;art, des conf\u00e9rences etc. pour marquer &hellip; <\/p>\n<p class=\"link-more\"><a href=\"https:\/\/www.autismeurope.org\/fr\/autisme-plus-commun-que-vous-le-pensez-journee-mondiale-de-sensibilisation-a-lautisme-2013\/\" class=\"more-link\">Continue reading<span class=\"screen-reader-text\"> \u00ab\u00a0Autisme \u2013 plus commun que vous le pensez : Journ\u00e9e mondiale de sensibilisation \u00e0 l&rsquo;autisme 2013\u00a0\u00bb<\/span><\/a><\/p>\n","protected":false},"author":32,"featured_media":0,"parent":0,"menu_order":0,"comment_status":"closed","ping_status":"closed","template":"","meta":{"_acf_changed":false,"_bbp_topic_count":0,"_bbp_reply_count":0,"_bbp_total_topic_count":0,"_bbp_total_reply_count":0,"_bbp_voice_count":0,"_bbp_anonymous_reply_count":0,"_bbp_topic_count_hidden":0,"_bbp_reply_count_hidden":0,"_bbp_forum_subforum_count":0,"footnotes":""},"class_list":["post-4454","page","type-page","status-publish","hentry"],"acf":[],"_links":{"self":[{"href":"https:\/\/www.autismeurope.org\/fr\/wp-json\/wp\/v2\/pages\/4454","targetHints":{"allow":["GET"]}}],"collection":[{"href":"https:\/\/www.autismeurope.org\/fr\/wp-json\/wp\/v2\/pages"}],"about":[{"href":"https:\/\/www.autismeurope.org\/fr\/wp-json\/wp\/v2\/types\/page"}],"author":[{"embeddable":true,"href":"https:\/\/www.autismeurope.org\/fr\/wp-json\/wp\/v2\/users\/32"}],"replies":[{"embeddable":true,"href":"https:\/\/www.autismeurope.org\/fr\/wp-json\/wp\/v2\/comments?post=4454"}],"version-history":[{"count":1,"href":"https:\/\/www.autismeurope.org\/fr\/wp-json\/wp\/v2\/pages\/4454\/revisions"}],"predecessor-version":[{"id":4455,"href":"https:\/\/www.autismeurope.org\/fr\/wp-json\/wp\/v2\/pages\/4454\/revisions\/4455"}],"wp:attachment":[{"href":"https:\/\/www.autismeurope.org\/fr\/wp-json\/wp\/v2\/media?parent=4454"}],"curies":[{"name":"wp","href":"https:\/\/api.w.org\/{rel}","templated":true}]}}