{"id":4475,"date":"2017-10-10T15:50:15","date_gmt":"2017-10-10T13:50:15","guid":{"rendered":"http:\/\/www.autismeurope.org\/fr\/?page_id=4475"},"modified":"2017-10-10T15:50:15","modified_gmt":"2017-10-10T13:50:15","slug":"projet-inclus-dans-la-societe-desinstitutionalisation-des-personnes-handicapees-2003-2004","status":"publish","type":"page","link":"https:\/\/www.autismeurope.org\/fr\/projet-inclus-dans-la-societe-desinstitutionalisation-des-personnes-handicapees-2003-2004\/","title":{"rendered":"Projet : inclus dans la soci\u00e9t\u00e9 &#8211; D\u00e9sinstitutionalisation des personnes handicap\u00e9es (2003-2004)"},"content":{"rendered":"<p><span style=\"font-size: 12pt\">Les partenaires du projet comprenaient Autism-Europe, Inclusion Europe, Mental Health Europe, Open Society Institute et autres.<\/span><\/p>\n<p><span style=\"font-size: 12pt\">Autisme-Europe note que l&rsquo;inclusion est une valeur que nous soutenons. Cependant, pour les personnes autistes, ceci ne peut pas \u00eatre r\u00e9alis\u00e9 tout simplement en fermant de grandes institutions r\u00e9sidentielles. Tous les adultes avec autisme ont besoin de soins de qualit\u00e9 tout au long de leur vie. Les plus s\u00e9v\u00e8rement touch\u00e9s ont besoin de services r\u00e9alistes qui respectent leurs droits, qui sont attentifs \u00e0 leur qualit\u00e9 de vie et qui vont au-del\u00e0 des slogans et des id\u00e9ologies vides. Tout cela n\u00e9cessite un effort politique et des moyens financiers. C\u2019est \u00e0 nous de faire comprendre aux gens que nos enfants ne sont pas les n\u00f4tres, mais que les citoyens sont comme tous les autres et appartiennent \u00e0 la soci\u00e9t\u00e9, et donc que l&rsquo;argent d\u00e9pens\u00e9 pour leur assurer une vie digne n&rsquo;est pas gaspill\u00e9 mais constitue un investissement dans un avenir meilleur pour toutes les personnes.<\/span><\/p>\n","protected":false},"excerpt":{"rendered":"<p>Les partenaires du projet comprenaient Autism-Europe, Inclusion Europe, Mental Health Europe, Open Society Institute et autres. Autisme-Europe note que l&rsquo;inclusion est une valeur que nous soutenons. Cependant, pour les personnes &hellip; <\/p>\n<p class=\"link-more\"><a href=\"https:\/\/www.autismeurope.org\/fr\/projet-inclus-dans-la-societe-desinstitutionalisation-des-personnes-handicapees-2003-2004\/\" class=\"more-link\">Continue reading<span class=\"screen-reader-text\"> \u00ab\u00a0Projet : inclus dans la soci\u00e9t\u00e9 &#8211; D\u00e9sinstitutionalisation des personnes handicap\u00e9es (2003-2004)\u00a0\u00bb<\/span><\/a><\/p>\n","protected":false},"author":32,"featured_media":0,"parent":0,"menu_order":0,"comment_status":"closed","ping_status":"closed","template":"","meta":{"_acf_changed":false,"_bbp_topic_count":0,"_bbp_reply_count":0,"_bbp_total_topic_count":0,"_bbp_total_reply_count":0,"_bbp_voice_count":0,"_bbp_anonymous_reply_count":0,"_bbp_topic_count_hidden":0,"_bbp_reply_count_hidden":0,"_bbp_forum_subforum_count":0,"footnotes":""},"class_list":["post-4475","page","type-page","status-publish","hentry"],"acf":[],"_links":{"self":[{"href":"https:\/\/www.autismeurope.org\/fr\/wp-json\/wp\/v2\/pages\/4475","targetHints":{"allow":["GET"]}}],"collection":[{"href":"https:\/\/www.autismeurope.org\/fr\/wp-json\/wp\/v2\/pages"}],"about":[{"href":"https:\/\/www.autismeurope.org\/fr\/wp-json\/wp\/v2\/types\/page"}],"author":[{"embeddable":true,"href":"https:\/\/www.autismeurope.org\/fr\/wp-json\/wp\/v2\/users\/32"}],"replies":[{"embeddable":true,"href":"https:\/\/www.autismeurope.org\/fr\/wp-json\/wp\/v2\/comments?post=4475"}],"version-history":[{"count":1,"href":"https:\/\/www.autismeurope.org\/fr\/wp-json\/wp\/v2\/pages\/4475\/revisions"}],"predecessor-version":[{"id":4476,"href":"https:\/\/www.autismeurope.org\/fr\/wp-json\/wp\/v2\/pages\/4475\/revisions\/4476"}],"wp:attachment":[{"href":"https:\/\/www.autismeurope.org\/fr\/wp-json\/wp\/v2\/media?parent=4475"}],"curies":[{"name":"wp","href":"https:\/\/api.w.org\/{rel}","templated":true}]}}