{"id":45044,"date":"2021-02-01T16:25:41","date_gmt":"2021-02-01T15:25:41","guid":{"rendered":"https:\/\/www.autismeurope.org\/fr\/?page_id=45044"},"modified":"2021-03-10T05:23:51","modified_gmt":"2021-03-10T04:23:51","slug":"projet-neurodivergent-optimiser-les-resultats-dapprentissage-des-jeunes-adultes-asperger-dans-lefp-2020-2023","status":"publish","type":"page","link":"https:\/\/www.autismeurope.org\/fr\/projet-neurodivergent-optimiser-les-resultats-dapprentissage-des-jeunes-adultes-asperger-dans-lefp-2020-2023\/","title":{"rendered":"Projet Neurodivergent : Optimiser les r\u00e9sultats d\u2019apprentissage des jeunes adultes Asperger dans l\u2019EFP (2020-2023)"},"content":{"rendered":"<p><span style=\"font-size: 12pt\">Les jeunes adultes Asperger se heurtent \u00e0 des obstacles dans l&rsquo;acc\u00e8s \u00e0 l\u2019enseignement et \u00e0 la formation professionnels initiaux (FEP), y compris l\u2019acc\u00e8s \u00e0 l&rsquo;universit\u00e9, en raison d&rsquo;un manque de soutien appropri\u00e9. Les exigences impos\u00e9es \u00e0 ces \u00e9tudiants dans l\u2019EFP initiale peuvent entra\u00eener un ralentissement du taux de r\u00e9ussite, des \u00e9checs, voire des abandons scolaires. Il existe un besoin \u00e9vident d&rsquo;interventions de la part des enseignants et des formateurs dans le contexte \u00e9ducatif.<\/span><\/p>\n<p><span style=\"font-size: 12pt\">Le projet Neurodivergent fournira une formation aux professionnels du domaine de l&rsquo;\u00e9ducation sur la mani\u00e8re d&rsquo;approcher et de soutenir un \u00e9tudiant Asperger et d&rsquo;am\u00e9liorer son exp\u00e9rience \u00e9ducative. Le projet vise \u00e0 minimiser l&rsquo;\u00e9cart entre les r\u00e9sultats d&rsquo;apprentissage des jeunes adultes Asperger et ceux des \u00e9tudiants neurotypiques.<\/span><\/p>\n<p><span style=\"font-size: 12pt\">Dans le cadre de ce projet, un kit de formation et une bo\u00eete \u00e0 outils seront \u00e9labor\u00e9s et fournis aux formateurs de l&rsquo;EFP initiale. Neurodivergent r\u00e9alisera \u00e9galement un rapport de situation sur l&rsquo;inclusion des personnes Asperger dans l&rsquo;EFP et la vie professionnelle en Europe, et produira un guide de l&rsquo;utilisateur pour les \u00e9tudiants Asperger de l&rsquo;EFP ainsi que des recommandations politiques bas\u00e9es sur les r\u00e9sultats du projet.<\/span><\/p>\n<p><span style=\"font-size: 12pt\">Les partenaires du projet sont issus d&rsquo;horizons diff\u00e9rents, tant sur le plan national que culturel, et poss\u00e8dent un large \u00e9ventail de comp\u00e9tences. Le coordinateur du projet, <a href=\"https:\/\/www.godalen.vgs.no\/\">Godalen Videreg\u00e5ende Skole (Norv\u00e8ge)<\/a>, travaille en \u00e9troite collaboration avec les autres partenaires : <a href=\"https:\/\/www.bildung-wien.gv.at\/\">BILDUNGSDIREKTION FUER WIEN<\/a> (Conseil de l&rsquo;\u00e9ducation de Vienne &#8211; Autriche), <a href=\"http:\/\/www.sis.ac\/\">Sotogrande International school<\/a> (Espagne), <a href=\"http:\/\/www.r5sips.lv\/\">Riga 5th Primary School<\/a> &#8211; Development Center (Lettonie), <a href=\"https:\/\/autismeforeningen.no\/\">Autismeforeningen i Norge<\/a> (Norv\u00e8ge), <a href=\"http:\/\/www.hkr.se\/\">Kristianstad University<\/a> (Su\u00e8de) et Autisme-Europe (Belgique).<\/span><\/p>\n<blockquote><p><span style=\"font-size: 12pt\"><a href=\"https:\/\/neurodivergent.eu\/\"><strong>Visiter le site web du projet<\/strong><\/a><\/span><\/p><\/blockquote>\n<h2><span style=\"font-size: 12pt\"><strong><span style=\"font-size: 14pt\">A propos du Programme Erasmus+<\/span> <\/strong><\/span><\/h2>\n<p><span style=\"font-size: 12pt\">Erasmus+ est le programme de l&rsquo;UE destin\u00e9 \u00e0 soutenir l&rsquo;\u00e9ducation, la formation, la jeunesse et les sports en Europe. Son budget de 14,7 milliards d&rsquo;euros offre \u00e0 plus de 4 millions d&rsquo;Europ\u00e9ens la possibilit\u00e9 d&rsquo;\u00e9tudier, de se former, d&rsquo;acqu\u00e9rir de l&rsquo;exp\u00e9rience et de faire du b\u00e9n\u00e9volat \u00e0 l&rsquo;\u00e9tranger.<\/span><\/p>\n<blockquote><p><span style=\"font-size: 12pt\"><a href=\"https:\/\/ec.europa.eu\/programmes\/erasmus-plus\/about_en\"><strong>En savoir plus<\/strong><\/a><\/span><\/p><\/blockquote>\n","protected":false},"excerpt":{"rendered":"<p>Les jeunes adultes Asperger se heurtent \u00e0 des obstacles dans l&rsquo;acc\u00e8s \u00e0 l\u2019enseignement et \u00e0 la formation professionnels initiaux (FEP), y compris l\u2019acc\u00e8s \u00e0 l&rsquo;universit\u00e9, en raison d&rsquo;un manque de &hellip; <\/p>\n<p class=\"link-more\"><a href=\"https:\/\/www.autismeurope.org\/fr\/projet-neurodivergent-optimiser-les-resultats-dapprentissage-des-jeunes-adultes-asperger-dans-lefp-2020-2023\/\" class=\"more-link\">Continue reading<span class=\"screen-reader-text\"> \u00ab\u00a0Projet Neurodivergent : Optimiser les r\u00e9sultats d\u2019apprentissage des jeunes adultes Asperger dans l\u2019EFP (2020-2023)\u00a0\u00bb<\/span><\/a><\/p>\n","protected":false},"author":32,"featured_media":0,"parent":0,"menu_order":0,"comment_status":"closed","ping_status":"closed","template":"","meta":{"_acf_changed":false,"_bbp_topic_count":0,"_bbp_reply_count":0,"_bbp_total_topic_count":0,"_bbp_total_reply_count":0,"_bbp_voice_count":0,"_bbp_anonymous_reply_count":0,"_bbp_topic_count_hidden":0,"_bbp_reply_count_hidden":0,"_bbp_forum_subforum_count":0,"footnotes":""},"class_list":["post-45044","page","type-page","status-publish","hentry"],"acf":[],"_links":{"self":[{"href":"https:\/\/www.autismeurope.org\/fr\/wp-json\/wp\/v2\/pages\/45044","targetHints":{"allow":["GET"]}}],"collection":[{"href":"https:\/\/www.autismeurope.org\/fr\/wp-json\/wp\/v2\/pages"}],"about":[{"href":"https:\/\/www.autismeurope.org\/fr\/wp-json\/wp\/v2\/types\/page"}],"author":[{"embeddable":true,"href":"https:\/\/www.autismeurope.org\/fr\/wp-json\/wp\/v2\/users\/32"}],"replies":[{"embeddable":true,"href":"https:\/\/www.autismeurope.org\/fr\/wp-json\/wp\/v2\/comments?post=45044"}],"version-history":[{"count":4,"href":"https:\/\/www.autismeurope.org\/fr\/wp-json\/wp\/v2\/pages\/45044\/revisions"}],"predecessor-version":[{"id":45270,"href":"https:\/\/www.autismeurope.org\/fr\/wp-json\/wp\/v2\/pages\/45044\/revisions\/45270"}],"wp:attachment":[{"href":"https:\/\/www.autismeurope.org\/fr\/wp-json\/wp\/v2\/media?parent=45044"}],"curies":[{"name":"wp","href":"https:\/\/api.w.org\/{rel}","templated":true}]}}