{"id":45046,"date":"2021-02-01T16:27:00","date_gmt":"2021-02-01T15:27:00","guid":{"rendered":"https:\/\/www.autismeurope.org\/fr\/?page_id=45046"},"modified":"2021-02-19T13:40:10","modified_gmt":"2021-02-19T12:40:10","slug":"projet-candy","status":"publish","type":"page","link":"https:\/\/www.autismeurope.org\/fr\/projet-candy\/","title":{"rendered":"Projet CANDY : Analyse des comorbidit\u00e9s des troubles neurologiques du d\u00e9veloppement et de l\u2019\u00e9pilepsie (2020- 2024)"},"content":{"rendered":"<p><span style=\"font-size: 12pt\">Les troubles du d\u00e9veloppement neurologique, tels que l&rsquo;autisme, le trouble d\u00e9ficitaire de l&rsquo;attention avec hyperactivit\u00e9 (TDAH) et le handicap intellectuel sont cliniquement h\u00e9t\u00e9rog\u00e8nes, coexistent souvent et touchent environ 15 % de la population europ\u00e9enne. Elles sont \u00e9galement souvent associ\u00e9es \u00e0 des maladies somatiques (par exemple l&rsquo;\u00e9pilepsie, les maladies auto-immunes et gastro-intestinales) qui peuvent impacter consid\u00e9rablement la qualit\u00e9 de vie. Par exemple, la combinaison du handicap intellectuel et de l&rsquo;\u00e9pilepsie chez une personne autiste fait diminuer l&rsquo;esp\u00e9rance de vie d&rsquo;environ 20 ans.<\/span><\/p>\n<p><span style=\"font-size: 12pt\">Actuellement, nous manquons de nouveaux traitements efficaces pour les troubles du d\u00e9veloppement neurologique et nous ne comprenons pas pourquoi ceux-ci coexistent. Cependant, tous les espoirs sont permis. Des preuves r\u00e9centes montrent que certaines variantes g\u00e9n\u00e9tiques, qui augmentent le risque de troubles du d\u00e9veloppement neurologique, sont communes \u00e0 ces troubles et affectent les m\u00eames voies biologiques. Nombre de ces variantes ont un impact sur la plasticit\u00e9 synaptique (modification de la transmission synaptique en fonction de l&rsquo;activit\u00e9) et sur la neurotransmission du glutamate et du GABA (c&rsquo;est-\u00e0-dire l&rsquo;\u00e9quilibre excitateur et inhibiteur (E\/I)). Des preuves sugg\u00e8rent \u00e9galement que le profil et la gravit\u00e9 des sympt\u00f4mes sont probablement mod\u00e9r\u00e9s par des facteurs environnementaux agissant \u00e0 diff\u00e9rents moments (p\u00e9riodes critiques).<\/span><\/p>\n<p><span style=\"font-size: 12pt\">Par cons\u00e9quent, nous \u00e9tudions aussi le r\u00f4le de l&rsquo;activation immunitaire maternelle pr\u00e9coce et du microbiome intestinal. L&rsquo;interaction entre la g\u00e9n\u00e9tique de l&rsquo;h\u00f4te et le microbiome intestinal pourrait permettre de comprendre pourquoi le fait de porter certaines variantes g\u00e9n\u00e9tiques \u00e0 risque n&rsquo;explique qu&rsquo;une partie des diff\u00e9rents spectres de sympt\u00f4mes que nous observons dans les troubles de d\u00e9veloppement neurologique.<\/span><\/p>\n<p><span style=\"font-size: 12pt\">Our overall goal is to improve the understanding of the crosstalk between genetics, immune activation\/ inflammation, and microbiome, and thereby provide a compelling novel conceptual framework to:<\/span><\/p>\n<p><span style=\"font-size: 12pt\">Notre objectif g\u00e9n\u00e9ral est d&rsquo;am\u00e9liorer la compr\u00e9hension de l&rsquo;interaction entre la g\u00e9n\u00e9tique, l&rsquo;activation immunitaire\/inflammation et le microbiome, et de fournir ainsi un cadre conceptuel nouveau et convaincant :<\/span><\/p>\n<ol>\n<li><span style=\"font-size: 12pt\">\u00e9lucider les <\/span><em style=\"font-size: 12pt\">m\u00e9canismes de causalit\u00e9<\/em><span style=\"font-size: 12pt\"> qui sous-tendent l\u2019autisme, le TDAH, le handicap mental et l\u2019\u00e9pilepsie ;<\/span><\/li>\n<li><span style=\"font-size: 12pt\">d\u00e9velopper de nouvelles strat\u00e9gies de pr\u00e9vention et de traitement de l\u2019autisme, du TDAH, du handicap mental et de l\u2019\u00e9pilepsie ;<\/span><\/li>\n<li><span style=\"font-size: 12pt\">fournir de nouveaux biomarqueurs pour guider le diagnostic pr\u00e9coce, la stratification et le suivi du traitement ;<\/span><\/li>\n<li><span style=\"font-size: 12pt\">ouvrir de nouvelles voies pour la recherche sur l\u2019autisme, le TDAH, le handicap mental et l\u2019\u00e9pilepsie.<\/span><\/li>\n<\/ol>\n<p><span style=\"font-size: 12pt\">En fin de compte, les personnes qui ont des troubles du d\u00e9veloppement neurologique en b\u00e9n\u00e9ficieront, leurs r\u00e9sultats sur le long terme s\u2019en trouveront am\u00e9lior\u00e9s.<\/span><\/p>\n<p><span style=\"font-size: 12pt\">Seize partenaires d&rsquo;Allemagne, du Royaume-Uni, de France, de Belgique, des Pays-Bas, de Su\u00e8de et de Suisse collaborent \u00e9troitement \u00e0 ce programme de recherche international, coordonn\u00e9 par l&rsquo;universit\u00e9 Radboud aux Pays-Bas. Autisme-Europe codirige les travaux dans les domaines de la diffusion, de la communication, de l&rsquo;exploitation de r\u00e9sultats de recherche, des droits de propri\u00e9t\u00e9 intellectuelle, et contribue \u00e0 l&rsquo;\u00e9thique et \u00e0 la formation.<\/span><\/p>\n<blockquote><p><span style=\"font-size: 12pt\"><a href=\"https:\/\/www.candy-project.eu\/\"><strong>Visiter le site web du projet<\/strong><\/a><\/span><\/p><\/blockquote>\n<h2><span style=\"font-size: 14pt\">A propos du programme Horizon 2020<\/span><\/h2>\n<p><span style=\"font-size: 12pt\"><a href=\"https:\/\/ec.europa.eu\/programmes\/horizon2020\/sites\/horizon2020\/files\/H2020_FR_KI0213413FRN.pdf\" target=\"_blank\" rel=\"noopener noreferrer\">Horizon 2020<\/a> est le plus grand programme de recherche et d&rsquo;innovation jamais mis en place par l&rsquo;UE. Financ\u00e9 \u00e0 hauteur de pr\u00e8s de 80 milliards d&rsquo;euros sur 7 ans (2014 \u00e0 2020), il jouit \u00e9galement de l\u2019int\u00e9r\u00eat d\u2019investisseurs priv\u00e9s. En favorisant la transition des grandes id\u00e9es du laboratoire au march\u00e9, il conduira \u00e0 de grandes avanc\u00e9es, des d\u00e9couvertes et des premi\u00e8res mondiales.<\/span><\/p>\n","protected":false},"excerpt":{"rendered":"<p>Les troubles du d\u00e9veloppement neurologique, tels que l&rsquo;autisme, le trouble d\u00e9ficitaire de l&rsquo;attention avec hyperactivit\u00e9 (TDAH) et le handicap intellectuel sont cliniquement h\u00e9t\u00e9rog\u00e8nes, coexistent souvent et touchent environ 15 % &hellip; <\/p>\n<p class=\"link-more\"><a href=\"https:\/\/www.autismeurope.org\/fr\/projet-candy\/\" class=\"more-link\">Continue reading<span class=\"screen-reader-text\"> \u00ab\u00a0Projet CANDY : Analyse des comorbidit\u00e9s des troubles neurologiques du d\u00e9veloppement et de l\u2019\u00e9pilepsie (2020- 2024)\u00a0\u00bb<\/span><\/a><\/p>\n","protected":false},"author":32,"featured_media":0,"parent":0,"menu_order":0,"comment_status":"closed","ping_status":"closed","template":"","meta":{"_acf_changed":false,"_bbp_topic_count":0,"_bbp_reply_count":0,"_bbp_total_topic_count":0,"_bbp_total_reply_count":0,"_bbp_voice_count":0,"_bbp_anonymous_reply_count":0,"_bbp_topic_count_hidden":0,"_bbp_reply_count_hidden":0,"_bbp_forum_subforum_count":0,"footnotes":""},"class_list":["post-45046","page","type-page","status-publish","hentry"],"acf":[],"_links":{"self":[{"href":"https:\/\/www.autismeurope.org\/fr\/wp-json\/wp\/v2\/pages\/45046","targetHints":{"allow":["GET"]}}],"collection":[{"href":"https:\/\/www.autismeurope.org\/fr\/wp-json\/wp\/v2\/pages"}],"about":[{"href":"https:\/\/www.autismeurope.org\/fr\/wp-json\/wp\/v2\/types\/page"}],"author":[{"embeddable":true,"href":"https:\/\/www.autismeurope.org\/fr\/wp-json\/wp\/v2\/users\/32"}],"replies":[{"embeddable":true,"href":"https:\/\/www.autismeurope.org\/fr\/wp-json\/wp\/v2\/comments?post=45046"}],"version-history":[{"count":5,"href":"https:\/\/www.autismeurope.org\/fr\/wp-json\/wp\/v2\/pages\/45046\/revisions"}],"predecessor-version":[{"id":45158,"href":"https:\/\/www.autismeurope.org\/fr\/wp-json\/wp\/v2\/pages\/45046\/revisions\/45158"}],"wp:attachment":[{"href":"https:\/\/www.autismeurope.org\/fr\/wp-json\/wp\/v2\/media?parent=45046"}],"curies":[{"name":"wp","href":"https:\/\/api.w.org\/{rel}","templated":true}]}}