{"id":4509,"date":"2017-10-10T17:07:32","date_gmt":"2017-10-10T15:07:32","guid":{"rendered":"http:\/\/www.autismeurope.org\/fr\/?page_id=4509"},"modified":"2017-10-10T17:23:52","modified_gmt":"2017-10-10T15:23:52","slug":"la-coalition-europeenne-pour-la-vie-en-communaute","status":"publish","type":"page","link":"https:\/\/www.autismeurope.org\/fr\/la-coalition-europeenne-pour-la-vie-en-communaute\/","title":{"rendered":"Coalition Europ\u00e9enne pour la Vie dans le Tissu Social"},"content":{"rendered":"<p><span style=\"font-size: 12pt\">La vision de la Coalition est celle d&rsquo;une soci\u00e9t\u00e9 dans laquelle les personnes handicap\u00e9es vivent en tant que citoyens \u00e9gaux, dans le plein respect de leurs droits humains. Ils doivent avoir de vrais choix quant \u00e0 l&rsquo;endroit o\u00f9 ils vivent et avec qui, ainsi qu\u2019aux choix dans leur vie quotidienne et \u00e0 de r\u00e9elles opportunit\u00e9s d&rsquo;\u00eatre ind\u00e9pendants et de participer activement dans leurs communaut\u00e9s.<\/span><\/p>\n<p><span style=\"font-size: 10pt\">Coalition Europ\u00e9enne pour la Vie dans le Tissu Social<\/span><span style=\"font-size: 12pt\"> pr\u00e9conise et surveille les progr\u00e8s accomplis vers la d\u00e9sinstitutionalisation en Europe, m\u00e8ne des campagnes et fournit des informations sur le d\u00e9veloppement de services communautaires et sur la d\u00e9sinstitutionnalisation.<\/span><\/p>\n<blockquote><p><span style=\"font-size: 12pt\"><strong>Autisme-Europe est membre fondateur de la La <span style=\"font-size: 12pt\">Coalition Europ\u00e9enne pour la Vie dans le Tissu Social.<\/span><\/strong><\/span><\/p><\/blockquote>\n","protected":false},"excerpt":{"rendered":"<p>La vision de la Coalition est celle d&rsquo;une soci\u00e9t\u00e9 dans laquelle les personnes handicap\u00e9es vivent en tant que citoyens \u00e9gaux, dans le plein respect de leurs droits humains. Ils doivent &hellip; <\/p>\n<p class=\"link-more\"><a href=\"https:\/\/www.autismeurope.org\/fr\/la-coalition-europeenne-pour-la-vie-en-communaute\/\" class=\"more-link\">Continue reading<span class=\"screen-reader-text\"> \u00ab\u00a0Coalition Europ\u00e9enne pour la Vie dans le Tissu Social\u00a0\u00bb<\/span><\/a><\/p>\n","protected":false},"author":32,"featured_media":0,"parent":0,"menu_order":0,"comment_status":"closed","ping_status":"closed","template":"","meta":{"_acf_changed":false,"_bbp_topic_count":0,"_bbp_reply_count":0,"_bbp_total_topic_count":0,"_bbp_total_reply_count":0,"_bbp_voice_count":0,"_bbp_anonymous_reply_count":0,"_bbp_topic_count_hidden":0,"_bbp_reply_count_hidden":0,"_bbp_forum_subforum_count":0,"footnotes":""},"class_list":["post-4509","page","type-page","status-publish","hentry"],"acf":[],"_links":{"self":[{"href":"https:\/\/www.autismeurope.org\/fr\/wp-json\/wp\/v2\/pages\/4509","targetHints":{"allow":["GET"]}}],"collection":[{"href":"https:\/\/www.autismeurope.org\/fr\/wp-json\/wp\/v2\/pages"}],"about":[{"href":"https:\/\/www.autismeurope.org\/fr\/wp-json\/wp\/v2\/types\/page"}],"author":[{"embeddable":true,"href":"https:\/\/www.autismeurope.org\/fr\/wp-json\/wp\/v2\/users\/32"}],"replies":[{"embeddable":true,"href":"https:\/\/www.autismeurope.org\/fr\/wp-json\/wp\/v2\/comments?post=4509"}],"version-history":[{"count":4,"href":"https:\/\/www.autismeurope.org\/fr\/wp-json\/wp\/v2\/pages\/4509\/revisions"}],"predecessor-version":[{"id":4513,"href":"https:\/\/www.autismeurope.org\/fr\/wp-json\/wp\/v2\/pages\/4509\/revisions\/4513"}],"wp:attachment":[{"href":"https:\/\/www.autismeurope.org\/fr\/wp-json\/wp\/v2\/media?parent=4509"}],"curies":[{"name":"wp","href":"https:\/\/api.w.org\/{rel}","templated":true}]}}