{"id":45117,"date":"2021-02-12T12:24:03","date_gmt":"2021-02-12T11:24:03","guid":{"rendered":"https:\/\/www.autismeurope.org\/fr\/?page_id=45117"},"modified":"2021-06-01T12:36:15","modified_gmt":"2021-06-01T10:36:15","slug":"enquetes-et-autres-consultations-ouvertes","status":"publish","type":"page","link":"https:\/\/www.autismeurope.org\/fr\/impliquez-vous\/enquetes-et-autres-consultations-ouvertes\/","title":{"rendered":"Enqu\u00eates et autres consultations ouvertes"},"content":{"rendered":"<h2><span style=\"font-size: 14pt\">Enqu\u00eate ACCESS-EU<\/span><\/h2>\n<p><span style=\"font-size: 12pt\">L&rsquo;universit\u00e9 de Cambridge et Autisme-Europe coop\u00e8rent \u00e0 une \u00e9tude dans le cadre du projet <a href=\"https:\/\/www.autismeurope.org\/fr\/projet-international-aims-2-trials-innovative-medicine-studies-2-trials-2018-2023\/\" target=\"_blank\" rel=\"noopener noreferrer\">AIMS-2-TRIALS.<\/a> Cette \u00e9tude vise \u00e0 recueillir les exp\u00e9riences des personnes autistes et de leurs aidants familiaux concernant toute une s\u00e9rie de services en Europe et au-del\u00e0. <\/span><span style=\"font-size: 12pt\">Les conclusions de l&rsquo;\u00e9tude seront utilis\u00e9es pour \u00e9laborer des recommandations politiques sur la n\u00e9cessit\u00e9 d&rsquo;am\u00e9liorer l\u2019offre et l&rsquo;accessibilit\u00e9 des services pour les personnes autistes en Europe.<\/span><\/p>\n<blockquote><p><a href=\"http:\/\/rebrand.ly\/ACCESS-EU\" target=\"_blank\" rel=\"noopener noreferrer\"><strong><span style=\"font-size: 12pt\">En savoir plus<\/span><\/strong><\/a><\/p>\n<p><strong><span style=\"font-size: 12pt\">R\u00e9pondre \u00e0 l&rsquo;enqu\u00eate en <a href=\"https:\/\/cambridge.eu.qualtrics.com\/jfe\/form\/SV_encOzLoKIRHLlxb\" target=\"_blank\" rel=\"noopener noreferrer\">fran\u00e7ais<\/a>, <a href=\"https:\/\/cambridge.eu.qualtrics.com\/jfe\/form\/SV_8p1GcMpaSLjo0fP\" target=\"_blank\" rel=\"noopener noreferrer\">anglais<\/a>, <a href=\"https:\/\/cambridge.eu.qualtrics.com\/jfe\/form\/SV_00pftCe5nwOseG1\" target=\"_blank\" rel=\"noopener noreferrer\">espagnol<\/a>, <a href=\"https:\/\/cambridge.eu.qualtrics.com\/jfe\/form\/SV_byCAWBdjnTWpLc9\" target=\"_blank\" rel=\"noopener noreferrer\">allemand<\/a>,\u00a0<a href=\"\/Users\/Catherine\/AppData\/Local\/Packages\/microsoft.windowscommunicationsapps_8wekyb3d8bbwe\/LocalState\/Files\/S0\/3\/Attachments\/ACCESS-EU%20study%20flyer%20ITALIAN[26613].pdf\" target=\"_blank\" rel=\"noopener noreferrer\">italien<\/a>, <a href=\"\/Users\/Catherine\/AppData\/Local\/Packages\/microsoft.windowscommunicationsapps_8wekyb3d8bbwe\/LocalState\/Files\/S0\/3\/Attachments\/ACCESS-EU%20study%20flyer-POLISH[26612].pdf\" target=\"_blank\" rel=\"noopener noreferrer\">polanais<\/a>, <a href=\"https:\/\/cambridge.eu.qualtrics.com\/jfe\/form\/SV_eXlpaolXhqmapJr\" target=\"_blank\" rel=\"noopener noreferrer\">slov\u00e8ne <\/a>et <a href=\"https:\/\/cambridge.eu.qualtrics.com\/jfe\/form\/SV_emxngZIyZGKKEol\" target=\"_blank\" rel=\"noopener noreferrer\">tch\u00e8que<\/a>.<\/span><\/strong><\/p><\/blockquote>\n<h2><span style=\"font-size: 14pt\">\u00ab\u00a0L\u2019autisme\u00a0: 10\u00a0priorit\u00e9s de changement\u00a0\u00bb<\/span><\/h2>\n<p><span style=\"font-size: 12pt\">Dans le cadre du consortium de recherche sur l&rsquo;autisme <a href=\"https:\/\/www.autismeurope.org\/fr\/projet-international-aims-2-trials-innovative-medicine-studies-2-trials-2018-2023\/\">AIMS-2-TRIALS<\/a> dont Autisme-Europe (AE) est partenaire, les personnes autistes, leurs familles et les personnes de soutien sont appel\u00e9es \u00e0 faire connaitre leur priorit\u00e9s concernant les changements politiques qu\u2019elles aimeraient voir apporter en faveur des personnes autistes. L\u2019\u00e9tude, men\u00e9e par l&rsquo;Universit\u00e9 de Cambridge en coop\u00e9ration avec AE, vise \u00e0 explorer ces priorit\u00e9s afin d&rsquo;am\u00e9liorer la vie des personnes autistes en Europe et au-del\u00e0.<\/span><\/p>\n<blockquote><p><span style=\"font-size: 12pt\"><strong><a href=\"https:\/\/rebrand.ly\/10-points-for-change\" target=\"_blank\" rel=\"noopener noreferrer\">En savoir plus et participer \u00e0 l\u2019enqu\u00eate (fran\u00e7ais, anglais, allemand, espagnol)<\/a><\/strong><\/span><\/p><\/blockquote>\n<h2><span style=\"font-size: 14pt\">Enqu\u00eate du projet WIN-WITH-U pour l&#8217;employabilit\u00e9 des personnes autistes<\/span><\/h2>\n<p><span style=\"font-size: 12pt\">Dans le cadre du projet\u00a0 Erasmus+ Workplace Inclusion and employmeNt opportunities for youth WITH aUtism (WIN-WITH-U), dont Autisme-Europe est partenaire, les personnes autistes, les aidants\/ familles et les employeurs sont appell\u00e9s \u00e0 remplir une enqu\u00eate afin de produire un document de m\u00e9thodologie d\u2019apprentissage, ainsi qu\u2019un ensemble de modules d\u2019apprentissage qui seront mis gratuitement \u00e0 disposition sur une plateforme en ligne.<\/span><\/p>\n<blockquote><p><strong><a href=\"https:\/\/www.autismeurope.org\/fr\/blog\/2021\/05\/25\/remplissez-notre-enquete-pour-ameliorer-lemployabilite-des-personnes-autistes\/\" target=\"_blank\" rel=\"noopener\"><span style=\"font-size: 12pt\">R\u00e9pondre \u00e0 l&rsquo;enqu\u00eate en anglais, fran\u00e7ais, allemand, espagnol, italien, neerlandais, danois, bulgaire ou icelandais<\/span><\/a><\/strong><\/p><\/blockquote>\n<h2><span style=\"font-size: 14pt\">\u00ab D\u00e9ploiement de la vaccination dans l&rsquo;UE \u00bb<\/span><\/h2>\n<p><span style=\"font-size: 12pt\">Le Forum europ\u00e9en des personnes handicap\u00e9es (FEPH) a cr\u00e9\u00e9 un court sondage de 6 questions sur la mani\u00e8re dont les campagnes de vaccination se d\u00e9roulent pour les personnes handicap\u00e9es en Europe. Actuellement, le FEPH plaide pour que les personnes handicap\u00e9es soient prioritaires dans les strat\u00e9gies de vaccination. Il souhaite recueillir les r\u00e9actions des parties prenantes sur la situation actuelle dans leur pays. Les r\u00e9sultats de cette enqu\u00eate permettront au FEPH de dresser un tableau de la situation actuelle et de promouvoir son plaidoyer au niveau europ\u00e9en. <\/span><\/p>\n<blockquote><p><strong><a href=\"https:\/\/www.surveymonkey.com\/r\/TSBH2YL\"><span style=\"font-size: 12pt\">R\u00e9pondre \u00e0 l&rsquo;enqu\u00eate en anglais<\/span><\/a><\/strong><\/p><\/blockquote>\n<p><span style=\"font-size: 10pt\">La diffusion de cette enqu\u00eate ne constitue pas une approbation de son contenu, qui n&rsquo;engage que ses auteurs, et Autisme-Europe ne peut \u00eatre tenue responsable de l&rsquo;usage qui pourrait \u00eatre fait des informations qu&rsquo;elle contient.<\/span><\/p>\n","protected":false},"excerpt":{"rendered":"<p>Enqu\u00eate ACCESS-EU L&rsquo;universit\u00e9 de Cambridge et Autisme-Europe coop\u00e8rent \u00e0 une \u00e9tude dans le cadre du projet AIMS-2-TRIALS. Cette \u00e9tude vise \u00e0 recueillir les exp\u00e9riences des personnes autistes et de leurs &hellip; <\/p>\n<p class=\"link-more\"><a href=\"https:\/\/www.autismeurope.org\/fr\/impliquez-vous\/enquetes-et-autres-consultations-ouvertes\/\" class=\"more-link\">Continue reading<span class=\"screen-reader-text\"> \u00ab\u00a0Enqu\u00eates et autres consultations ouvertes\u00a0\u00bb<\/span><\/a><\/p>\n","protected":false},"author":32,"featured_media":0,"parent":104,"menu_order":6,"comment_status":"closed","ping_status":"closed","template":"","meta":{"_acf_changed":false,"_bbp_topic_count":0,"_bbp_reply_count":0,"_bbp_total_topic_count":0,"_bbp_total_reply_count":0,"_bbp_voice_count":0,"_bbp_anonymous_reply_count":0,"_bbp_topic_count_hidden":0,"_bbp_reply_count_hidden":0,"_bbp_forum_subforum_count":0,"footnotes":""},"class_list":["post-45117","page","type-page","status-publish","hentry"],"acf":[],"_links":{"self":[{"href":"https:\/\/www.autismeurope.org\/fr\/wp-json\/wp\/v2\/pages\/45117","targetHints":{"allow":["GET"]}}],"collection":[{"href":"https:\/\/www.autismeurope.org\/fr\/wp-json\/wp\/v2\/pages"}],"about":[{"href":"https:\/\/www.autismeurope.org\/fr\/wp-json\/wp\/v2\/types\/page"}],"author":[{"embeddable":true,"href":"https:\/\/www.autismeurope.org\/fr\/wp-json\/wp\/v2\/users\/32"}],"replies":[{"embeddable":true,"href":"https:\/\/www.autismeurope.org\/fr\/wp-json\/wp\/v2\/comments?post=45117"}],"version-history":[{"count":20,"href":"https:\/\/www.autismeurope.org\/fr\/wp-json\/wp\/v2\/pages\/45117\/revisions"}],"predecessor-version":[{"id":46088,"href":"https:\/\/www.autismeurope.org\/fr\/wp-json\/wp\/v2\/pages\/45117\/revisions\/46088"}],"up":[{"embeddable":true,"href":"https:\/\/www.autismeurope.org\/fr\/wp-json\/wp\/v2\/pages\/104"}],"wp:attachment":[{"href":"https:\/\/www.autismeurope.org\/fr\/wp-json\/wp\/v2\/media?parent=45117"}],"curies":[{"name":"wp","href":"https:\/\/api.w.org\/{rel}","templated":true}]}}