{"id":4516,"date":"2017-10-10T17:47:09","date_gmt":"2017-10-10T15:47:09","guid":{"rendered":"http:\/\/www.autismeurope.org\/fr\/?page_id=4516"},"modified":"2017-10-10T17:47:09","modified_gmt":"2017-10-10T15:47:09","slug":"viiieme-congres-international-dautisme-europe-oslo-norvege-2007","status":"publish","type":"page","link":"https:\/\/www.autismeurope.org\/fr\/viiieme-congres-international-dautisme-europe-oslo-norvege-2007\/","title":{"rendered":"VIII\u00e8me Congr\u00e8s International d&rsquo;Autisme-Europe, Oslo, Norv\u00e8ge, 2007"},"content":{"rendered":"<p><span style=\"font-size: 12pt\">Le congr\u00e8s d&rsquo;Oslo a suivi le th\u00e8me \u00abUn monde de possibilit\u00e9s\u00bb et a attir\u00e9 1200 participants du monde entier. Le congr\u00e8s a discut\u00e9 et adopt\u00e9 le document de position sur les soins aux personnes avec autisme : une approche fond\u00e9e sur les droits et sur des preuves, \u00e9labor\u00e9e par Autisme-Europe en collaboration avec des associations de professionnels et de chercheurs dans le domaine de l&rsquo;autisme.<\/span><\/p>\n","protected":false},"excerpt":{"rendered":"<p>Le congr\u00e8s d&rsquo;Oslo a suivi le th\u00e8me \u00abUn monde de possibilit\u00e9s\u00bb et a attir\u00e9 1200 participants du monde entier. Le congr\u00e8s a discut\u00e9 et adopt\u00e9 le document de position sur &hellip; <\/p>\n<p class=\"link-more\"><a href=\"https:\/\/www.autismeurope.org\/fr\/viiieme-congres-international-dautisme-europe-oslo-norvege-2007\/\" class=\"more-link\">Continue reading<span class=\"screen-reader-text\"> \u00ab\u00a0VIII\u00e8me Congr\u00e8s International d&rsquo;Autisme-Europe, Oslo, Norv\u00e8ge, 2007\u00a0\u00bb<\/span><\/a><\/p>\n","protected":false},"author":32,"featured_media":0,"parent":0,"menu_order":0,"comment_status":"closed","ping_status":"closed","template":"","meta":{"_acf_changed":false,"_bbp_topic_count":0,"_bbp_reply_count":0,"_bbp_total_topic_count":0,"_bbp_total_reply_count":0,"_bbp_voice_count":0,"_bbp_anonymous_reply_count":0,"_bbp_topic_count_hidden":0,"_bbp_reply_count_hidden":0,"_bbp_forum_subforum_count":0,"footnotes":""},"class_list":["post-4516","page","type-page","status-publish","hentry"],"acf":[],"_links":{"self":[{"href":"https:\/\/www.autismeurope.org\/fr\/wp-json\/wp\/v2\/pages\/4516","targetHints":{"allow":["GET"]}}],"collection":[{"href":"https:\/\/www.autismeurope.org\/fr\/wp-json\/wp\/v2\/pages"}],"about":[{"href":"https:\/\/www.autismeurope.org\/fr\/wp-json\/wp\/v2\/types\/page"}],"author":[{"embeddable":true,"href":"https:\/\/www.autismeurope.org\/fr\/wp-json\/wp\/v2\/users\/32"}],"replies":[{"embeddable":true,"href":"https:\/\/www.autismeurope.org\/fr\/wp-json\/wp\/v2\/comments?post=4516"}],"version-history":[{"count":1,"href":"https:\/\/www.autismeurope.org\/fr\/wp-json\/wp\/v2\/pages\/4516\/revisions"}],"predecessor-version":[{"id":4517,"href":"https:\/\/www.autismeurope.org\/fr\/wp-json\/wp\/v2\/pages\/4516\/revisions\/4517"}],"wp:attachment":[{"href":"https:\/\/www.autismeurope.org\/fr\/wp-json\/wp\/v2\/media?parent=4516"}],"curies":[{"name":"wp","href":"https:\/\/api.w.org\/{rel}","templated":true}]}}