{"id":4531,"date":"2017-08-29T11:19:25","date_gmt":"2017-08-29T09:19:25","guid":{"rendered":"http:\/\/www.autismeurope.org\/fr\/?page_id=4531"},"modified":"2017-10-24T11:20:58","modified_gmt":"2017-10-24T09:20:58","slug":"pourquoi-la-cnudph-est-elle-importante","status":"publish","type":"page","link":"https:\/\/www.autismeurope.org\/fr\/pourquoi-la-cnudph-est-elle-importante\/","title":{"rendered":"Pourquoi la CNUDPH est-elle importante ?"},"content":{"rendered":"<p><span style=\"font-size: 12pt\">La Convention des Nations Unies relative aux Droits des Personnes Handicap\u00e9es (CNUDPH) constitue une \u00e9tape importante vers un changement de perspective qui ne consid\u00e8re plus \u00a0les personnes handicap\u00e9es comme des \u00abobjets\u00bb b\u00e9n\u00e9ficiant d\u2019actions de charit\u00e9, de traitements m\u00e9dicaux et de \u00a0protection sociale, mais comme des \u00absujets\u00bb ayant des droits, capables de revendiquer ces droits et de prendre des d\u00e9cisions concernant leur vie sur la base du libre consentement, ainsi que comme \u00a0des membres actifs de la soci\u00e9t\u00e9.<\/span><\/p>\n<p><span style=\"font-size: 12pt\">La Convention est con\u00e7ue comme un instrument des droits de l\u2019Homme mais comporte en plus une dimension explicite de d\u00e9veloppement social. Elle adopte un concept large \u00a0du handicap et r\u00e9affirme que toutes les personnes, quel que soit leurhandicap, doivent pouvoir jouir de tous les droits humains et de toutes les libert\u00e9s fondamentales. Elle clarifie et identifie la mani\u00e8re dont toutes les cat\u00e9gories de droits s\u2019appliquent aux personnes handicap\u00e9es\u00a0; elle identifie les domaines o\u00f9 des adaptations doivent \u00eatre faites pour que les personnes handicap\u00e9es puissent effectivement exercer leurs droits ainsi que les domaines o\u00f9 \u00a0il y a violation de leurs droits et o\u00f9 il est n\u00e9cessaire d\u2019en renforcer la protection.<\/span><\/p>\n<p><span style=\"font-size: 12pt\">Les pays et les r\u00e9gions qui adh\u00e8rent \u00e0 la Convention s\u2019engagent \u00e0 \u00e9laborer et \u00e0 mettre en \u0153uvre des politiques, des lois et des mesures administratives visant \u00e0 garantir les droits reconnus dans la Convention et \u00e0 abolir les lois, r\u00e8glements, coutumes et pratiques discriminatoires (article 4).<\/span><\/p>\n","protected":false},"excerpt":{"rendered":"<p>La Convention des Nations Unies relative aux Droits des Personnes Handicap\u00e9es (CNUDPH) constitue une \u00e9tape importante vers un changement de perspective qui ne consid\u00e8re plus \u00a0les personnes handicap\u00e9es comme des &hellip; <\/p>\n<p class=\"link-more\"><a href=\"https:\/\/www.autismeurope.org\/fr\/pourquoi-la-cnudph-est-elle-importante\/\" class=\"more-link\">Continue reading<span class=\"screen-reader-text\"> \u00ab\u00a0Pourquoi la CNUDPH est-elle importante ?\u00a0\u00bb<\/span><\/a><\/p>\n","protected":false},"author":32,"featured_media":0,"parent":0,"menu_order":0,"comment_status":"closed","ping_status":"closed","template":"","meta":{"_acf_changed":false,"_bbp_topic_count":0,"_bbp_reply_count":0,"_bbp_total_topic_count":0,"_bbp_total_reply_count":0,"_bbp_voice_count":0,"_bbp_anonymous_reply_count":0,"_bbp_topic_count_hidden":0,"_bbp_reply_count_hidden":0,"_bbp_forum_subforum_count":0,"footnotes":""},"class_list":["post-4531","page","type-page","status-publish","hentry"],"acf":[],"_links":{"self":[{"href":"https:\/\/www.autismeurope.org\/fr\/wp-json\/wp\/v2\/pages\/4531","targetHints":{"allow":["GET"]}}],"collection":[{"href":"https:\/\/www.autismeurope.org\/fr\/wp-json\/wp\/v2\/pages"}],"about":[{"href":"https:\/\/www.autismeurope.org\/fr\/wp-json\/wp\/v2\/types\/page"}],"author":[{"embeddable":true,"href":"https:\/\/www.autismeurope.org\/fr\/wp-json\/wp\/v2\/users\/32"}],"replies":[{"embeddable":true,"href":"https:\/\/www.autismeurope.org\/fr\/wp-json\/wp\/v2\/comments?post=4531"}],"version-history":[{"count":2,"href":"https:\/\/www.autismeurope.org\/fr\/wp-json\/wp\/v2\/pages\/4531\/revisions"}],"predecessor-version":[{"id":4983,"href":"https:\/\/www.autismeurope.org\/fr\/wp-json\/wp\/v2\/pages\/4531\/revisions\/4983"}],"wp:attachment":[{"href":"https:\/\/www.autismeurope.org\/fr\/wp-json\/wp\/v2\/media?parent=4531"}],"curies":[{"name":"wp","href":"https:\/\/api.w.org\/{rel}","templated":true}]}}