{"id":46811,"date":"2022-04-21T16:31:48","date_gmt":"2022-04-21T14:31:48","guid":{"rendered":"https:\/\/www.autismeurope.org\/fr\/?page_id=46811"},"modified":"2022-04-21T16:31:48","modified_gmt":"2022-04-21T14:31:48","slug":"soutenir-les-personnes-autistes-en-ukraine","status":"publish","type":"page","link":"https:\/\/www.autismeurope.org\/fr\/que-faisons-nous\/domaines-activite\/soutenir-les-personnes-autistes-en-ukraine\/","title":{"rendered":"Soutenir les personnes autistes en Ukraine"},"content":{"rendered":"<p><span style=\"font-size: 12pt\">En collaboration avec EUCAP et apr\u00e8s avoir consult\u00e9 son organisation-membre Child with Future (Ukraine), <a href=\"https:\/\/www.autismeurope.org\/wp-content\/uploads\/2022\/03\/Call-to-ensure-the-protection-of-Ukrainian-autistic-people.pdf\">AE a lanc\u00e9 un appel \u00e0 garantir la protection des personnes autistes ukrainiennes<\/a>. En effet, \u00e0 l&rsquo;heure actuelle, elles restent largement invisibles et mal desservis par les efforts actuels.<\/span><\/p>\n<p><span style=\"font-size: 12pt\"><strong>Ressources et soutien existants<\/strong><\/span><\/p>\n<ul>\n<li><span style=\"font-size: 12pt\">Nous encourageons les personnes d\u00e9sireuses d&rsquo;aider la communaut\u00e9 autiste en Ukraine \u00e0 rejoindre ce <a href=\"Nous%20encourageons%20les%20personnes%20d\u00e9sireuses%20d'aider%20la%20communaut\u00e9%20autiste%20en%20Ukraine%20\u00e0%20rejoindre%20ce%20groupe%20Facebook.\">groupe Facebook<\/a>.<\/span><\/li>\n<\/ul>\n<p><span style=\"font-size: 12pt\">Ce groupe est utilis\u00e9 pour aider \u00e0 centraliser les informations sur les canaux de soutien existants pour les r\u00e9fugi\u00e9s ukrainiens et tout type de soutien disponible pour les personnes autistes en Ukraine.<\/span><\/p>\n<ul>\n<li><span style=\"font-size: 12pt\"><strong>Les organisations d\u2019AE se portent volontaires pour apporter leur soutien<\/strong>\u2013\u00a0<a href=\"https:\/\/drive.google.com\/drive\/u\/2\/folders\/1ZLVk3D7587ke1ld0LvKRxEFasAHW94kd\">Cliquer ici pour acc\u00e9der \u00e0 la liste de soutien<\/a><\/span><\/li>\n<li><span style=\"font-size: 12pt\"><strong>Visitez le site web d\u2019EUCAP pour en savoir plus sur les actions de solidarit\u00e9 et de soutien par les pairs et pour t\u00e9l\u00e9charger des supports d\u2019information <\/strong>:\u00a0<a href=\"https:\/\/eucap.eu\/ukrainian-refugees\/\">Soutien aux r\u00e9fugi\u00e9s ukrainiens : adultes autistes et familles avec des enfants autistes <\/a><\/span><\/li>\n<\/ul>\n<p><span style=\"font-size: 12pt\"><strong>Nous demandons \u00e0 toute personne d\u00e9sireuse et capable d&rsquo;aider, de soutenir les actions suivantes :<\/strong><\/span><\/p>\n<p><span style=\"font-size: 12pt\">Vous pouvez :<\/span><\/p>\n<ul>\n<li><span style=\"font-size: 12pt\"><strong>Se porter volontaire pour fournir des services en ligne <\/strong>pour aider les personnes autistes \u00e0 faire face aux traumatismes et au niveau \u00e9lev\u00e9 de stress qu&rsquo;ils subissent (Ces services doivent \u00eatre disponibles de pr\u00e9f\u00e9rence en ukrainien, russe, bi\u00e9lorusse et polonais.)<\/span><\/li>\n<li><span style=\"font-size: 12pt\"><strong>Aider les r\u00e9fugi\u00e9s en proposant des services<\/strong> de traduction et d&rsquo;interpr\u00e9tation, de transport vers et dans le pays, d&rsquo;h\u00e9bergement temporaire, de logement, de soins de sant\u00e9 de base, de th\u00e9rapie de l&rsquo;autisme, de th\u00e9rapie des traumatismes, de scolarit\u00e9, d&rsquo;activit\u00e9s de loisirs, de soutien par les pairs pour les enfants\/adultes\/parents, de garde d&rsquo;enfants\/r\u00e9pit, d&rsquo;offre d&#8217;emplois, d&rsquo;aide \u00e0 la recherche d&#8217;emploi, d&rsquo;aide \u00e0 la demande d&rsquo;allocations et d&rsquo;autres documents administratifs.<\/span><\/li>\n<li><span style=\"font-size: 12pt\"><strong>Pr\u00e9parer du mat\u00e9riel d&rsquo;information <\/strong>pour sensibiliser les autorit\u00e9s publiques\/les aides humanitaires \u00e0 l&rsquo;autisme, y compris pour les pays qui accueilleront les r\u00e9fugi\u00e9s ukrainiens. Il convient de noter que les adultes autistes en Ukraine ne sont g\u00e9n\u00e9ralement pas diagnostiqu\u00e9s, ce qui rend d&rsquo;autant plus difficile l&rsquo;acc\u00e8s \u00e0 tout type de soutien.<\/span><\/li>\n<li><span style=\"font-size: 12pt\">Concevoir des <strong>informations dans un format alternatif\/augmentatif<\/strong> pour aider \u00e0 faire face aux perturbations et \u00e0 diverses situations difficiles.<\/span><\/li>\n<li><span style=\"font-size: 12pt\"><strong>Sensibilisation g\u00e9n\u00e9rale et plaidoyer \u00e0 travers l&rsquo;Europe<\/strong> pour r\u00e9pondre aux besoins urgents de la communaut\u00e9 autistique et de ses familles en Ukraine et \u00e0 l&rsquo;\u00e9tranger.<\/span><\/li>\n<\/ul>\n<p><span style=\"font-size: 12pt\"><strong>Si vous \u00eates int\u00e9ress\u00e9 \u00e0 contribuer \u00e0 certaines des actions susmentionn\u00e9es, veuillez nous contacter \u00e0 l&rsquo;adresse suivante : secretariat@autismeurope.org<\/strong><\/span><\/p>\n","protected":false},"excerpt":{"rendered":"<p>En collaboration avec EUCAP et apr\u00e8s avoir consult\u00e9 son organisation-membre Child with Future (Ukraine), AE a lanc\u00e9 un appel \u00e0 garantir la protection des personnes autistes ukrainiennes. En effet, \u00e0 &hellip; <\/p>\n<p class=\"link-more\"><a href=\"https:\/\/www.autismeurope.org\/fr\/que-faisons-nous\/domaines-activite\/soutenir-les-personnes-autistes-en-ukraine\/\" class=\"more-link\">Continue reading<span class=\"screen-reader-text\"> \u00ab\u00a0Soutenir les personnes autistes en Ukraine\u00a0\u00bb<\/span><\/a><\/p>\n","protected":false},"author":32,"featured_media":46543,"parent":3179,"menu_order":14,"comment_status":"closed","ping_status":"closed","template":"","meta":{"_acf_changed":false,"_bbp_topic_count":0,"_bbp_reply_count":0,"_bbp_total_topic_count":0,"_bbp_total_reply_count":0,"_bbp_voice_count":0,"_bbp_anonymous_reply_count":0,"_bbp_topic_count_hidden":0,"_bbp_reply_count_hidden":0,"_bbp_forum_subforum_count":0,"footnotes":""},"class_list":["post-46811","page","type-page","status-publish","has-post-thumbnail","hentry"],"acf":[],"_links":{"self":[{"href":"https:\/\/www.autismeurope.org\/fr\/wp-json\/wp\/v2\/pages\/46811","targetHints":{"allow":["GET"]}}],"collection":[{"href":"https:\/\/www.autismeurope.org\/fr\/wp-json\/wp\/v2\/pages"}],"about":[{"href":"https:\/\/www.autismeurope.org\/fr\/wp-json\/wp\/v2\/types\/page"}],"author":[{"embeddable":true,"href":"https:\/\/www.autismeurope.org\/fr\/wp-json\/wp\/v2\/users\/32"}],"replies":[{"embeddable":true,"href":"https:\/\/www.autismeurope.org\/fr\/wp-json\/wp\/v2\/comments?post=46811"}],"version-history":[{"count":1,"href":"https:\/\/www.autismeurope.org\/fr\/wp-json\/wp\/v2\/pages\/46811\/revisions"}],"predecessor-version":[{"id":46812,"href":"https:\/\/www.autismeurope.org\/fr\/wp-json\/wp\/v2\/pages\/46811\/revisions\/46812"}],"up":[{"embeddable":true,"href":"https:\/\/www.autismeurope.org\/fr\/wp-json\/wp\/v2\/pages\/3179"}],"wp:featuredmedia":[{"embeddable":true,"href":"https:\/\/www.autismeurope.org\/fr\/wp-json\/wp\/v2\/media\/46543"}],"wp:attachment":[{"href":"https:\/\/www.autismeurope.org\/fr\/wp-json\/wp\/v2\/media?parent=46811"}],"curies":[{"name":"wp","href":"https:\/\/api.w.org\/{rel}","templated":true}]}}