{"id":47248,"date":"2023-02-01T14:51:47","date_gmt":"2023-02-01T13:51:47","guid":{"rendered":"https:\/\/www.autismeurope.org\/fr\/?page_id=47248"},"modified":"2023-02-01T14:54:04","modified_gmt":"2023-02-01T13:54:04","slug":"je-peux-apprendre-je-peux-travailler","status":"publish","type":"page","link":"https:\/\/www.autismeurope.org\/fr\/je-peux-apprendre-je-peux-travailler\/","title":{"rendered":"\u00ab Je peux APPRENDRE. Je peux TRAVAILLER \u00bb"},"content":{"rendered":"<blockquote><p><span style=\"font-size: 12pt\"><a href=\"https:\/\/www.autismeurope.org\/wp-content\/uploads\/2021\/03\/Autism-Europes-campaign-2020-21_Annex_FR_Final.pdf\" target=\"_blank\" rel=\"noopener noreferrer\"><strong>Cliquez ici pour t\u00e9l\u00e9charger l\u2019annexe \u00e0 la boite \u00e0 outils de la campagne pour 2021, qui pr\u00e9sente les objectifs de la deuxi\u00e8me phase de la campagne.<\/strong><\/a><\/span><\/p><\/blockquote>\n<p><span style=\"font-size: 12pt\">La publication de la\u00a0<a href=\"https:\/\/www.autismeurope.org\/fr\/blog\/2021\/03\/03\/la-strategie-europeenne-relative-aux-droits-des-personnes-handicapees-2021-2030\/\" target=\"_blank\" rel=\"noopener noreferrer\">Strat\u00e9gie europ\u00e9enne en faveur des droits des personnes handicap\u00e9es 2021-2030,<\/a>\u00a0du\u00a0<a href=\"https:\/\/www.autismeurope.org\/fr\/blog\/2021\/03\/05\/le-plan-daction-sur-le-socle-europeen-des-droits-sociaux\/\" target=\"_blank\" rel=\"noopener noreferrer\">Plan d\u2019action sur le socle europ\u00e9en des droits sociaux<\/a>, ainsi que l\u2019annonce de la\u00a0<a href=\"https:\/\/www.autismeurope.org\/blog\/2021\/03\/24\/eu-proposes-action-to-uphold-child-rights-and-support-children-in-need\/\" target=\"_blank\" rel=\"noopener noreferrer\">Garantie pour l\u2019enfance<\/a>\u00a0ont marqu\u00e9 les premiers mois de 2021. Ces jalons dans la d\u00e9fense des droits des personnes handicap\u00e9es dans l\u2019Union europ\u00e9enne rythmeront nos actions de campagne, l\u2019acc\u00e8s \u00e0 l\u2019\u00e9ducation et \u00e0 l\u2019emploi des personnes autistes \u00e9tant tr\u00e8s pr\u00e9sent dans ces instruments.<\/span><\/p>\n<p><span style=\"font-size: 12pt\">L\u2019ann\u00e9e derni\u00e8re a \u00e9t\u00e9 marqu\u00e9e par de nombreux changements et d\u00e9fis. Afin de mieux r\u00e9pondre aux besoins de la communaut\u00e9 autistique en cette p\u00e9riode, nous avons adapt\u00e9 notre campagne en tenant compte de la situation actuelle. Outre l\u2019acc\u00e8s \u00e0 l\u2019\u00e9ducation et \u00e0 l\u2019emploi, la campagne aborde \u00e9galement des sujets sp\u00e9cifiques li\u00e9s \u00e0 la COVID-19, notamment l\u2019enseignement \u00e0 distance, les am\u00e9nagements raisonnables, la sant\u00e9 mentale et les d\u00e9fis li\u00e9s \u00e0 la pand\u00e9mie.<\/span><\/p>\n<h2 class=\"entry-title\"><span style=\"font-size: 12pt\">\u00a0Le Webinaire \u00ab Je peux APPRENDRE. Je peux TRAVAILLER \u00bb<\/span><\/h2>\n<p><span style=\"font-size: 12pt\">\u00c0 l\u2019approche de la Journ\u00e9e mondiale de sensibilisation \u00e0 l\u2019autisme, Autisme-Europe organise un webinaire intitul\u00e9 \u00ab Je peux APPRENDRE. Je peux TRAVAILLER \u00bb dans le cadre de sa campagne de sensibilisation de longue haleine 2020-2021.\u00a0 Le webinaire aura lieu le mardi 30 mars \u00e0 12h00 (CET) et une version sur demande sera disponible apr\u00e8s le 30 avril.\u00a0<\/span><\/p>\n<p><span style=\"font-size: 12pt\">La commissaire europ\u00e9enne \u00e0 l\u2019\u00e9galit\u00e9 Helena Dalli et les membres du Parlement europ\u00e9en Katrin Langensiepen et Chiara Gemma apporteront un \u00e9clairage sur les droits et les besoins en mati\u00e8re d\u2019\u00e9ducation et d\u2019emploi des personnes handicap\u00e9es en Europe.\u00a0\u00a0Les personnes autistes et leurs familles, les organisations de l\u2019autisme, les professionnels, les employeurs, les d\u00e9cideurs politiques europ\u00e9ens ainsi que la population en g\u00e9n\u00e9ral sont appel\u00e9s \u00e0 prendre part \u00e0 cet \u00e9v\u00e9nement collaboratif.<\/span><\/p>\n<p><span style=\"font-size: 12pt\">Autisme-Europe appelle les personnes autiste et leurs familles \u00e0 participer en soumettant un court t\u00e9moignage vid\u00e9o qui sera pr\u00e9sent\u00e9 lors du s\u00e9minaire. Les vid\u00e9os peuvent \u00eatre soumises jusqu\u2019au dimanche 28 mars 2021 (23:59 CET).<\/span><\/p>\n<blockquote><p><span style=\"font-size: 12pt\"><strong><a href=\"https:\/\/www.autismeurope.org\/fr\/blog\/2021\/03\/15\/participez-a-notre-webinaire-je-peux-apprendre-je-peux-travailler\/\" target=\"_blank\" rel=\"noopener noreferrer\">En savoir plus<\/a><\/strong><a href=\"https:\/\/www.autismeurope.org\/wp-content\/uploads\/2021\/03\/Agenda-I-can-LEARN-I-can-WORK-on-demand-webinar.pdf\" target=\"_blank\" rel=\"noopener noreferrer\"><strong>T\u00e9l\u00e9charger l\u2019ordre du jour\u00a0<\/strong><\/a><\/span><\/p><\/blockquote>\n<p><span style=\"font-size: 12pt\">Le webinaire sera en anglais uniquement.<\/span><\/p>\n<blockquote><p><span style=\"font-size: 12pt\"><strong><a href=\"https:\/\/us02web.zoom.us\/webinar\/register\/WN_oOQFbHyhSIatjm5kiR9gjA\" target=\"_blank\" rel=\"noopener noreferrer\">S\u2019inscrire au webinaire ici<\/a><\/strong><\/span><\/p><\/blockquote>\n<h2><span style=\"font-size: 12pt\">Comment puis-je soutenir la campagne ?<\/span><\/h2>\n<p><span style=\"font-size: 12pt\"><img loading=\"lazy\" decoding=\"async\" class=\"aligncenter wp-image-43377 size-full\" src=\"https:\/\/www.autismeurope.org\/wp-content\/uploads\/2020\/02\/WAAD_2020-21_infographic_horizontal_AE-website-_FR.jpg\" alt=\"\" width=\"720\" height=\"271\" srcset=\"https:\/\/www.autismeurope.org\/wp-content\/uploads\/2020\/02\/WAAD_2020-21_infographic_horizontal_AE-website-_FR.jpg 720w, https:\/\/www.autismeurope.org\/wp-content\/uploads\/2020\/02\/WAAD_2020-21_infographic_horizontal_AE-website-_FR-300x113.jpg 300w\" sizes=\"auto, (max-width: 720px) 100vw, 720px\" \/><\/span><\/p>\n<ol>\n<li><span style=\"font-size: 12pt\">Trouvez un outil qui repr\u00e9sente l\u2019une de vos comp\u00e9tences et tenez-le en main;<\/span><\/li>\n<li><span style=\"font-size: 12pt\">Faites une vid\u00e9o\/un GIF de vous-m\u00eame tenant l\u2019outil (et \u00e9ventuellement en train d\u2019utiliser cet outil) ;<\/span><\/li>\n<li><span style=\"font-size: 12pt\">OU prenez une photo de vous l\u2019outil \u00e0 la main ;<\/span><\/li>\n<li><span style=\"font-size: 12pt\">Partagez votre vid\u00e9o ou votre photo sur les m\u00e9dias sociaux en utilisant le hashtag #AutismDay2021.<\/span><\/li>\n<\/ol>\n<p><span style=\"font-size: 12pt\">*Vous pouvez \u00e9galement prendre une photo de vous en train de tenir le visuel de la campagne.<\/span><\/p>\n<h2><span style=\"font-size: 12pt\">Le th\u00e8me et le geste de la\u00a0campagne<\/span><\/h2>\n<p><span style=\"font-size: 12pt\">Dans le cadre de sa strat\u00e9gie 2018-2021, Autisme-Europe promeut l\u2019acc\u00e8s \u00e0 une \u00e9ducation inclusive de qualit\u00e9 (y compris l\u2019acc\u00e8s \u00e0 l\u2019universit\u00e9 et \u00e0 la formation professionnelle) et l\u2019acc\u00e8s \u00e0 l\u2019emploi. Notre principal objectif est de renforcer l\u2019inclusion et la participation des personnes autistes en Europe et, \u00e0 terme, d\u2019am\u00e9liorer leur qualit\u00e9 de vie. Afin de faire \u00e9cho \u00e0 ce message \u00e0 l\u2019\u00e9chelle mondiale, le slogan de la campagne est \u00ab\u00a0Je peux apprendre. Je peux travailler\u00a0\u00bb.<\/span><\/p>\n<p><span style=\"font-size: 12pt\">Chaque membre de la soci\u00e9t\u00e9 \u2013 qu\u2019il soit autiste ou non \u2013 a des atouts qui peuvent lui permettre de progresser dans l\u2019\u00e9ducation et d\u2019acc\u00e9der avec succ\u00e8s \u00e0 l\u2019emploi. Par le biais de notre campagne, nous voulons que les adh\u00e9rents mettent en \u00e9vidence la diversit\u00e9 des capacit\u00e9s que la soci\u00e9t\u00e9 peut cultiver pour \u00eatre plus inclusive. Chacun est diff\u00e9rent et exprimera ses points forts de diff\u00e9rentes mani\u00e8res.<\/span><\/p>\n<p><span style=\"font-size: 12pt\">Tout le monde peut participer \u00e0 la campagne, qu\u2019il soit autiste ou non, pour montrer que personne ne doit \u00eatre exclu ou discrimin\u00e9. Les personnes autistes ne sont pas des citoyens de seconde classe, mais des membres \u00e0 part enti\u00e8re de la soci\u00e9t\u00e9. Les personnes autistes devraient avoir les m\u00eames chances d\u2019exprimer leur potentiel dans l\u2019\u00e9ducation et le monde du travail gr\u00e2ce \u00e0 des environnements accessibles et favorables, ainsi qu\u2019\u00e0 des am\u00e9nagements raisonnables. Toute personne \u00e0 l\u2019\u00e9cole, \u00e0 l\u2019universit\u00e9, en formation (professionnelle), en apprentissage ou au travail peut agir pour rendre la soci\u00e9t\u00e9 plus ouverte et plus inclusive de la diversit\u00e9.<\/span><\/p>\n<blockquote><p><span style=\"font-size: 12pt\"><a href=\"https:\/\/www.autismeurope.org\/wp-content\/uploads\/2020\/08\/Autism-Europes-campaign-2020-21_Boite-%C3%A0-outils-de-la-campagne.pdf\"><strong>T\u00e9l\u00e9charger la bo\u00eete \u00e0 outils de la campagne<\/strong><\/a><a href=\"https:\/\/www.autismeurope.org\/wp-content\/uploads\/2021\/03\/Autism-Europes-campaign-2020-21_Annex_FR_Final.pdf\"><strong>T\u00e9l\u00e9charger l\u2019annexe \u00e0 la boite \u00e0 outils de la campagne pour 2021<\/strong><\/a><\/span><\/p><\/blockquote>\n<h2><span style=\"font-size: 12pt\">La bo\u00eete \u00e0 outils de la campagne<\/span><\/h2>\n<p><span style=\"font-size: 12pt\">La bo\u00eete \u00e0 outils de la campagne explique l\u2019id\u00e9e derri\u00e8re le th\u00e8me et d\u00e9crit en d\u00e9tail comment et quand vous pouvez soutenir la campagne de la mani\u00e8re qui vous convient le mieux.\u00a0Ce document contient du mat\u00e9riel, des strat\u00e9gies et des\u00a0 recommandations sur la mani\u00e8re dont vous pouvez, vous aussi, donner de l\u2019\u00e9lan \u00e0 notre campagne de sensibilisation et contribuer \u00e0 sa r\u00e9ussite.<\/span><\/p>\n<p><span style=\"font-size: 12pt\">La bo\u00eete \u00e0 outils de la campagne contient :<\/span><\/p>\n<ul>\n<li><span style=\"font-size: 12pt\"><a href=\"https:\/\/www.dropbox.com\/sh\/3w8pwk2lo312doz\/AADhK7CdUDRH4UcfTQHfHYvna?dl=0\" target=\"_blank\" rel=\"noopener noreferrer\"><strong>L\u2019identit\u00e9 graphique et le langage\u00a0<\/strong><\/a>:\u00a0<a href=\"https:\/\/www.dropbox.com\/sh\/9xpue9gpl7qcqf9\/AAAbR7hDKXMruhbymn3aJSVFa\/logo?dl=0&amp;subfolder_nav_tracking=1\">visuel officiel de la campagne<\/a>\u00a0(dans 5 couleurs diff\u00e9rents),\u00a0<a href=\"https:\/\/www.dropbox.com\/sh\/3w8pwk2lo312doz\/AADhK7CdUDRH4UcfTQHfHYvna?dl=0\" target=\"_blank\" rel=\"noopener noreferrer\">police de caract\u00e8res<\/a>,\u00a0<a href=\"https:\/\/www.dropbox.com\/sh\/3w8pwk2lo312doz\/AADhK7CdUDRH4UcfTQHfHYvna?dl=0\" target=\"_blank\" rel=\"noopener noreferrer\">codes de couleur<\/a>,\u00a0<a href=\"https:\/\/www.dropbox.com\/sh\/3w8pwk2lo312doz\/AADhK7CdUDRH4UcfTQHfHYvna?dl=0\" target=\"_blank\" rel=\"noopener noreferrer\">ressources photo<\/a>, langage appropri\u00e9.<\/span><\/li>\n<li><span style=\"font-size: 12pt\"><a href=\"https:\/\/www.dropbox.com\/sh\/3w8pwk2lo312doz\/AADhK7CdUDRH4UcfTQHfHYvna?dl=0\" target=\"_blank\" rel=\"noopener noreferrer\"><strong>Outils marketing<\/strong><\/a>\u00a0:\u00a0<a href=\"https:\/\/www.dropbox.com\/sh\/3w8pwk2lo312doz\/AADhK7CdUDRH4UcfTQHfHYvna?dl=0\" target=\"_blank\" rel=\"noopener noreferrer\">banni\u00e8res de web<\/a>,\u00a0<a href=\"https:\/\/www.dropbox.com\/sh\/ytgw09foed5qm0l\/AABV4cgCtDriP0_DHeNUVcnqa?dl=0\" target=\"_blank\" rel=\"noopener noreferrer\">d\u00e9pliants<\/a>,\u00a0<a href=\"https:\/\/www.dropbox.com\/sh\/ytgw09foed5qm0l\/AABV4cgCtDriP0_DHeNUVcnqa?dl=0\" target=\"_blank\" rel=\"noopener noreferrer\">affiches<\/a>,\u00a0<a href=\"https:\/\/www.dropbox.com\/sh\/ytgw09foed5qm0l\/AABV4cgCtDriP0_DHeNUVcnqa?dl=0\" target=\"_blank\" rel=\"noopener noreferrer\">infographies<\/a>,\u00a0<a href=\"https:\/\/www.dropbox.com\/sh\/ytgw09foed5qm0l\/AABV4cgCtDriP0_DHeNUVcnqa?dl=0\" target=\"_blank\" rel=\"noopener noreferrer\">signature \u00e9lectronique<\/a>.<\/span><\/li>\n<li><span style=\"font-size: 12pt\"><a href=\"https:\/\/www.dropbox.com\/sh\/3w8pwk2lo312doz\/AADhK7CdUDRH4UcfTQHfHYvna?dl=0\" target=\"_blank\" rel=\"noopener noreferrer\"><strong>Outils promotionnels<\/strong><\/a>\u00a0:\u00a0<a href=\"https:\/\/www.dropbox.com\/sh\/ytgw09foed5qm0l\/AABV4cgCtDriP0_DHeNUVcnqa?dl=0\" target=\"_blank\" rel=\"noopener noreferrer\">Mod\u00e8le de document A4<\/a>,\u00a0<a href=\"https:\/\/www.dropbox.com\/sh\/ytgw09foed5qm0l\/AABV4cgCtDriP0_DHeNUVcnqa?dl=0\" target=\"_blank\" rel=\"noopener noreferrer\">carte de visite<\/a>,\u00a0<a href=\"https:\/\/www.dropbox.com\/sh\/ytgw09foed5qm0l\/AABV4cgCtDriP0_DHeNUVcnqa?dl=0\" target=\"_blank\" rel=\"noopener noreferrer\">banni\u00e8re \u00e0 rouleau<\/a>,\u00a0<a href=\"https:\/\/www.dropbox.com\/sh\/ytgw09foed5qm0l\/AABV4cgCtDriP0_DHeNUVcnqa?dl=0\" target=\"_blank\" rel=\"noopener noreferrer\">cartons tente pour table<\/a>.<\/span><\/li>\n<li><span style=\"font-size: 12pt\"><a href=\"https:\/\/www.dropbox.com\/sh\/3w8pwk2lo312doz\/AADhK7CdUDRH4UcfTQHfHYvna?dl=0\" target=\"_blank\" rel=\"noopener noreferrer\"><strong>Outils pour les r\u00e9seaux sociaux :<\/strong><\/a>\u00a0teasers et ressources pour\u00a0<a href=\"https:\/\/www.dropbox.com\/sh\/ytgw09foed5qm0l\/AABV4cgCtDriP0_DHeNUVcnqa?dl=0\" target=\"_blank\" rel=\"noopener noreferrer\">Facebook- LinkedIn<\/a>,\u00a0<a href=\"https:\/\/www.dropbox.com\/sh\/ytgw09foed5qm0l\/AABV4cgCtDriP0_DHeNUVcnqa?dl=0\" target=\"_blank\" rel=\"noopener noreferrer\">Twitter<\/a>\u00a0et\u00a0<a href=\"https:\/\/www.dropbox.com\/sh\/ytgw09foed5qm0l\/AABV4cgCtDriP0_DHeNUVcnqa?dl=0\" target=\"_blank\" rel=\"noopener noreferrer\">Instagram<\/a>.<\/span><\/li>\n<li><span style=\"font-size: 12pt\"><strong>Outils de plaidoyer et de relations publiques<\/strong>: Manifeste, communiqu\u00e9 de presse.<\/span><\/li>\n<li><span style=\"font-size: 12pt\"><a href=\"https:\/\/www.autismeurope.org\/easy-to-read\/wp-content\/uploads\/sites\/2\/2020\/12\/WAAD-2020_Guide_ETR_FR.pdf\" target=\"_blank\" rel=\"noopener noreferrer\"><strong>Version facile \u00e0 lire<\/strong><\/a>\u00a0de la bo\u00eete \u00e0 outils<\/span><\/li>\n<li><span style=\"font-size: 12pt\"><a href=\"https:\/\/www.autismeurope.org\/wp-content\/uploads\/2021\/03\/WAAD-2021_Annex_ETR_FR_Final.pdf\"><strong>Version facile \u00e0 lire<\/strong><\/a>\u00a0de l\u2019annexe.<\/span><\/li>\n<\/ul>\n<h2><span style=\"font-size: 12pt\">Temps forts de notre campagne<\/span><\/h2>\n<blockquote><p><span style=\"font-size: 12pt\"><strong><a href=\"https:\/\/spark.adobe.com\/page\/eQAYOtOFSjLDz\/\">Album photo de la campagne<\/a><\/strong><strong><a href=\"https:\/\/youtu.be\/f7WdwEuqijk\"><i><\/i>Vid\u00e9o de la campagne<\/a><\/strong><\/span><\/p><\/blockquote>\n","protected":false},"excerpt":{"rendered":"<p>Cliquez ici pour t\u00e9l\u00e9charger l\u2019annexe \u00e0 la boite \u00e0 outils de la campagne pour 2021, qui pr\u00e9sente les objectifs de la deuxi\u00e8me phase de la campagne. La publication de la\u00a0Strat\u00e9gie &hellip; <\/p>\n<p class=\"link-more\"><a href=\"https:\/\/www.autismeurope.org\/fr\/je-peux-apprendre-je-peux-travailler\/\" class=\"more-link\">Continue reading<span class=\"screen-reader-text\"> \u00ab\u00a0\u00ab Je peux APPRENDRE. Je peux TRAVAILLER \u00bb\u00a0\u00bb<\/span><\/a><\/p>\n","protected":false},"author":32,"featured_media":0,"parent":0,"menu_order":0,"comment_status":"closed","ping_status":"closed","template":"","meta":{"_acf_changed":false,"_bbp_topic_count":0,"_bbp_reply_count":0,"_bbp_total_topic_count":0,"_bbp_total_reply_count":0,"_bbp_voice_count":0,"_bbp_anonymous_reply_count":0,"_bbp_topic_count_hidden":0,"_bbp_reply_count_hidden":0,"_bbp_forum_subforum_count":0,"footnotes":""},"class_list":["post-47248","page","type-page","status-publish","hentry"],"acf":[],"_links":{"self":[{"href":"https:\/\/www.autismeurope.org\/fr\/wp-json\/wp\/v2\/pages\/47248","targetHints":{"allow":["GET"]}}],"collection":[{"href":"https:\/\/www.autismeurope.org\/fr\/wp-json\/wp\/v2\/pages"}],"about":[{"href":"https:\/\/www.autismeurope.org\/fr\/wp-json\/wp\/v2\/types\/page"}],"author":[{"embeddable":true,"href":"https:\/\/www.autismeurope.org\/fr\/wp-json\/wp\/v2\/users\/32"}],"replies":[{"embeddable":true,"href":"https:\/\/www.autismeurope.org\/fr\/wp-json\/wp\/v2\/comments?post=47248"}],"version-history":[{"count":2,"href":"https:\/\/www.autismeurope.org\/fr\/wp-json\/wp\/v2\/pages\/47248\/revisions"}],"predecessor-version":[{"id":47250,"href":"https:\/\/www.autismeurope.org\/fr\/wp-json\/wp\/v2\/pages\/47248\/revisions\/47250"}],"wp:attachment":[{"href":"https:\/\/www.autismeurope.org\/fr\/wp-json\/wp\/v2\/media?parent=47248"}],"curies":[{"name":"wp","href":"https:\/\/api.w.org\/{rel}","templated":true}]}}