{"id":47377,"date":"2023-02-22T16:38:34","date_gmt":"2023-02-22T15:38:34","guid":{"rendered":"https:\/\/www.autismeurope.org\/fr\/?page_id=47377"},"modified":"2023-02-22T16:38:34","modified_gmt":"2023-02-22T15:38:34","slug":"xiiie-congres-international-autisme-europe-cracovie-pologne-2022","status":"publish","type":"page","link":"https:\/\/www.autismeurope.org\/fr\/xiiie-congres-international-autisme-europe-cracovie-pologne-2022\/","title":{"rendered":"XIIIe Congr\u00e8s International Autisme-Europe, Cracovie, Pologne 2022"},"content":{"rendered":"<p>Le th\u00e8me choisi pour le Congr\u00e8s international 2022 d&rsquo;Autisme-Europe, accueilli par la Fondation JiM, \u00e9tait \u00ab\u00a0La vie: un voyage heureux\u00a0\u00bb. Il aborde le fait que l&rsquo;autisme est un voyage tout au long de la vie et met l&rsquo;accent sur le bien-\u00eatre de chaque personne autiste.<\/p>\n<p>T\u00e9l\u00e9chargez le <a href=\"https:\/\/autismcongress2022.org\/program?lang=en\" target=\"_blank\" rel=\"noopener\">programme ici<\/a> (disponible uniquement en anglais) pour d\u00e9couvrir l&rsquo;\u00e9ventail des questions cl\u00e9s qui ont \u00e9t\u00e9 d\u00e9battues. Le programme du congr\u00e8s se voulait stimulant, diversifi\u00e9 et inclusif.<\/p>\n<p><strong>Le programme a mis en lumi\u00e8re diff\u00e9rentes perspectives<\/strong>:<\/p>\n<ul>\n<li>Recherches ou pratiques dans le domaine de l&rsquo;autisme;<\/li>\n<li>Exemples de bonnes pratiques dans le domaine de l&rsquo;autisme;<\/li>\n<li>Exp\u00e9riences et initiatives personnelles.<\/li>\n<\/ul>\n<p>Visitez le site web du Congr\u00e8s pour en savoir plus sur sa 13e \u00e9dition: <a href=\"https:\/\/www.autismcongress2022.org\/?lang=fr\" target=\"_blank\" rel=\"noopener\">www.autismcongress2022.org<\/a>.<\/p>\n<p>&nbsp;<\/p>\n","protected":false},"excerpt":{"rendered":"<p>Le th\u00e8me choisi pour le Congr\u00e8s international 2022 d&rsquo;Autisme-Europe, accueilli par la Fondation JiM, \u00e9tait \u00ab\u00a0La vie: un voyage heureux\u00a0\u00bb. Il aborde le fait que l&rsquo;autisme est un voyage tout &hellip; <\/p>\n<p class=\"link-more\"><a href=\"https:\/\/www.autismeurope.org\/fr\/xiiie-congres-international-autisme-europe-cracovie-pologne-2022\/\" class=\"more-link\">Continue reading<span class=\"screen-reader-text\"> \u00ab\u00a0XIIIe Congr\u00e8s International Autisme-Europe, Cracovie, Pologne 2022\u00a0\u00bb<\/span><\/a><\/p>\n","protected":false},"author":32,"featured_media":0,"parent":0,"menu_order":0,"comment_status":"closed","ping_status":"closed","template":"","meta":{"_acf_changed":false,"_bbp_topic_count":0,"_bbp_reply_count":0,"_bbp_total_topic_count":0,"_bbp_total_reply_count":0,"_bbp_voice_count":0,"_bbp_anonymous_reply_count":0,"_bbp_topic_count_hidden":0,"_bbp_reply_count_hidden":0,"_bbp_forum_subforum_count":0,"footnotes":""},"class_list":["post-47377","page","type-page","status-publish","hentry"],"acf":[],"_links":{"self":[{"href":"https:\/\/www.autismeurope.org\/fr\/wp-json\/wp\/v2\/pages\/47377","targetHints":{"allow":["GET"]}}],"collection":[{"href":"https:\/\/www.autismeurope.org\/fr\/wp-json\/wp\/v2\/pages"}],"about":[{"href":"https:\/\/www.autismeurope.org\/fr\/wp-json\/wp\/v2\/types\/page"}],"author":[{"embeddable":true,"href":"https:\/\/www.autismeurope.org\/fr\/wp-json\/wp\/v2\/users\/32"}],"replies":[{"embeddable":true,"href":"https:\/\/www.autismeurope.org\/fr\/wp-json\/wp\/v2\/comments?post=47377"}],"version-history":[{"count":3,"href":"https:\/\/www.autismeurope.org\/fr\/wp-json\/wp\/v2\/pages\/47377\/revisions"}],"predecessor-version":[{"id":47380,"href":"https:\/\/www.autismeurope.org\/fr\/wp-json\/wp\/v2\/pages\/47377\/revisions\/47380"}],"wp:attachment":[{"href":"https:\/\/www.autismeurope.org\/fr\/wp-json\/wp\/v2\/media?parent=47377"}],"curies":[{"name":"wp","href":"https:\/\/api.w.org\/{rel}","templated":true}]}}