{"id":48989,"date":"2024-05-02T12:08:11","date_gmt":"2024-05-02T10:08:11","guid":{"rendered":"https:\/\/www.autismeurope.org\/fr\/?page_id=48989"},"modified":"2024-05-02T12:08:59","modified_gmt":"2024-05-02T10:08:59","slug":"14eme-congres-international-autisme-europe-dublin-irlande-11-13-septembre-2025","status":"publish","type":"page","link":"https:\/\/www.autismeurope.org\/fr\/14eme-congres-international-autisme-europe-dublin-irlande-11-13-septembre-2025\/","title":{"rendered":"14\u00e8me Congr\u00e8s International Autisme-Europe, Dublin, Irlande, 11-13 septembre 2025"},"content":{"rendered":"<p><span style=\"font-size: 12pt\">Dublin, la vibrante capitale de l&rsquo;Irlande, accueillera le 14e congr\u00e8s international d&rsquo;Autism-Europe<strong> du 11 au 13 septembre 2025<\/strong>. Sous le th\u00e8me \u00ab\u00a0<strong>Qualit\u00e9 de vie &#8211; Recherche, politique et pratique<\/strong>\u00ab\u00a0, le congr\u00e8s rassemblera des experts, les militants et toutes personnes concern\u00e9esde toute l&rsquo;Europe pour favoriser la compr\u00e9hension et l&rsquo;inclusion des personnes autistes.<\/span><\/p>\n<p><span style=\"font-size: 12pt\">Les participants peuvent s&rsquo;attendre \u00e0 un <a href=\"https:\/\/autismcongress2025.org\/programme-at-a-glance\/\">programme<\/a> vari\u00e9 et inclusif, avec des discussions sur la recherche, les meilleures pratiques et les exp\u00e9riences personnelles dans le domaine de l&rsquo;autisme. Que ce soit en tant qu&rsquo;orateur, exposant ou d\u00e9l\u00e9gu\u00e9, tous sont encourag\u00e9s \u00e0 se joindre \u00e0 ce voyage vers l&rsquo;acceptation et l&rsquo;\u00e9galit\u00e9 \u00e0 Dublin.<\/span><\/p>\n<p><span style=\"font-size: 12pt\">Pour plus d&rsquo;informations et des mises \u00e0 jour sur le congr\u00e8s, visitez le site web officiel : <a href=\"http:\/\/www.autismeurope2025.org\/\"><strong>www.autismeurope2025.org<\/strong><\/a>.<\/span><\/p>\n","protected":false},"excerpt":{"rendered":"<p>Dublin, la vibrante capitale de l&rsquo;Irlande, accueillera le 14e congr\u00e8s international d&rsquo;Autism-Europe du 11 au 13 septembre 2025. Sous le th\u00e8me \u00ab\u00a0Qualit\u00e9 de vie &#8211; Recherche, politique et pratique\u00ab\u00a0, le &hellip; <\/p>\n<p class=\"link-more\"><a href=\"https:\/\/www.autismeurope.org\/fr\/14eme-congres-international-autisme-europe-dublin-irlande-11-13-septembre-2025\/\" class=\"more-link\">Continue reading<span class=\"screen-reader-text\"> \u00ab\u00a014\u00e8me Congr\u00e8s International Autisme-Europe, Dublin, Irlande, 11-13 septembre 2025\u00a0\u00bb<\/span><\/a><\/p>\n","protected":false},"author":32,"featured_media":48960,"parent":0,"menu_order":0,"comment_status":"closed","ping_status":"closed","template":"","meta":{"_acf_changed":false,"_bbp_topic_count":0,"_bbp_reply_count":0,"_bbp_total_topic_count":0,"_bbp_total_reply_count":0,"_bbp_voice_count":0,"_bbp_anonymous_reply_count":0,"_bbp_topic_count_hidden":0,"_bbp_reply_count_hidden":0,"_bbp_forum_subforum_count":0,"footnotes":""},"class_list":["post-48989","page","type-page","status-publish","has-post-thumbnail","hentry"],"acf":[],"_links":{"self":[{"href":"https:\/\/www.autismeurope.org\/fr\/wp-json\/wp\/v2\/pages\/48989","targetHints":{"allow":["GET"]}}],"collection":[{"href":"https:\/\/www.autismeurope.org\/fr\/wp-json\/wp\/v2\/pages"}],"about":[{"href":"https:\/\/www.autismeurope.org\/fr\/wp-json\/wp\/v2\/types\/page"}],"author":[{"embeddable":true,"href":"https:\/\/www.autismeurope.org\/fr\/wp-json\/wp\/v2\/users\/32"}],"replies":[{"embeddable":true,"href":"https:\/\/www.autismeurope.org\/fr\/wp-json\/wp\/v2\/comments?post=48989"}],"version-history":[{"count":2,"href":"https:\/\/www.autismeurope.org\/fr\/wp-json\/wp\/v2\/pages\/48989\/revisions"}],"predecessor-version":[{"id":48991,"href":"https:\/\/www.autismeurope.org\/fr\/wp-json\/wp\/v2\/pages\/48989\/revisions\/48991"}],"wp:featuredmedia":[{"embeddable":true,"href":"https:\/\/www.autismeurope.org\/fr\/wp-json\/wp\/v2\/media\/48960"}],"wp:attachment":[{"href":"https:\/\/www.autismeurope.org\/fr\/wp-json\/wp\/v2\/media?parent=48989"}],"curies":[{"name":"wp","href":"https:\/\/api.w.org\/{rel}","templated":true}]}}