{"id":50899,"date":"2026-03-26T14:45:42","date_gmt":"2026-03-26T13:45:42","guid":{"rendered":"https:\/\/www.autismeurope.org\/fr\/?page_id=50899"},"modified":"2026-03-26T14:45:42","modified_gmt":"2026-03-26T13:45:42","slug":"campagne-actuelle-not-invisible-nos-temoignages-nos-droits","status":"publish","type":"page","link":"https:\/\/www.autismeurope.org\/fr\/que-faisons-nous\/journee-mondiale-de-sensibilisation-a-lautisme\/campagne-actuelle-not-invisible-nos-temoignages-nos-droits\/","title":{"rendered":"Campagne actuelle \u2013 Not invisible : nos t\u00e9moignages, nos droits"},"content":{"rendered":"<blockquote><p><span style=\"font-size: 14pt\"><strong>La campagne \u00ab Not Invisible \u00bb se poursuit ! Depuis son lancement en avril 2024, des personnes autistes et leurs familles \u00e0 travers l\u2019Europe ont partag\u00e9 leurs t\u00e9moignages, rendant visibles des obstacles et des d\u00e9fis trop souvent ignor\u00e9s, mais aussi leurs talents, leurs espoirs et les liens qu\u2019ils ont tiss\u00e9s dans la soci\u00e9t\u00e9.<\/strong><\/span><\/p>\n<p><span style=\"font-size: 14pt\"><strong>En 2026, notre campagne franchit une nouvelle \u00e9tape en permettant aux personnes autistes et \u00e0 leurs familles de disposer d\u2019une plateforme pour exprimer, dans leurs propres mots et selon le format souhait\u00e9, leurs points de vue, leurs pr\u00e9occupations et leurs aspirations et ainsi contribuer \u00e0 influencer la prise de d\u00e9cision au niveau europ\u00e9en. Cette initiative est particuli\u00e8rement opportune alors que la Commission europ\u00e9enne pr\u00e9pare la deuxi\u00e8me phase de la <\/strong><a href=\"https:\/\/commission.europa.eu\/strategy-and-policy\/policies\/justice-and-fundamental-rights\/disability\/union-equality-strategy-rights-persons-disabilities-2021-2030_en?prefLang=fr\"><strong>Strat\u00e9gie en faveur des droits des personnes handicap\u00e9es 2021-2030<\/strong><\/a><strong>.<\/strong><\/span><\/p><\/blockquote>\n<h2><span style=\"font-size: 14pt\"><strong>Des r\u00e9cits au changement politique<\/strong><\/span><\/h2>\n<p><span style=\"font-size: 12pt\">Une v\u00e9ritable inclusion n\u00e9cessite des changements concrets. C\u2019est pourquoi Autisme-Europe a \u00e9labor\u00e9 un manifeste dans lequel nous pr\u00e9sentons nos priorit\u00e9s pour la prochaine phase de la Strat\u00e9gie europ\u00e9enne en faveur des droits des personnes handicap\u00e9es. Ce manifeste constitue un appel direct \u00e0 l\u2019action adress\u00e9 aux d\u00e9cideurs politiques.<\/span><\/p>\n<p><span style=\"font-size: 12pt\">Au c\u0153ur de nos revendications se trouve un principe simple : les personnes autistes doivent pouvoir participer au d\u00e9bat politique. Aux c\u00f4t\u00e9s de nos organisations membres r\u00e9partie dans 40 pays, nous appelons \u00e0 :<\/span><\/p>\n<ul>\n<li><span style=\"font-size: 12pt\">rendre obligatoire une formation sur l\u2019autisme et les droits des personnes handicap\u00e9es pour les professionnels de l\u2019\u00e9ducation, de la sant\u00e9, de l\u2019emploi et de tous les services publics ;<\/span><\/li>\n<li><span style=\"font-size: 12pt\">investir dans des services de soutien communautaires, centr\u00e9s sur la personne, permettant aux personnes autistes de vivre de mani\u00e8re ind\u00e9pendante selon leurs choix et pr\u00e9f\u00e9rences ;<\/span><\/li>\n<li><span style=\"font-size: 12pt\">passer des r\u00e9gimes de tutelle \u00e0 des syst\u00e8mes de prise de d\u00e9cision assist\u00e9e qui respectent l\u2019ind\u00e9pendance de chaque individu ;<\/span><\/li>\n<li><span style=\"font-size: 12pt\">faciliter la reconnaissance mutuelle des diagnostics d\u2019autisme et harmoniser les \u00e9valuations du handicap entre les \u00c9tats membres de l\u2019UE, afin que la libre circulation devienne une r\u00e9alit\u00e9 pour les personnes autistes et leurs familles ;<\/span><\/li>\n<li><span style=\"font-size: 12pt\">rendre l\u2019\u00e9ducation inclusive et prendre des mesures significatives pour favoriser l\u2019emploi des personnes autistes afin de lever les obstacles qu\u2019elles rencontrent \u00e0 chaque \u00e9tape de la vie ;<\/span><\/li>\n<li><span style=\"font-size: 12pt\">mettre en \u0153uvre efficacement l\u2019accessibilit\u00e9 cognitive, sensorielle et \u00e0 la communication, et pas seulement l\u2019accessibilit\u00e9 physique ;<\/span><\/li>\n<li><span style=\"font-size: 12pt\">rendre effective la participation des personnes autistes et de leurs organisations \u00e0 la conception des politiques, \u00e0 la recherche et au suivi au niveau europ\u00e9en, national et r\u00e9gional.<\/span><\/li>\n<\/ul>\n<blockquote><p><span style=\"font-size: 12pt\"><a href=\"https:\/\/www.autismeurope.org\/wp-content\/uploads\/2018\/10\/Toolkit-2026_EN_compressed.pdf\"><strong>T\u00e9l\u00e9charger notre bo\u00eete \u00e0 outils 2026\u00a0<\/strong><\/a><\/span><\/p><\/blockquote>\n<h2><span style=\"font-size: 14pt\"><strong>Appel \u00e0 l\u2019action pour les d\u00e9cideurs politiques<\/strong><\/span><\/h2>\n<p><span style=\"font-size: 12pt\">Nous vous encourageons \u00e0 contacter vos d\u00e9cideurs politiques aux niveaux europ\u00e9en, national, r\u00e9gional et local et \u00e0 soutenir la campagne en partageant notre manifeste et les t\u00e9moignages de la communaut\u00e9 autiste. Un v\u00e9ritable changement ne peut voir le jour que si chacun a la possibilit\u00e9 de s&rsquo;exprimer.<\/span><\/p>\n<p><span style=\"font-size: 12pt\">Vous aussi, vous souhaitez nous envoyer votre t\u00e9moignage ? Nous en sommes ravis\u00a0! Dans ce cas, il vous suffit d\u2019envoyer le mat\u00e9riel \u00e0 <a href=\"mailto:communication@autismeurope.org\">communication@autismeurope.org<\/a><\/span><\/p>\n<blockquote><p><span style=\"font-size: 12pt\"><a href=\"https:\/\/www.autismeurope.org\/wp-content\/uploads\/2017\/03\/2026-Manifesto_Not-invisible.pdf\"><strong>Lire notre manifeste<\/strong><\/a><\/span><\/p>\n<p><span style=\"font-size: 12pt\"><a href=\"https:\/\/www.autismeurope.org\/wp-content\/uploads\/2017\/03\/WAAD-PLEDGE.pdf\"><strong>Lire notre d\u00e9claration d\u2019engagement<\/strong><\/a><\/span><\/p><\/blockquote>\n","protected":false},"excerpt":{"rendered":"<p>La campagne \u00ab Not Invisible \u00bb se poursuit ! Depuis son lancement en avril 2024, des personnes autistes et leurs familles \u00e0 travers l\u2019Europe ont partag\u00e9 leurs t\u00e9moignages, rendant visibles &hellip; <\/p>\n<p class=\"link-more\"><a href=\"https:\/\/www.autismeurope.org\/fr\/que-faisons-nous\/journee-mondiale-de-sensibilisation-a-lautisme\/campagne-actuelle-not-invisible-nos-temoignages-nos-droits\/\" class=\"more-link\">Continue reading<span class=\"screen-reader-text\"> \u00ab\u00a0Campagne actuelle \u2013 Not invisible : nos t\u00e9moignages, nos droits\u00a0\u00bb<\/span><\/a><\/p>\n","protected":false},"author":32,"featured_media":50887,"parent":3204,"menu_order":0,"comment_status":"closed","ping_status":"closed","template":"","meta":{"_acf_changed":false,"_bbp_topic_count":0,"_bbp_reply_count":0,"_bbp_total_topic_count":0,"_bbp_total_reply_count":0,"_bbp_voice_count":0,"_bbp_anonymous_reply_count":0,"_bbp_topic_count_hidden":0,"_bbp_reply_count_hidden":0,"_bbp_forum_subforum_count":0,"footnotes":""},"class_list":["post-50899","page","type-page","status-publish","has-post-thumbnail","hentry"],"acf":[],"_links":{"self":[{"href":"https:\/\/www.autismeurope.org\/fr\/wp-json\/wp\/v2\/pages\/50899","targetHints":{"allow":["GET"]}}],"collection":[{"href":"https:\/\/www.autismeurope.org\/fr\/wp-json\/wp\/v2\/pages"}],"about":[{"href":"https:\/\/www.autismeurope.org\/fr\/wp-json\/wp\/v2\/types\/page"}],"author":[{"embeddable":true,"href":"https:\/\/www.autismeurope.org\/fr\/wp-json\/wp\/v2\/users\/32"}],"replies":[{"embeddable":true,"href":"https:\/\/www.autismeurope.org\/fr\/wp-json\/wp\/v2\/comments?post=50899"}],"version-history":[{"count":1,"href":"https:\/\/www.autismeurope.org\/fr\/wp-json\/wp\/v2\/pages\/50899\/revisions"}],"predecessor-version":[{"id":50900,"href":"https:\/\/www.autismeurope.org\/fr\/wp-json\/wp\/v2\/pages\/50899\/revisions\/50900"}],"up":[{"embeddable":true,"href":"https:\/\/www.autismeurope.org\/fr\/wp-json\/wp\/v2\/pages\/3204"}],"wp:featuredmedia":[{"embeddable":true,"href":"https:\/\/www.autismeurope.org\/fr\/wp-json\/wp\/v2\/media\/50887"}],"wp:attachment":[{"href":"https:\/\/www.autismeurope.org\/fr\/wp-json\/wp\/v2\/media?parent=50899"}],"curies":[{"name":"wp","href":"https:\/\/api.w.org\/{rel}","templated":true}]}}